{"id":16758,"date":"2024-07-10T22:59:02","date_gmt":"2024-07-10T22:59:02","guid":{"rendered":"https:\/\/para-pharmacity.tn\/?product=dermedic-hyd-3-anti-age-cr-jour"},"modified":"2024-07-22T13:13:31","modified_gmt":"2024-07-22T13:13:31","slug":"dermedic-hyd-3-anti-age-cr-jour","status":"publish","type":"product","link":"https:\/\/para-pharmacity.tn\/?product=dermedic-hyd-3-anti-age-cr-jour","title":{"rendered":"DERMEDIC HYD 3 ANTI AGE CR JOUR"},"content":{"rendered":"<p style=\"font-weight: 400\">La Cr\u00e9me Dermedic Hydrain3 Hialuro Anti-Age vous aidera \u00e0 obtenir une belle peau sans aucune ride.<\/p>\n<p style=\"font-weight: 400\">Cette Cr\u00e9me Hydrain 3 anti-age recommand\u00e9e pour les peaux s\u00e8ches, tr\u00e8s s\u00e8ches et d\u00e9shydrat\u00e9es. Elle permet de r\u00e9duire le nombre et la profondeur des rides mimiques et statiques prot\u00e8ger des radicaux libres et inhibe la m\u00e9lanog\u00e9n\u00e8se<\/p>\n<p style=\"font-weight: 400\">\u00a0Syst\u00e8me de protection anti-\u00e2ge int\u00e9gr\u00e9 par hydratation de la peau<\/p>\n<p style=\"font-weight: 400\">Protection contre les effets du soleil &#8211; Filtre SPF 15<\/p>\n<h3>Conseils D&rsquo;utilisation:<\/h3>\n<p style=\"font-weight: 400\">Il est recommand\u00e9 d&rsquo;appliquer uniform\u00e9ment sur le visage, le cou et le d\u00e9collet\u00e9 nettoy\u00e9s et laisser absorber<\/p>\n","protected":false},"excerpt":{"rendered":"<p>La Cr\u00e9me Dermedic Hydrain3 Hialuro Anti-Age vous aidera \u00e0 obtenir une belle peau sans aucune ride.<\/p>\n","protected":false},"featured_media":22785,"comment_status":"open","ping_status":"closed","template":"","meta":[],"product_cat":[20],"product_tag":[],"class_list":{"0":"post-16758","1":"product","2":"type-product","3":"status-publish","4":"has-post-thumbnail","6":"product_cat-accessories","8":"first","9":"instock","10":"shipping-taxable","11":"product-type-simple"},"jetpack_sharing_enabled":true,"_links":{"self":[{"href":"https:\/\/para-pharmacity.tn\/index.php?rest_route=\/wp\/v2\/product\/16758","targetHints":{"allow":["GET"]}}],"collection":[{"href":"https:\/\/para-pharmacity.tn\/index.php?rest_route=\/wp\/v2\/product"}],"about":[{"href":"https:\/\/para-pharmacity.tn\/index.php?rest_route=\/wp\/v2\/types\/product"}],"replies":[{"embeddable":true,"href":"https:\/\/para-pharmacity.tn\/index.php?rest_route=%2Fwp%2Fv2%2Fcomments&post=16758"}],"version-history":[{"count":2,"href":"https:\/\/para-pharmacity.tn\/index.php?rest_route=\/wp\/v2\/product\/16758\/revisions"}],"predecessor-version":[{"id":22787,"href":"https:\/\/para-pharmacity.tn\/index.php?rest_route=\/wp\/v2\/product\/16758\/revisions\/22787"}],"wp:featuredmedia":[{"embeddable":true,"href":"https:\/\/para-pharmacity.tn\/index.php?rest_route=\/wp\/v2\/media\/22785"}],"wp:attachment":[{"href":"https:\/\/para-pharmacity.tn\/index.php?rest_route=%2Fwp%2Fv2%2Fmedia&parent=16758"}],"wp:term":[{"taxonomy":"product_cat","embeddable":true,"href":"https:\/\/para-pharmacity.tn\/index.php?rest_route=%2Fwp%2Fv2%2Fproduct_cat&post=16758"},{"taxonomy":"product_tag","embeddable":true,"href":"https:\/\/para-pharmacity.tn\/index.php?rest_route=%2Fwp%2Fv2%2Fproduct_tag&post=16758"}],"curies":[{"name":"wp","href":"https:\/\/api.w.org\/{rel}","templated":true}]}}