{"id":16754,"date":"2024-07-10T22:59:00","date_gmt":"2024-07-10T22:59:00","guid":{"rendered":"https:\/\/para-pharmacity.tn\/?product=dermedic-coff-hyd3-serumeau-micc500-50"},"modified":"2024-07-22T13:04:39","modified_gmt":"2024-07-22T13:04:39","slug":"dermedic-coff-hyd3-serumeau-micc500-50","status":"publish","type":"product","link":"https:\/\/para-pharmacity.tn\/?product=dermedic-coff-hyd3-serumeau-micc500-50","title":{"rendered":"DERMEDIC COFF HYD3 SERUM+EAU MICC500-50%"},"content":{"rendered":"<p>DERMEDIC HYDRAIN 3 SERUM 30ML<\/p>\n<p>S\u00e9rum hydratant visage, cou et d\u00e9collet\u00e9 de la s\u00e9rie DERMEDIC HYDRAIN 3. HIALURO est un produit con\u00e7u pour le soin des peaux s\u00e8ches et tr\u00e8s s\u00e8ches dans des conditions de forte s\u00e9cheresse ou alternativement avec la cr\u00e8me Hydrain3 pour renforcer les soins de base. Il n irrite pas \u2013 un produit hypoallerg\u00e9nique.<\/p>\n<p>-DERMEDIC HYDRAIN 3 EAU MICELLAIRE 500 ML<\/p>\n<p>Il enl\u00e8ve le maquillage et toutes les impuret\u00e9s, vous laissant une sensation de fra\u00eecheur et de propret\u00e9 Il adoucit et maintient l hydratation de la couche corn\u00e9e Il ne bouche pas les pores et laisse le film sur la peau Il n irrite pas les yeux Test\u00e9 ophtalmologiquement hypoallerg\u00e9nique.<\/p>\n","protected":false},"excerpt":{"rendered":"<p>DERMEDIC HYDRAIN 3 SERUM 30ML S\u00e9rum hydratant visage, cou et d\u00e9collet\u00e9 de la s\u00e9rie DERMEDIC HYDRAIN 3. HIALURO est un<\/p>\n","protected":false},"featured_media":22779,"comment_status":"open","ping_status":"closed","template":"","meta":[],"product_cat":[20],"product_tag":[],"class_list":{"0":"post-16754","1":"product","2":"type-product","3":"status-publish","4":"has-post-thumbnail","6":"product_cat-accessories","8":"first","9":"instock","10":"shipping-taxable","11":"product-type-simple"},"jetpack_sharing_enabled":true,"_links":{"self":[{"href":"https:\/\/para-pharmacity.tn\/index.php?rest_route=\/wp\/v2\/product\/16754","targetHints":{"allow":["GET"]}}],"collection":[{"href":"https:\/\/para-pharmacity.tn\/index.php?rest_route=\/wp\/v2\/product"}],"about":[{"href":"https:\/\/para-pharmacity.tn\/index.php?rest_route=\/wp\/v2\/types\/product"}],"replies":[{"embeddable":true,"href":"https:\/\/para-pharmacity.tn\/index.php?rest_route=%2Fwp%2Fv2%2Fcomments&post=16754"}],"version-history":[{"count":1,"href":"https:\/\/para-pharmacity.tn\/index.php?rest_route=\/wp\/v2\/product\/16754\/revisions"}],"predecessor-version":[{"id":22780,"href":"https:\/\/para-pharmacity.tn\/index.php?rest_route=\/wp\/v2\/product\/16754\/revisions\/22780"}],"wp:featuredmedia":[{"embeddable":true,"href":"https:\/\/para-pharmacity.tn\/index.php?rest_route=\/wp\/v2\/media\/22779"}],"wp:attachment":[{"href":"https:\/\/para-pharmacity.tn\/index.php?rest_route=%2Fwp%2Fv2%2Fmedia&parent=16754"}],"wp:term":[{"taxonomy":"product_cat","embeddable":true,"href":"https:\/\/para-pharmacity.tn\/index.php?rest_route=%2Fwp%2Fv2%2Fproduct_cat&post=16754"},{"taxonomy":"product_tag","embeddable":true,"href":"https:\/\/para-pharmacity.tn\/index.php?rest_route=%2Fwp%2Fv2%2Fproduct_tag&post=16754"}],"curies":[{"name":"wp","href":"https:\/\/api.w.org\/{rel}","templated":true}]}}