{"id":16752,"date":"2024-07-10T22:59:00","date_gmt":"2024-07-10T22:59:00","guid":{"rendered":"https:\/\/para-pharmacity.tn\/?product=dermedic-capilarte-shamp-ap-ch-sensibles"},"modified":"2024-07-22T12:05:28","modified_gmt":"2024-07-22T12:05:28","slug":"dermedic-capilarte-shamp-ap-ch-sensibles","status":"publish","type":"product","link":"https:\/\/para-pharmacity.tn\/?product=dermedic-capilarte-shamp-ap-ch-sensibles","title":{"rendered":"DERMEDIC CAPILARTE SHAMP AP CH SENSIBLES"},"content":{"rendered":"<h4><span style=\"color: #70ad47\">Description\u00a0:<\/span><\/h4>\n<p>Les cheveux sont un \u00e9l\u00e9ment extr\u00eamement important de l&rsquo;image de chaque personne. La condition n\u00e9cessaire pour des cheveux sains et beaux est un cuir chevelu sain. Des facteurs tels que diverses maladies (g\u00e9n\u00e9tiques, auto-immunes ou hormonales), les \u00e9tats inflammatoires corporels, le stress, la malbouffe, une mauvaise alimentation, la pollution de l&rsquo;environnement ainsi que des soins incorrects ou des proc\u00e9dures de coiffure trop intensives causent de nombreux probl\u00e8mes au cuir chevelu et endommagent son \u00e9quilibre microbiologique. Les maladies d&rsquo;abondance de plus en plus fr\u00e9quentes telles que la calvitie, la chute excessive des cheveux et la faiblesse capillaire, les pellicules ou une sensibilit\u00e9 excessive du cuir chevelu contribuent \u00e0 une diminution du bien-\u00eatre, une diminution de l&rsquo;estime de soi des patients, une sensation de manque d&rsquo;attrait voire de rejet. Afin de garder vos cheveux en bon \u00e9tat, vous devez prendre soin de votre cuir chevelu. Capilarte est une gamme compl\u00e8te de produits de traitement des cheveux et du cuir chevelu pour hommes et femmes. Nettoie le cuir chevelu Il stimule la croissance des cheveux et pr\u00e9vient la chute excessive des cheveux Il nourrit les follicules pileux et renforce la tige capillaire Il r\u00e9gule et calme le travail des glandes s\u00e9bac\u00e9es, r\u00e9duit la s\u00e9borrh\u00e9e R\u00e9duit visiblement l&rsquo;effet des cheveux gras Il a des propri\u00e9t\u00e9s antibact\u00e9riennes et antifongiques Restaure l&rsquo;\u00e9quilibre du microbiome \u00e9pidermique<\/p>\n","protected":false},"excerpt":{"rendered":"<p>Nettoie le cuir chevelu Il stimule la croissance des cheveux et pr\u00e9vient la chute excessive des cheveux<\/p>\n","protected":false},"featured_media":22774,"comment_status":"open","ping_status":"closed","template":"","meta":[],"product_cat":[20],"product_tag":[],"class_list":{"0":"post-16752","1":"product","2":"type-product","3":"status-publish","4":"has-post-thumbnail","6":"product_cat-accessories","8":"first","9":"instock","10":"shipping-taxable","11":"product-type-simple"},"jetpack_sharing_enabled":true,"_links":{"self":[{"href":"https:\/\/para-pharmacity.tn\/index.php?rest_route=\/wp\/v2\/product\/16752","targetHints":{"allow":["GET"]}}],"collection":[{"href":"https:\/\/para-pharmacity.tn\/index.php?rest_route=\/wp\/v2\/product"}],"about":[{"href":"https:\/\/para-pharmacity.tn\/index.php?rest_route=\/wp\/v2\/types\/product"}],"replies":[{"embeddable":true,"href":"https:\/\/para-pharmacity.tn\/index.php?rest_route=%2Fwp%2Fv2%2Fcomments&post=16752"}],"version-history":[{"count":2,"href":"https:\/\/para-pharmacity.tn\/index.php?rest_route=\/wp\/v2\/product\/16752\/revisions"}],"predecessor-version":[{"id":22775,"href":"https:\/\/para-pharmacity.tn\/index.php?rest_route=\/wp\/v2\/product\/16752\/revisions\/22775"}],"wp:featuredmedia":[{"embeddable":true,"href":"https:\/\/para-pharmacity.tn\/index.php?rest_route=\/wp\/v2\/media\/22774"}],"wp:attachment":[{"href":"https:\/\/para-pharmacity.tn\/index.php?rest_route=%2Fwp%2Fv2%2Fmedia&parent=16752"}],"wp:term":[{"taxonomy":"product_cat","embeddable":true,"href":"https:\/\/para-pharmacity.tn\/index.php?rest_route=%2Fwp%2Fv2%2Fproduct_cat&post=16752"},{"taxonomy":"product_tag","embeddable":true,"href":"https:\/\/para-pharmacity.tn\/index.php?rest_route=%2Fwp%2Fv2%2Fproduct_tag&post=16752"}],"curies":[{"name":"wp","href":"https:\/\/api.w.org\/{rel}","templated":true}]}}