{"id":16751,"date":"2024-07-10T22:58:59","date_gmt":"2024-07-10T22:58:59","guid":{"rendered":"https:\/\/para-pharmacity.tn\/?product=dermedic-capilarte-shamp-anti-pell"},"modified":"2024-07-22T12:01:33","modified_gmt":"2024-07-22T12:01:33","slug":"dermedic-capilarte-shamp-anti-pell","status":"publish","type":"product","link":"https:\/\/para-pharmacity.tn\/?product=dermedic-capilarte-shamp-anti-pell","title":{"rendered":"DERMEDIC CAPILARTE SHAMP ANTI PELL"},"content":{"rendered":"<p>Le shampooing Dermedic Capilarte anti-pelliculaire a des propri\u00e9t\u00e9s anti-infectieuses et est recommand\u00e9 pour les pellicules s\u00e8ches et grasses. Le produit lutte contre les pellicules et emp\u00eache leur r\u00e9apparition.\u00a0Nettoie en douceur le cuir chevelu et les cheveuxPr\u00e9vient les causes et r\u00e9duit les sympt\u00f4mes des pellicules de diverses \u00e9tiologiesR\u00e9gule la r\u00e9paration des cellules cutan\u00e9esNormalise l&rsquo;activit\u00e9 des glandes s\u00e9bac\u00e9esApaise les irritations et r\u00e9duit les d\u00e9mangeaisonsIl a des propri\u00e9t\u00e9s antifongiques et antifongiques.Emp\u00eache la rechute des pelliculesMode d&rsquo;application: appliquer le shampooing sur cheveux humides, masser jusqu&rsquo;\u00e0 formation de mousse, laisser reposer 3 minutes. Rincer abondamment \u00e0 l&rsquo;eau. Si le shampooing entre en contact avec vos yeux, rincez abondamment \u00e0 l&rsquo;eau.<\/p>\n","protected":false},"excerpt":{"rendered":"<p>Le shampooing Dermedic Capilarte anti-pelliculaire a des propri\u00e9t\u00e9s anti-infectieuses et est recommand\u00e9 pour les pellicules s\u00e8ches et grasses. Le produit<\/p>\n","protected":false},"featured_media":22771,"comment_status":"open","ping_status":"closed","template":"","meta":[],"product_cat":[20],"product_tag":[],"class_list":{"0":"post-16751","1":"product","2":"type-product","3":"status-publish","4":"has-post-thumbnail","6":"product_cat-accessories","8":"first","9":"instock","10":"shipping-taxable","11":"product-type-simple"},"jetpack_sharing_enabled":true,"_links":{"self":[{"href":"https:\/\/para-pharmacity.tn\/index.php?rest_route=\/wp\/v2\/product\/16751","targetHints":{"allow":["GET"]}}],"collection":[{"href":"https:\/\/para-pharmacity.tn\/index.php?rest_route=\/wp\/v2\/product"}],"about":[{"href":"https:\/\/para-pharmacity.tn\/index.php?rest_route=\/wp\/v2\/types\/product"}],"replies":[{"embeddable":true,"href":"https:\/\/para-pharmacity.tn\/index.php?rest_route=%2Fwp%2Fv2%2Fcomments&post=16751"}],"version-history":[{"count":1,"href":"https:\/\/para-pharmacity.tn\/index.php?rest_route=\/wp\/v2\/product\/16751\/revisions"}],"predecessor-version":[{"id":22772,"href":"https:\/\/para-pharmacity.tn\/index.php?rest_route=\/wp\/v2\/product\/16751\/revisions\/22772"}],"wp:featuredmedia":[{"embeddable":true,"href":"https:\/\/para-pharmacity.tn\/index.php?rest_route=\/wp\/v2\/media\/22771"}],"wp:attachment":[{"href":"https:\/\/para-pharmacity.tn\/index.php?rest_route=%2Fwp%2Fv2%2Fmedia&parent=16751"}],"wp:term":[{"taxonomy":"product_cat","embeddable":true,"href":"https:\/\/para-pharmacity.tn\/index.php?rest_route=%2Fwp%2Fv2%2Fproduct_cat&post=16751"},{"taxonomy":"product_tag","embeddable":true,"href":"https:\/\/para-pharmacity.tn\/index.php?rest_route=%2Fwp%2Fv2%2Fproduct_tag&post=16751"}],"curies":[{"name":"wp","href":"https:\/\/api.w.org\/{rel}","templated":true}]}}