{"id":16750,"date":"2024-07-10T22:58:59","date_gmt":"2024-07-10T22:58:59","guid":{"rendered":"https:\/\/para-pharmacity.tn\/?product=dermedic-capilarte-shamp-anti-chute-rep"},"modified":"2024-07-22T11:58:39","modified_gmt":"2024-07-22T11:58:39","slug":"dermedic-capilarte-shamp-anti-chute-rep","status":"publish","type":"product","link":"https:\/\/para-pharmacity.tn\/?product=dermedic-capilarte-shamp-anti-chute-rep","title":{"rendered":"DERMEDIC CAPILARTE SHAMP ANTI CHUTE REP"},"content":{"rendered":"<p>Le shampooing Dermedic Capilarte stimulant et renouvelant la croissance des cheveux est un outil sp\u00e9cial pour les femmes et les hommes confront\u00e9s au probl\u00e8me de l\u2019augmentation de la chute pr\u00e9matur\u00e9e des cheveux de diverses \u00e9tiologies, notamment hormonales et g\u00e9n\u00e9tiques.<\/p>\n","protected":false},"excerpt":{"rendered":"<p>Le shampooing Dermedic Capilarte stimulant et renouvelant la croissance des cheveux est un outil sp\u00e9cial pour les femmes et les<\/p>\n","protected":false},"featured_media":22769,"comment_status":"open","ping_status":"closed","template":"","meta":[],"product_cat":[20],"product_tag":[],"class_list":{"0":"post-16750","1":"product","2":"type-product","3":"status-publish","4":"has-post-thumbnail","6":"product_cat-accessories","8":"first","9":"instock","10":"shipping-taxable","11":"product-type-simple"},"jetpack_sharing_enabled":true,"_links":{"self":[{"href":"https:\/\/para-pharmacity.tn\/index.php?rest_route=\/wp\/v2\/product\/16750","targetHints":{"allow":["GET"]}}],"collection":[{"href":"https:\/\/para-pharmacity.tn\/index.php?rest_route=\/wp\/v2\/product"}],"about":[{"href":"https:\/\/para-pharmacity.tn\/index.php?rest_route=\/wp\/v2\/types\/product"}],"replies":[{"embeddable":true,"href":"https:\/\/para-pharmacity.tn\/index.php?rest_route=%2Fwp%2Fv2%2Fcomments&post=16750"}],"version-history":[{"count":2,"href":"https:\/\/para-pharmacity.tn\/index.php?rest_route=\/wp\/v2\/product\/16750\/revisions"}],"predecessor-version":[{"id":22770,"href":"https:\/\/para-pharmacity.tn\/index.php?rest_route=\/wp\/v2\/product\/16750\/revisions\/22770"}],"wp:featuredmedia":[{"embeddable":true,"href":"https:\/\/para-pharmacity.tn\/index.php?rest_route=\/wp\/v2\/media\/22769"}],"wp:attachment":[{"href":"https:\/\/para-pharmacity.tn\/index.php?rest_route=%2Fwp%2Fv2%2Fmedia&parent=16750"}],"wp:term":[{"taxonomy":"product_cat","embeddable":true,"href":"https:\/\/para-pharmacity.tn\/index.php?rest_route=%2Fwp%2Fv2%2Fproduct_cat&post=16750"},{"taxonomy":"product_tag","embeddable":true,"href":"https:\/\/para-pharmacity.tn\/index.php?rest_route=%2Fwp%2Fv2%2Fproduct_tag&post=16750"}],"curies":[{"name":"wp","href":"https:\/\/api.w.org\/{rel}","templated":true}]}}