{"id":16748,"date":"2024-07-10T22:58:59","date_gmt":"2024-07-10T22:58:59","guid":{"rendered":"https:\/\/para-pharmacity.tn\/?product=dermedic-capilarte-shamp-anti-ch-fins"},"modified":"2024-07-22T11:50:10","modified_gmt":"2024-07-22T11:50:10","slug":"dermedic-capilarte-shamp-anti-ch-fins","status":"publish","type":"product","link":"https:\/\/para-pharmacity.tn\/?product=dermedic-capilarte-shamp-anti-ch-fins","title":{"rendered":"DERMEDIC CAPILARTE SHAMP ANTI CH FINS"},"content":{"rendered":"<p>Le shampooing Dermedic Capilarte stimulant et renouvelant la croissance des cheveux est un outil sp\u00e9cial pour les femmes et les hommes confront\u00e9s au probl\u00e8me de l&rsquo;augmentation de la chute pr\u00e9matur\u00e9e des cheveux de diverses \u00e9tiologies, notamment hormonales et g\u00e9n\u00e9tiques. Nettoie en douceur les cheveux et le cuir chevelu.<\/p>\n<p>Stimule la microcirculation du cuir chevelu et nourrit intens\u00e9ment les cellules du follicule pileux.<\/p>\n<p>Stimule et am\u00e9liore les cellules du follicule pileuxProlonge la phase anag\u00e8ne de la croissance des cheveuxR\u00e9duit la chute des cheveuxStimule la croissance de nouvelles tiges de cheveux solidesAugmente le volume et l&rsquo;\u00e9paisseur des cheveux.<\/p>\n","protected":false},"excerpt":{"rendered":"<p>Le shampooing Dermedic Capilarte stimulant et renouvelant la croissance des cheveux est un outil sp\u00e9cial pour les femmes et les hommes confront\u00e9s au probl\u00e8me de l&rsquo;augmentation de la chute pr\u00e9matur\u00e9e des cheveux de diverses \u00e9tiologies, notamment hormonales et g\u00e9n\u00e9tiques.<\/p>\n","protected":false},"featured_media":22763,"comment_status":"open","ping_status":"closed","template":"","meta":[],"product_cat":[20],"product_tag":[],"class_list":{"0":"post-16748","1":"product","2":"type-product","3":"status-publish","4":"has-post-thumbnail","6":"product_cat-accessories","8":"first","9":"instock","10":"shipping-taxable","11":"product-type-simple"},"jetpack_sharing_enabled":true,"_links":{"self":[{"href":"https:\/\/para-pharmacity.tn\/index.php?rest_route=\/wp\/v2\/product\/16748","targetHints":{"allow":["GET"]}}],"collection":[{"href":"https:\/\/para-pharmacity.tn\/index.php?rest_route=\/wp\/v2\/product"}],"about":[{"href":"https:\/\/para-pharmacity.tn\/index.php?rest_route=\/wp\/v2\/types\/product"}],"replies":[{"embeddable":true,"href":"https:\/\/para-pharmacity.tn\/index.php?rest_route=%2Fwp%2Fv2%2Fcomments&post=16748"}],"version-history":[{"count":2,"href":"https:\/\/para-pharmacity.tn\/index.php?rest_route=\/wp\/v2\/product\/16748\/revisions"}],"predecessor-version":[{"id":22764,"href":"https:\/\/para-pharmacity.tn\/index.php?rest_route=\/wp\/v2\/product\/16748\/revisions\/22764"}],"wp:featuredmedia":[{"embeddable":true,"href":"https:\/\/para-pharmacity.tn\/index.php?rest_route=\/wp\/v2\/media\/22763"}],"wp:attachment":[{"href":"https:\/\/para-pharmacity.tn\/index.php?rest_route=%2Fwp%2Fv2%2Fmedia&parent=16748"}],"wp:term":[{"taxonomy":"product_cat","embeddable":true,"href":"https:\/\/para-pharmacity.tn\/index.php?rest_route=%2Fwp%2Fv2%2Fproduct_cat&post=16748"},{"taxonomy":"product_tag","embeddable":true,"href":"https:\/\/para-pharmacity.tn\/index.php?rest_route=%2Fwp%2Fv2%2Fproduct_tag&post=16748"}],"curies":[{"name":"wp","href":"https:\/\/api.w.org\/{rel}","templated":true}]}}