{"id":16747,"date":"2024-07-10T22:58:58","date_gmt":"2024-07-10T22:58:58","guid":{"rendered":"https:\/\/para-pharmacity.tn\/?product=dermedic-capilarte-serum-anti-chute"},"modified":"2024-07-22T11:46:24","modified_gmt":"2024-07-22T11:46:24","slug":"dermedic-capilarte-serum-anti-chute","status":"publish","type":"product","link":"https:\/\/para-pharmacity.tn\/?product=dermedic-capilarte-serum-anti-chute","title":{"rendered":"DERMEDIC CAPILARTE SERUM ANTI CHUTE"},"content":{"rendered":"<h2><strong>Description<\/strong><\/h2>\n<p>Le s\u00e9rum Dermedic Capilarte stimulant et renouvelant la pousse des cheveux est destin\u00e9 au traitement de la chute pr\u00e9matur\u00e9e des cheveux de diverses \u00e9tiologies, notamment hormonales et g\u00e9n\u00e9tiques, chez la femme comme chez l&rsquo;homme.<\/p>\n<p>Nourrit intens\u00e9ment les cellules du follicule pileux et \u00e9largit la phase anag\u00e8ne de la croissance des cheveuxProt\u00e8ge et r\u00e9g\u00e9n\u00e8re les cellules du follicule pileux et am\u00e9liore leur viabilit\u00e9Stimule la microcirculation dans le cuir chevelu, am\u00e9liorant ainsi l&rsquo;oxyg\u00e9nation de la matrice capillaireStimule la croissance de nouveaux cheveux bien structur\u00e9sAugmente le volume et r\u00e9duit nettement la chute des cheveuxIl bloque la production de dihydrotestost\u00e9rone (DHT) &#8211; l&rsquo;hormone responsable du raccourcissement de la phase de croissance des cheveux et de la miniaturisation des follicules pileux.<\/p>\n<p>Pour augmenter l&rsquo;efficacit\u00e9, il est recommand\u00e9 d&rsquo;utiliser le shampooing Dermedic Capilarte, qui stimule et reprend la pousse des cheveux.<\/p>\n<h2><strong>Conseil d&rsquo;utilisation<\/strong><\/h2>\n<p>Appliquer le produit sur un cuir chevelu propre et humide. Massez doucement le s\u00e9rum sur le cuir chevelu, ne rincez pas \u00e0 l&rsquo;eau. En cas de contact avec les yeux, rincer abondamment \u00e0 l&rsquo;eau.<\/p>\n","protected":false},"excerpt":{"rendered":"<p>Le s\u00e9rum Dermedic Capilarte stimulant et renouvelant la pousse des cheveux est destin\u00e9 au traitement de la chute pr\u00e9matur\u00e9e des cheveux de diverses \u00e9tiologies, notamment hormonales et g\u00e9n\u00e9tiques, chez la femme comme chez l&rsquo;homme.<\/p>\n","protected":false},"featured_media":22760,"comment_status":"open","ping_status":"closed","template":"","meta":[],"product_cat":[20],"product_tag":[],"class_list":{"0":"post-16747","1":"product","2":"type-product","3":"status-publish","4":"has-post-thumbnail","6":"product_cat-accessories","8":"first","9":"instock","10":"shipping-taxable","11":"product-type-simple"},"jetpack_sharing_enabled":true,"_links":{"self":[{"href":"https:\/\/para-pharmacity.tn\/index.php?rest_route=\/wp\/v2\/product\/16747","targetHints":{"allow":["GET"]}}],"collection":[{"href":"https:\/\/para-pharmacity.tn\/index.php?rest_route=\/wp\/v2\/product"}],"about":[{"href":"https:\/\/para-pharmacity.tn\/index.php?rest_route=\/wp\/v2\/types\/product"}],"replies":[{"embeddable":true,"href":"https:\/\/para-pharmacity.tn\/index.php?rest_route=%2Fwp%2Fv2%2Fcomments&post=16747"}],"version-history":[{"count":2,"href":"https:\/\/para-pharmacity.tn\/index.php?rest_route=\/wp\/v2\/product\/16747\/revisions"}],"predecessor-version":[{"id":22761,"href":"https:\/\/para-pharmacity.tn\/index.php?rest_route=\/wp\/v2\/product\/16747\/revisions\/22761"}],"wp:featuredmedia":[{"embeddable":true,"href":"https:\/\/para-pharmacity.tn\/index.php?rest_route=\/wp\/v2\/media\/22760"}],"wp:attachment":[{"href":"https:\/\/para-pharmacity.tn\/index.php?rest_route=%2Fwp%2Fv2%2Fmedia&parent=16747"}],"wp:term":[{"taxonomy":"product_cat","embeddable":true,"href":"https:\/\/para-pharmacity.tn\/index.php?rest_route=%2Fwp%2Fv2%2Fproduct_cat&post=16747"},{"taxonomy":"product_tag","embeddable":true,"href":"https:\/\/para-pharmacity.tn\/index.php?rest_route=%2Fwp%2Fv2%2Fproduct_tag&post=16747"}],"curies":[{"name":"wp","href":"https:\/\/api.w.org\/{rel}","templated":true}]}}