{"id":16737,"date":"2024-07-10T22:58:53","date_gmt":"2024-07-10T22:58:53","guid":{"rendered":"https:\/\/para-pharmacity.tn\/?product=dermatis-creme-pieds-de-50ml"},"modified":"2024-07-22T11:22:31","modified_gmt":"2024-07-22T11:22:31","slug":"dermatis-creme-pieds-de-50ml","status":"publish","type":"product","link":"https:\/\/para-pharmacity.tn\/?product=dermatis-creme-pieds-de-50ml","title":{"rendered":"DERMATIS CREME PIEDS DE 50ML"},"content":{"rendered":"<p>Description:<br \/>\nDermatis cre\u0300me pieds traite les e\u0301tats cutane\u0301s secs, les crevasses et les fissures.<\/p>\n<p>Indications:<br \/>\nElle posse\u0300de des vertus tonifiantes, rafrai\u0302chissantes et de\u0301sodorisantes.<\/p>\n<p>Utilisation:<br \/>\nChaque soir, appliquer Dermatis cre\u0300me pieds sur la peau propre et se\u0300che<\/p>\n","protected":false},"excerpt":{"rendered":"<p>Actifs:<br \/>\nCr\u00e8me \u00e0 base d\u2019Ur\u00e9e \u00e0 20%, D panth\u00e9nol et d\u2019Extraits de plantes rafra\u00eechissantes<\/p>\n<p>Effets th\u00e9rapeutique:<br \/>\nK\u00e9ratolytique, Cicatrisante et rafra\u00eechissante<\/p>\n","protected":false},"featured_media":22748,"comment_status":"open","ping_status":"closed","template":"","meta":[],"product_cat":[20],"product_tag":[],"class_list":{"0":"post-16737","1":"product","2":"type-product","3":"status-publish","4":"has-post-thumbnail","6":"product_cat-accessories","8":"first","9":"instock","10":"shipping-taxable","11":"product-type-simple"},"jetpack_sharing_enabled":true,"_links":{"self":[{"href":"https:\/\/para-pharmacity.tn\/index.php?rest_route=\/wp\/v2\/product\/16737","targetHints":{"allow":["GET"]}}],"collection":[{"href":"https:\/\/para-pharmacity.tn\/index.php?rest_route=\/wp\/v2\/product"}],"about":[{"href":"https:\/\/para-pharmacity.tn\/index.php?rest_route=\/wp\/v2\/types\/product"}],"replies":[{"embeddable":true,"href":"https:\/\/para-pharmacity.tn\/index.php?rest_route=%2Fwp%2Fv2%2Fcomments&post=16737"}],"version-history":[{"count":2,"href":"https:\/\/para-pharmacity.tn\/index.php?rest_route=\/wp\/v2\/product\/16737\/revisions"}],"predecessor-version":[{"id":22751,"href":"https:\/\/para-pharmacity.tn\/index.php?rest_route=\/wp\/v2\/product\/16737\/revisions\/22751"}],"wp:featuredmedia":[{"embeddable":true,"href":"https:\/\/para-pharmacity.tn\/index.php?rest_route=\/wp\/v2\/media\/22748"}],"wp:attachment":[{"href":"https:\/\/para-pharmacity.tn\/index.php?rest_route=%2Fwp%2Fv2%2Fmedia&parent=16737"}],"wp:term":[{"taxonomy":"product_cat","embeddable":true,"href":"https:\/\/para-pharmacity.tn\/index.php?rest_route=%2Fwp%2Fv2%2Fproduct_cat&post=16737"},{"taxonomy":"product_tag","embeddable":true,"href":"https:\/\/para-pharmacity.tn\/index.php?rest_route=%2Fwp%2Fv2%2Fproduct_tag&post=16737"}],"curies":[{"name":"wp","href":"https:\/\/api.w.org\/{rel}","templated":true}]}}