{"id":16731,"date":"2024-07-10T22:58:52","date_gmt":"2024-07-10T22:58:52","guid":{"rendered":"https:\/\/para-pharmacity.tn\/?product=dermacare-purenet-skin-lotion-assechante"},"modified":"2024-07-14T22:18:21","modified_gmt":"2024-07-14T22:18:21","slug":"dermacare-purenet-skin-lotion-assechante","status":"publish","type":"product","link":"https:\/\/para-pharmacity.tn\/?product=dermacare-purenet-skin-lotion-assechante","title":{"rendered":"DERMACARE PURENET SKIN LOTION ASSECHANTE"},"content":{"rendered":"<p>LA LOTION ASS2CHANTE offre une triple action puissante : k\u00e9ratolytique, anti-inflammatoire et antibact\u00e9rienne, tout en aidant \u00e0 r\u00e9duire les cicatrices pst-acn\u00e9iques et l&rsquo;hyperpigmentation post-inflammatoire.<\/p>\n<p>Son format spray permet d&rsquo;acc\u00e9der \u00e0 toutes les zones du corps, ce qui le rend id\u00e9al pour lutter contre les imperfections sur de grandes surfaces telle que : torse, bras, fesse, poitrine, dos.<\/p>\n","protected":false},"excerpt":{"rendered":"<p>LA LOTION ASSECHANTE offre une triple action puissante : k\u00e9ratolytique, anti-inflammatoire et antibact\u00e9rienne, tout en aidant \u00e0 r\u00e9duire les cicatrices pst-acn\u00e9iques et l&rsquo;hyperpigmentation post-inflammatoire.<\/p>\n","protected":false},"featured_media":22735,"comment_status":"open","ping_status":"closed","template":"","meta":[],"product_cat":[20],"product_tag":[],"class_list":{"0":"post-16731","1":"product","2":"type-product","3":"status-publish","4":"has-post-thumbnail","6":"product_cat-accessories","8":"first","9":"instock","10":"shipping-taxable","11":"product-type-simple"},"jetpack_sharing_enabled":true,"_links":{"self":[{"href":"https:\/\/para-pharmacity.tn\/index.php?rest_route=\/wp\/v2\/product\/16731","targetHints":{"allow":["GET"]}}],"collection":[{"href":"https:\/\/para-pharmacity.tn\/index.php?rest_route=\/wp\/v2\/product"}],"about":[{"href":"https:\/\/para-pharmacity.tn\/index.php?rest_route=\/wp\/v2\/types\/product"}],"replies":[{"embeddable":true,"href":"https:\/\/para-pharmacity.tn\/index.php?rest_route=%2Fwp%2Fv2%2Fcomments&post=16731"}],"version-history":[{"count":2,"href":"https:\/\/para-pharmacity.tn\/index.php?rest_route=\/wp\/v2\/product\/16731\/revisions"}],"predecessor-version":[{"id":22737,"href":"https:\/\/para-pharmacity.tn\/index.php?rest_route=\/wp\/v2\/product\/16731\/revisions\/22737"}],"wp:featuredmedia":[{"embeddable":true,"href":"https:\/\/para-pharmacity.tn\/index.php?rest_route=\/wp\/v2\/media\/22735"}],"wp:attachment":[{"href":"https:\/\/para-pharmacity.tn\/index.php?rest_route=%2Fwp%2Fv2%2Fmedia&parent=16731"}],"wp:term":[{"taxonomy":"product_cat","embeddable":true,"href":"https:\/\/para-pharmacity.tn\/index.php?rest_route=%2Fwp%2Fv2%2Fproduct_cat&post=16731"},{"taxonomy":"product_tag","embeddable":true,"href":"https:\/\/para-pharmacity.tn\/index.php?rest_route=%2Fwp%2Fv2%2Fproduct_tag&post=16731"}],"curies":[{"name":"wp","href":"https:\/\/api.w.org\/{rel}","templated":true}]}}