{"id":16730,"date":"2024-07-10T22:58:51","date_gmt":"2024-07-10T22:58:51","guid":{"rendered":"https:\/\/para-pharmacity.tn\/?product=dermacare-photosun-p-gras-01-spf50"},"modified":"2024-07-14T22:16:16","modified_gmt":"2024-07-14T22:16:16","slug":"dermacare-photosun-p-gras-01-spf50","status":"publish","type":"product","link":"https:\/\/para-pharmacity.tn\/?product=dermacare-photosun-p-gras-01-spf50","title":{"rendered":"DERMACARE PHOTOSUN P GRAS 01 SPF50"},"content":{"rendered":"<p><strong>DERMACARE PHOTOSUN FLUIDE MATIFIANT TEINT\u00c9 01<\/strong><\/p>\n<p>Le Fluide\u00a0solaire haute protection de la gamme DERMACARE PHOTOSUN b\u00e9n\u00e9ficie d&rsquo;une formule haute tol\u00e9rance. Texture fluide non grasse. Convient parfaitement aux peaux tr\u00e8s claires, sujettes aux coups de soleil, \u00e0 l&rsquo;ensoleillement \u00e9lev\u00e9.<\/p>\n<p>Le\u00a0Fluide Solaire DERMACARE PHOTOSUN\u00a0matifiant et teint\u00e9 a haute protection spf 50 qui prot\u00e9ge la peau des uva\/uvb te des infrarouges. il protege et hydrate illumine unifie le teint et donne un effet bonne mine avec un toucher sec<br \/>\n&nbsp;<\/p>\n<hr \/>\n<p>&nbsp;<\/p>\n<p><strong>Conseils d&rsquo;utilisation:<\/strong><\/p>\n<p>Il est recommand\u00e9 d&rsquo;appliquer uniformement une g\u00e9nereuse quantit\u00e9 sur le visage, nettoy\u00e9 et s\u00e9sh\u00e9 ou pr\u00e9alable avant toute exposition au soleil<br \/>\nRenouveler fr\u00e9quement l&rsquo;application surtout apr\u00e9s les baignades, une sudation excessive ou apr\u00e9s une exposition prolong\u00e9e au soleil<\/p>\n","protected":false},"excerpt":{"rendered":"<p>DERMACARE PHOTOSUN FLUIDE MATIFIANT TEINT\u00c9 01 Le Fluide\u00a0solaire haute protection de la gamme DERMACARE PHOTOSUN b\u00e9n\u00e9ficie d&rsquo;une formule haute tol\u00e9rance.<\/p>\n","protected":false},"featured_media":22732,"comment_status":"open","ping_status":"closed","template":"","meta":[],"product_cat":[20],"product_tag":[],"class_list":{"0":"post-16730","1":"product","2":"type-product","3":"status-publish","4":"has-post-thumbnail","6":"product_cat-accessories","8":"first","9":"instock","10":"shipping-taxable","11":"product-type-simple"},"jetpack_sharing_enabled":true,"_links":{"self":[{"href":"https:\/\/para-pharmacity.tn\/index.php?rest_route=\/wp\/v2\/product\/16730","targetHints":{"allow":["GET"]}}],"collection":[{"href":"https:\/\/para-pharmacity.tn\/index.php?rest_route=\/wp\/v2\/product"}],"about":[{"href":"https:\/\/para-pharmacity.tn\/index.php?rest_route=\/wp\/v2\/types\/product"}],"replies":[{"embeddable":true,"href":"https:\/\/para-pharmacity.tn\/index.php?rest_route=%2Fwp%2Fv2%2Fcomments&post=16730"}],"version-history":[{"count":2,"href":"https:\/\/para-pharmacity.tn\/index.php?rest_route=\/wp\/v2\/product\/16730\/revisions"}],"predecessor-version":[{"id":22734,"href":"https:\/\/para-pharmacity.tn\/index.php?rest_route=\/wp\/v2\/product\/16730\/revisions\/22734"}],"wp:featuredmedia":[{"embeddable":true,"href":"https:\/\/para-pharmacity.tn\/index.php?rest_route=\/wp\/v2\/media\/22732"}],"wp:attachment":[{"href":"https:\/\/para-pharmacity.tn\/index.php?rest_route=%2Fwp%2Fv2%2Fmedia&parent=16730"}],"wp:term":[{"taxonomy":"product_cat","embeddable":true,"href":"https:\/\/para-pharmacity.tn\/index.php?rest_route=%2Fwp%2Fv2%2Fproduct_cat&post=16730"},{"taxonomy":"product_tag","embeddable":true,"href":"https:\/\/para-pharmacity.tn\/index.php?rest_route=%2Fwp%2Fv2%2Fproduct_tag&post=16730"}],"curies":[{"name":"wp","href":"https:\/\/api.w.org\/{rel}","templated":true}]}}