{"id":16728,"date":"2024-07-10T22:58:51","date_gmt":"2024-07-10T22:58:51","guid":{"rendered":"https:\/\/para-pharmacity.tn\/?product=dermacare-photosun-fluide-teinte-pmg-1-5"},"modified":"2024-07-14T22:03:33","modified_gmt":"2024-07-14T22:03:33","slug":"dermacare-photosun-fluide-teinte-pmg-1-5","status":"publish","type":"product","link":"https:\/\/para-pharmacity.tn\/?product=dermacare-photosun-fluide-teinte-pmg-1-5","title":{"rendered":"DERMACARE PHOTOSUN FLUIDE TEINTE PMG 1.5"},"content":{"rendered":"<p>Dermacare Photosun fluide matifiant teint\u00e9 SPF 50 N 1.5 peaux mixtes \u00e0 grasses 50 ml<br \/>\nLe Fluide solaire haute protection de la gamme DERMACARE PHOTOSUN b\u00e9n\u00e9ficie d\u2019une formule haute tol\u00e9rance. Texture fluide non grasse.<\/p>\n<p>Convient parfaitement aux peaux tr\u00e8s claires, sujettes aux coups de soleil, \u00e0 l\u2019ensoleillement \u00e9lev\u00e9.<br \/>\nLe Fluide Solaire DERMACARE PHOTOSUN matifiant et teint\u00e9 a haute protection spf 50 qui prot\u00e9ge la peau des uva\/uvb te des infrarouges.<\/p>\n<p>il protege et hydrate illumine unifie le teint et donne un effet bonne mine avec un toucher sec<br \/>\nConseils d\u2019utilisation:<br \/>\nIl est recommand\u00e9 d\u2019appliquer uniformement une g\u00e9nereuse quantit\u00e9 sur le visage, nettoy\u00e9 et s\u00e9sh\u00e9 ou pr\u00e9alable avant toute exposition au soleil<br \/>\nRenouveler fr\u00e9quement l\u2019application surtout apr\u00e9s les baignades, une sudation excessive ou apr\u00e9s une exposition prolong\u00e9e au soleil<\/p>\n","protected":false},"excerpt":{"rendered":"<p>Dermacare Photosun fluide matifiant teint\u00e9 SPF 50 N 1.5 peaux mixtes \u00e0 grasses 50 ml Le Fluide solaire haute protection<\/p>\n","protected":false},"featured_media":22726,"comment_status":"open","ping_status":"closed","template":"","meta":[],"product_cat":[20],"product_tag":[],"class_list":{"0":"post-16728","1":"product","2":"type-product","3":"status-publish","4":"has-post-thumbnail","6":"product_cat-accessories","8":"first","9":"instock","10":"shipping-taxable","11":"product-type-simple"},"jetpack_sharing_enabled":true,"_links":{"self":[{"href":"https:\/\/para-pharmacity.tn\/index.php?rest_route=\/wp\/v2\/product\/16728","targetHints":{"allow":["GET"]}}],"collection":[{"href":"https:\/\/para-pharmacity.tn\/index.php?rest_route=\/wp\/v2\/product"}],"about":[{"href":"https:\/\/para-pharmacity.tn\/index.php?rest_route=\/wp\/v2\/types\/product"}],"replies":[{"embeddable":true,"href":"https:\/\/para-pharmacity.tn\/index.php?rest_route=%2Fwp%2Fv2%2Fcomments&post=16728"}],"version-history":[{"count":2,"href":"https:\/\/para-pharmacity.tn\/index.php?rest_route=\/wp\/v2\/product\/16728\/revisions"}],"predecessor-version":[{"id":22728,"href":"https:\/\/para-pharmacity.tn\/index.php?rest_route=\/wp\/v2\/product\/16728\/revisions\/22728"}],"wp:featuredmedia":[{"embeddable":true,"href":"https:\/\/para-pharmacity.tn\/index.php?rest_route=\/wp\/v2\/media\/22726"}],"wp:attachment":[{"href":"https:\/\/para-pharmacity.tn\/index.php?rest_route=%2Fwp%2Fv2%2Fmedia&parent=16728"}],"wp:term":[{"taxonomy":"product_cat","embeddable":true,"href":"https:\/\/para-pharmacity.tn\/index.php?rest_route=%2Fwp%2Fv2%2Fproduct_cat&post=16728"},{"taxonomy":"product_tag","embeddable":true,"href":"https:\/\/para-pharmacity.tn\/index.php?rest_route=%2Fwp%2Fv2%2Fproduct_tag&post=16728"}],"curies":[{"name":"wp","href":"https:\/\/api.w.org\/{rel}","templated":true}]}}