{"id":16725,"date":"2024-07-10T22:58:50","date_gmt":"2024-07-10T22:58:50","guid":{"rendered":"https:\/\/para-pharmacity.tn\/?product=dermacare-muriac-savon-exfol-200g"},"modified":"2024-07-14T21:51:07","modified_gmt":"2024-07-14T21:51:07","slug":"dermacare-muriac-savon-exfol-200g","status":"publish","type":"product","link":"https:\/\/para-pharmacity.tn\/?product=dermacare-muriac-savon-exfol-200g","title":{"rendered":"DERMACARE MURIAC SAVON EXFOL 200G"},"content":{"rendered":"<p><strong>MURIAC LIGHTACT SAVON EXFOLIANT COUP D\u2019\u00c9CLAT<\/strong><\/p>\n<p>&nbsp;<\/p>\n<p>Le savon exfoliant coup d\u2019\u00e9clat Muriac Lightact combat le teint terne et les imperfections cutan\u00e9es aussi bien au niveau du visage que du corps.<\/p>\n<p>&nbsp;<\/p>\n<p>Muriac Lightact savon exfolie, purifie et clarifie la peau sans l\u2019irriter,\u00a0il affine le grain de peau et stimule \u00e9galement le renouvellement cellulaire.<\/p>\n<p>&nbsp;<\/p>\n<p>Savon exfoliant de Muriac\u00a0renforce la perm\u00e9abilit\u00e9 du film hydrolipidique tout en pr\u00e9servant son effet hydratant. Elle unifie le teint et le rend plus r\u00e9gulier.<\/p>\n","protected":false},"excerpt":{"rendered":"<p>MURIAC LIGHTACT SAVON EXFOLIANT COUP D\u2019\u00c9CLAT &nbsp; Le savon exfoliant coup d\u2019\u00e9clat Muriac Lightact combat le teint terne et les<\/p>\n","protected":false},"featured_media":22719,"comment_status":"open","ping_status":"closed","template":"","meta":[],"product_cat":[20],"product_tag":[],"class_list":{"0":"post-16725","1":"product","2":"type-product","3":"status-publish","4":"has-post-thumbnail","6":"product_cat-accessories","8":"first","9":"instock","10":"shipping-taxable","11":"product-type-simple"},"jetpack_sharing_enabled":true,"_links":{"self":[{"href":"https:\/\/para-pharmacity.tn\/index.php?rest_route=\/wp\/v2\/product\/16725","targetHints":{"allow":["GET"]}}],"collection":[{"href":"https:\/\/para-pharmacity.tn\/index.php?rest_route=\/wp\/v2\/product"}],"about":[{"href":"https:\/\/para-pharmacity.tn\/index.php?rest_route=\/wp\/v2\/types\/product"}],"replies":[{"embeddable":true,"href":"https:\/\/para-pharmacity.tn\/index.php?rest_route=%2Fwp%2Fv2%2Fcomments&post=16725"}],"version-history":[{"count":1,"href":"https:\/\/para-pharmacity.tn\/index.php?rest_route=\/wp\/v2\/product\/16725\/revisions"}],"predecessor-version":[{"id":22720,"href":"https:\/\/para-pharmacity.tn\/index.php?rest_route=\/wp\/v2\/product\/16725\/revisions\/22720"}],"wp:featuredmedia":[{"embeddable":true,"href":"https:\/\/para-pharmacity.tn\/index.php?rest_route=\/wp\/v2\/media\/22719"}],"wp:attachment":[{"href":"https:\/\/para-pharmacity.tn\/index.php?rest_route=%2Fwp%2Fv2%2Fmedia&parent=16725"}],"wp:term":[{"taxonomy":"product_cat","embeddable":true,"href":"https:\/\/para-pharmacity.tn\/index.php?rest_route=%2Fwp%2Fv2%2Fproduct_cat&post=16725"},{"taxonomy":"product_tag","embeddable":true,"href":"https:\/\/para-pharmacity.tn\/index.php?rest_route=%2Fwp%2Fv2%2Fproduct_tag&post=16725"}],"curies":[{"name":"wp","href":"https:\/\/api.w.org\/{rel}","templated":true}]}}