{"id":16723,"date":"2024-07-10T22:58:49","date_gmt":"2024-07-10T22:58:49","guid":{"rendered":"https:\/\/para-pharmacity.tn\/?product=dermacare-muriac-deo-anti-transp"},"modified":"2024-07-14T21:45:30","modified_gmt":"2024-07-14T21:45:30","slug":"dermacare-muriac-deo-anti-transp","status":"publish","type":"product","link":"https:\/\/para-pharmacity.tn\/?product=dermacare-muriac-deo-anti-transp","title":{"rendered":"DERMACARE MURIAC DEO ANTI TRANSP"},"content":{"rendered":"<p>MURIAC DEO ECLAIRCISSANT anti transpirant 24 heures \u00e0 la technologie \u00e9claircissante c&rsquo;est un soin triple action, il prot\u00e8ge de la transpiration excessive, des odeurs corporelles et \u00e9claircit \u00e9galement la peau fonc\u00e9e des aisselles. Parfum doux et texture et texture l\u00e9g\u00e8re pour une agr\u00e9able sensation de fraicheur.<\/p>\n","protected":false},"excerpt":{"rendered":"<p>MURIAC DEO ECLAIRCISSANT anti transpirant 24 heures \u00e0 la technologie \u00e9claircissante c&rsquo;est un soin triple action, il prot\u00e8ge de la<\/p>\n","protected":false},"featured_media":22716,"comment_status":"open","ping_status":"closed","template":"","meta":[],"product_cat":[20],"product_tag":[],"class_list":{"0":"post-16723","1":"product","2":"type-product","3":"status-publish","4":"has-post-thumbnail","6":"product_cat-accessories","8":"first","9":"instock","10":"shipping-taxable","11":"product-type-simple"},"jetpack_sharing_enabled":true,"_links":{"self":[{"href":"https:\/\/para-pharmacity.tn\/index.php?rest_route=\/wp\/v2\/product\/16723","targetHints":{"allow":["GET"]}}],"collection":[{"href":"https:\/\/para-pharmacity.tn\/index.php?rest_route=\/wp\/v2\/product"}],"about":[{"href":"https:\/\/para-pharmacity.tn\/index.php?rest_route=\/wp\/v2\/types\/product"}],"replies":[{"embeddable":true,"href":"https:\/\/para-pharmacity.tn\/index.php?rest_route=%2Fwp%2Fv2%2Fcomments&post=16723"}],"version-history":[{"count":2,"href":"https:\/\/para-pharmacity.tn\/index.php?rest_route=\/wp\/v2\/product\/16723\/revisions"}],"predecessor-version":[{"id":22715,"href":"https:\/\/para-pharmacity.tn\/index.php?rest_route=\/wp\/v2\/product\/16723\/revisions\/22715"}],"wp:featuredmedia":[{"embeddable":true,"href":"https:\/\/para-pharmacity.tn\/index.php?rest_route=\/wp\/v2\/media\/22716"}],"wp:attachment":[{"href":"https:\/\/para-pharmacity.tn\/index.php?rest_route=%2Fwp%2Fv2%2Fmedia&parent=16723"}],"wp:term":[{"taxonomy":"product_cat","embeddable":true,"href":"https:\/\/para-pharmacity.tn\/index.php?rest_route=%2Fwp%2Fv2%2Fproduct_cat&post=16723"},{"taxonomy":"product_tag","embeddable":true,"href":"https:\/\/para-pharmacity.tn\/index.php?rest_route=%2Fwp%2Fv2%2Fproduct_tag&post=16723"}],"curies":[{"name":"wp","href":"https:\/\/api.w.org\/{rel}","templated":true}]}}