{"id":16722,"date":"2024-07-10T22:58:49","date_gmt":"2024-07-10T22:58:49","guid":{"rendered":"https:\/\/para-pharmacity.tn\/?product=dermacare-muriac-coffret-anti-tache"},"modified":"2024-07-14T21:39:09","modified_gmt":"2024-07-14T21:39:09","slug":"dermacare-muriac-coffret-anti-tache","status":"publish","type":"product","link":"https:\/\/para-pharmacity.tn\/?product=dermacare-muriac-coffret-anti-tache","title":{"rendered":"DERMACARE MURIAC COFFRET ANTI TACHE"},"content":{"rendered":"<p>MURIAC Coffret Anti-taches complet est un coffret pour un rituel de soins d\u00e9pigmentant et \u00e9claircissant.<\/p>\n<p>Ce coffret contient:<\/p>\n<ul>\n<li>MURIAC LIGHTACT Serum Intensif Anti Taches qui\u00a0 est un concentr\u00e9 qui corrige en un temps record le manque d\u2019homog\u00e9n\u00e9it\u00e9 du teint qui\u00a0 retrouve une belle carnation.<br \/>\nla taille et l\u2019intensit\u00e9 des t\u00e2ches pigmentaires diminuent progressivement et durablement.<br \/>\nla peau se r\u00e9v\u00e8le radieuse et d\u2019une clart\u00e9 id\u00e9ale.<\/li>\n<li>MURIAC LIGHACT Cr\u00e9me \u00e9claircissante Protectrice\u00a0 Visage, Coup, Main,\u00a0 50 ml<\/li>\n<li>MURIAC LIGHTACT Savon Exfoliant qui\u00a0combat le teint terne et les imperfections cutan\u00e9es aussi bien au niveau du visage que du corps.<\/li>\n<li>Une Trousse MURIAC LIGHACT offerte<\/li>\n<\/ul>\n","protected":false},"excerpt":{"rendered":"<p>MURIAC Coffret Anti-taches complet est un coffret pour un rituel de soins d\u00e9pigmentant et \u00e9claircissant. Ce coffret contient: MURIAC LIGHTACT<\/p>\n","protected":false},"featured_media":22710,"comment_status":"open","ping_status":"closed","template":"","meta":[],"product_cat":[20],"product_tag":[],"class_list":{"0":"post-16722","1":"product","2":"type-product","3":"status-publish","4":"has-post-thumbnail","6":"product_cat-accessories","8":"first","9":"instock","10":"shipping-taxable","11":"product-type-simple"},"jetpack_sharing_enabled":true,"_links":{"self":[{"href":"https:\/\/para-pharmacity.tn\/index.php?rest_route=\/wp\/v2\/product\/16722","targetHints":{"allow":["GET"]}}],"collection":[{"href":"https:\/\/para-pharmacity.tn\/index.php?rest_route=\/wp\/v2\/product"}],"about":[{"href":"https:\/\/para-pharmacity.tn\/index.php?rest_route=\/wp\/v2\/types\/product"}],"replies":[{"embeddable":true,"href":"https:\/\/para-pharmacity.tn\/index.php?rest_route=%2Fwp%2Fv2%2Fcomments&post=16722"}],"version-history":[{"count":2,"href":"https:\/\/para-pharmacity.tn\/index.php?rest_route=\/wp\/v2\/product\/16722\/revisions"}],"predecessor-version":[{"id":22712,"href":"https:\/\/para-pharmacity.tn\/index.php?rest_route=\/wp\/v2\/product\/16722\/revisions\/22712"}],"wp:featuredmedia":[{"embeddable":true,"href":"https:\/\/para-pharmacity.tn\/index.php?rest_route=\/wp\/v2\/media\/22710"}],"wp:attachment":[{"href":"https:\/\/para-pharmacity.tn\/index.php?rest_route=%2Fwp%2Fv2%2Fmedia&parent=16722"}],"wp:term":[{"taxonomy":"product_cat","embeddable":true,"href":"https:\/\/para-pharmacity.tn\/index.php?rest_route=%2Fwp%2Fv2%2Fproduct_cat&post=16722"},{"taxonomy":"product_tag","embeddable":true,"href":"https:\/\/para-pharmacity.tn\/index.php?rest_route=%2Fwp%2Fv2%2Fproduct_tag&post=16722"}],"curies":[{"name":"wp","href":"https:\/\/api.w.org\/{rel}","templated":true}]}}