{"id":16721,"date":"2024-07-10T22:58:49","date_gmt":"2024-07-10T22:58:49","guid":{"rendered":"https:\/\/para-pharmacity.tn\/?product=dermacare-kelo-treat-gel-silicone-50ml"},"modified":"2024-07-14T21:37:31","modified_gmt":"2024-07-14T21:37:31","slug":"dermacare-kelo-treat-gel-silicone-50ml","status":"publish","type":"product","link":"https:\/\/para-pharmacity.tn\/?product=dermacare-kelo-treat-gel-silicone-50ml","title":{"rendered":"DERMACARE KELO-TREAT GEL SILICONE 50ml"},"content":{"rendered":"<p style=\"font-weight: 400\">Dermacare Kelotreat prot\u00e8ge la peau en formant un film fin et transparent. Au niveau des cicatrices, elle les rend visiblement plus planes, douces et lisses. Utilis\u00e9e en cours de cicatrisation, elle pr\u00e9vient le changement de couleur de la peau qui peut se produire. Elle r\u00e9duit aussi la sensation de d\u00e9mangeaisons. Gr\u00e2ce \u00e0 sa texture non grasse qui s\u00e8che et p\u00e9n\u00e8tre rapidement, elle est s\u2019applique tr\u00e8s facilement.<\/p>\n<p style=\"font-weight: 400\"><span style=\"font-weight: 600\">Conseils D&rsquo;utilisation<\/span><\/p>\n<ul>\n<li style=\"font-weight: 400\">S&rsquo;assurer que la cicatrice est propre et s\u00e8che.<\/li>\n<li style=\"font-weight: 400\">Appliquez Kelo -treat\u00a0 sur la cicatrice en une couche tr\u00e8s mince et laisser s\u00e9cher\u00a02 fois par jour.<\/li>\n<li style=\"font-weight: 400\">Pour un effet maximal, kelo-treat doit rester en contact avec la peau pendant 24 heures.<\/li>\n<\/ul>\n","protected":false},"excerpt":{"rendered":"<p>Dermacare Kelotreat prot\u00e8ge la peau en formant un film fin et transparent. Au niveau des cicatrices, elle les rend visiblement<\/p>\n","protected":false},"featured_media":22708,"comment_status":"open","ping_status":"closed","template":"","meta":[],"product_cat":[20],"product_tag":[],"class_list":{"0":"post-16721","1":"product","2":"type-product","3":"status-publish","4":"has-post-thumbnail","6":"product_cat-accessories","8":"first","9":"instock","10":"shipping-taxable","11":"product-type-simple"},"jetpack_sharing_enabled":true,"_links":{"self":[{"href":"https:\/\/para-pharmacity.tn\/index.php?rest_route=\/wp\/v2\/product\/16721","targetHints":{"allow":["GET"]}}],"collection":[{"href":"https:\/\/para-pharmacity.tn\/index.php?rest_route=\/wp\/v2\/product"}],"about":[{"href":"https:\/\/para-pharmacity.tn\/index.php?rest_route=\/wp\/v2\/types\/product"}],"replies":[{"embeddable":true,"href":"https:\/\/para-pharmacity.tn\/index.php?rest_route=%2Fwp%2Fv2%2Fcomments&post=16721"}],"version-history":[{"count":1,"href":"https:\/\/para-pharmacity.tn\/index.php?rest_route=\/wp\/v2\/product\/16721\/revisions"}],"predecessor-version":[{"id":22709,"href":"https:\/\/para-pharmacity.tn\/index.php?rest_route=\/wp\/v2\/product\/16721\/revisions\/22709"}],"wp:featuredmedia":[{"embeddable":true,"href":"https:\/\/para-pharmacity.tn\/index.php?rest_route=\/wp\/v2\/media\/22708"}],"wp:attachment":[{"href":"https:\/\/para-pharmacity.tn\/index.php?rest_route=%2Fwp%2Fv2%2Fmedia&parent=16721"}],"wp:term":[{"taxonomy":"product_cat","embeddable":true,"href":"https:\/\/para-pharmacity.tn\/index.php?rest_route=%2Fwp%2Fv2%2Fproduct_cat&post=16721"},{"taxonomy":"product_tag","embeddable":true,"href":"https:\/\/para-pharmacity.tn\/index.php?rest_route=%2Fwp%2Fv2%2Fproduct_tag&post=16721"}],"curies":[{"name":"wp","href":"https:\/\/api.w.org\/{rel}","templated":true}]}}