{"id":16720,"date":"2024-07-10T22:58:48","date_gmt":"2024-07-10T22:58:48","guid":{"rendered":"https:\/\/para-pharmacity.tn\/?product=dermacare-hydraliss-savon-surgras-130g"},"modified":"2024-07-14T21:35:35","modified_gmt":"2024-07-14T21:35:35","slug":"dermacare-hydraliss-savon-surgras-130g","status":"publish","type":"product","link":"https:\/\/para-pharmacity.tn\/?product=dermacare-hydraliss-savon-surgras-130g","title":{"rendered":"DERMACARE HYDRALISS SAVON SURGRAS 130G"},"content":{"rendered":"<h4><span style=\"color: #70ad47\">Description\u00a0:<\/span><\/h4>\n<p>SAVON DERMATOLOGIQUE SURGRAS HYDRALISS 130 GR ? Nettoie la peau en douceur. ? Pr\u00e9serve le film hydrolipidique. ? Apporte des lipides \u00e0 la peau, favorisant sa souplesse. ? Apaise les sensations de tiraillements. ? Restaure la barri\u00e8re cutan\u00e9e. ? Formule riche en corps gras pour reconstituer la barri\u00e8re cutan\u00e9e. ? Le niacinamide ainsi que le glycerine stimulent la synth\u00e8se des lipides au niveau de la couche corn\u00e9e. ? Riche en beurre de karit\u00e9 et huile d\u2019amande douce reconnus pour leurs propri\u00e9t\u00e9s assouplissantes, hydratantes et adoucissantes. ? Convient \u00e0 toute la famille? Sans colorant? Sans conservateur<\/p>\n<hr \/>\n<h4><span style=\"color: #70ad47\">Conseils d\u2019utilisation\u00a0:<\/span><\/h4>\n<p>Mouillez votre peau et appliquez le savon surgras avant de rincer \u00e0 l\u2019eau ti\u00e8de. Gr\u00e2ce \u00e0 son extr\u00eame douceur, le savon surgras HYDRALISS peut \u00eatre utilis\u00e9 quotidiennement sur le visage et le corps.<\/p>\n<hr \/>\n<h4><span style=\"color: #70ad47\">Composition\u00a0:<\/span><\/h4>\n<p>Huile d\u2019amande douce, Beurre de karit\u00e9, Niacinamide, Glycerine<\/p>\n","protected":false},"excerpt":{"rendered":"<p>Description\u00a0: SAVON DERMATOLOGIQUE SURGRAS HYDRALISS 130 GR ? Nettoie la peau en douceur. ? Pr\u00e9serve le film hydrolipidique. ? Apporte<\/p>\n","protected":false},"featured_media":22706,"comment_status":"open","ping_status":"closed","template":"","meta":[],"product_cat":[20],"product_tag":[],"class_list":{"0":"post-16720","1":"product","2":"type-product","3":"status-publish","4":"has-post-thumbnail","6":"product_cat-accessories","8":"first","9":"instock","10":"shipping-taxable","11":"product-type-simple"},"jetpack_sharing_enabled":true,"_links":{"self":[{"href":"https:\/\/para-pharmacity.tn\/index.php?rest_route=\/wp\/v2\/product\/16720","targetHints":{"allow":["GET"]}}],"collection":[{"href":"https:\/\/para-pharmacity.tn\/index.php?rest_route=\/wp\/v2\/product"}],"about":[{"href":"https:\/\/para-pharmacity.tn\/index.php?rest_route=\/wp\/v2\/types\/product"}],"replies":[{"embeddable":true,"href":"https:\/\/para-pharmacity.tn\/index.php?rest_route=%2Fwp%2Fv2%2Fcomments&post=16720"}],"version-history":[{"count":1,"href":"https:\/\/para-pharmacity.tn\/index.php?rest_route=\/wp\/v2\/product\/16720\/revisions"}],"predecessor-version":[{"id":22707,"href":"https:\/\/para-pharmacity.tn\/index.php?rest_route=\/wp\/v2\/product\/16720\/revisions\/22707"}],"wp:featuredmedia":[{"embeddable":true,"href":"https:\/\/para-pharmacity.tn\/index.php?rest_route=\/wp\/v2\/media\/22706"}],"wp:attachment":[{"href":"https:\/\/para-pharmacity.tn\/index.php?rest_route=%2Fwp%2Fv2%2Fmedia&parent=16720"}],"wp:term":[{"taxonomy":"product_cat","embeddable":true,"href":"https:\/\/para-pharmacity.tn\/index.php?rest_route=%2Fwp%2Fv2%2Fproduct_cat&post=16720"},{"taxonomy":"product_tag","embeddable":true,"href":"https:\/\/para-pharmacity.tn\/index.php?rest_route=%2Fwp%2Fv2%2Fproduct_tag&post=16720"}],"curies":[{"name":"wp","href":"https:\/\/api.w.org\/{rel}","templated":true}]}}