{"id":16717,"date":"2024-07-10T22:58:47","date_gmt":"2024-07-10T22:58:47","guid":{"rendered":"https:\/\/para-pharmacity.tn\/?product=dermacare-gel-intime-ph-5-8-200ml"},"modified":"2024-07-14T21:13:32","modified_gmt":"2024-07-14T21:13:32","slug":"dermacare-gel-intime-ph-5-8-200ml","status":"publish","type":"product","link":"https:\/\/para-pharmacity.tn\/?product=dermacare-gel-intime-ph-5-8-200ml","title":{"rendered":"DERMACARE GEL INTIME PH 5.8 200ML"},"content":{"rendered":"<ul>\n<li>Le soin de toilette intime G\u2019intime pH 5.8 est sp\u00e9cialement formul\u00e9 pour la toilette intime des muqueuses normales \u00e0 s\u00e8ches .<\/li>\n<li>Nettoie en douceur , confort et hydratation \u00a0gr\u00e2ce \u00e0 l\u2019action hydratante de l\u2019extrait d\u2019aloe\u00a0vera et l\u2019extrait de feuilles d\u2019olivier .<\/li>\n<\/ul>\n","protected":false},"excerpt":{"rendered":"<p>Le soin de toilette intime G\u2019intime pH 5.8 est sp\u00e9cialement formul\u00e9 pour la toilette intime des muqueuses normales \u00e0 s\u00e8ches<\/p>\n","protected":false},"featured_media":22701,"comment_status":"open","ping_status":"closed","template":"","meta":[],"product_cat":[20],"product_tag":[],"class_list":{"0":"post-16717","1":"product","2":"type-product","3":"status-publish","4":"has-post-thumbnail","6":"product_cat-accessories","8":"first","9":"instock","10":"shipping-taxable","11":"product-type-simple"},"jetpack_sharing_enabled":true,"_links":{"self":[{"href":"https:\/\/para-pharmacity.tn\/index.php?rest_route=\/wp\/v2\/product\/16717","targetHints":{"allow":["GET"]}}],"collection":[{"href":"https:\/\/para-pharmacity.tn\/index.php?rest_route=\/wp\/v2\/product"}],"about":[{"href":"https:\/\/para-pharmacity.tn\/index.php?rest_route=\/wp\/v2\/types\/product"}],"replies":[{"embeddable":true,"href":"https:\/\/para-pharmacity.tn\/index.php?rest_route=%2Fwp%2Fv2%2Fcomments&post=16717"}],"version-history":[{"count":1,"href":"https:\/\/para-pharmacity.tn\/index.php?rest_route=\/wp\/v2\/product\/16717\/revisions"}],"predecessor-version":[{"id":22702,"href":"https:\/\/para-pharmacity.tn\/index.php?rest_route=\/wp\/v2\/product\/16717\/revisions\/22702"}],"wp:featuredmedia":[{"embeddable":true,"href":"https:\/\/para-pharmacity.tn\/index.php?rest_route=\/wp\/v2\/media\/22701"}],"wp:attachment":[{"href":"https:\/\/para-pharmacity.tn\/index.php?rest_route=%2Fwp%2Fv2%2Fmedia&parent=16717"}],"wp:term":[{"taxonomy":"product_cat","embeddable":true,"href":"https:\/\/para-pharmacity.tn\/index.php?rest_route=%2Fwp%2Fv2%2Fproduct_cat&post=16717"},{"taxonomy":"product_tag","embeddable":true,"href":"https:\/\/para-pharmacity.tn\/index.php?rest_route=%2Fwp%2Fv2%2Fproduct_tag&post=16717"}],"curies":[{"name":"wp","href":"https:\/\/api.w.org\/{rel}","templated":true}]}}