{"id":16716,"date":"2024-07-10T22:58:47","date_gmt":"2024-07-10T22:58:47","guid":{"rendered":"https:\/\/para-pharmacity.tn\/?product=dermacare-g-intime-gel-lubrifiant"},"modified":"2024-07-14T21:11:00","modified_gmt":"2024-07-14T21:11:00","slug":"dermacare-g-intime-gel-lubrifiant","status":"publish","type":"product","link":"https:\/\/para-pharmacity.tn\/?product=dermacare-g-intime-gel-lubrifiant","title":{"rendered":"DERMACARE G INTIME GEL LUBRIFIANT"},"content":{"rendered":"<p>DERMACARE G\u2019INTIME GEL LUBRIFIANT INTIME contient de l&rsquo;acide hyaluronique dans sa composition. Cet acide est un \u00e9l\u00e9ment naturel, constitutif des cellules de l&rsquo;\u00e9piderme. Il participe activement \u00e0 la r\u00e9gulation de tous les processus biologiques d\u00e9terminant l&rsquo;int\u00e9grit\u00e9 de cette barri\u00e8re ainsi que le niveau d&rsquo;hydratation de la peau.<\/p>\n<p>Destin\u00e9e aux muqueuses sensibles, le gel lubrifiant intime Dermacare lubrifie et hydrate durant les rapports sexuels. Compatible avec les pr\u00e9servatifs, ils disposent d\u2019un fort pouvoir de glisse.<\/p>\n<p>DERMACARE G\u2019INTIME GEL LUBRIFIANT INTIME est indolore, incolore et compl\u00e8tement hypoallerg\u00e9nique.<\/p>\n","protected":false},"excerpt":{"rendered":"<p>DERMACARE G\u2019INTIME GEL LUBRIFIANT INTIME contient de l&rsquo;acide hyaluronique dans sa composition. Cet acide est un \u00e9l\u00e9ment naturel, constitutif des<\/p>\n","protected":false},"featured_media":22698,"comment_status":"open","ping_status":"closed","template":"","meta":[],"product_cat":[20],"product_tag":[],"class_list":{"0":"post-16716","1":"product","2":"type-product","3":"status-publish","4":"has-post-thumbnail","6":"product_cat-accessories","8":"first","9":"instock","10":"shipping-taxable","11":"product-type-simple"},"jetpack_sharing_enabled":true,"_links":{"self":[{"href":"https:\/\/para-pharmacity.tn\/index.php?rest_route=\/wp\/v2\/product\/16716","targetHints":{"allow":["GET"]}}],"collection":[{"href":"https:\/\/para-pharmacity.tn\/index.php?rest_route=\/wp\/v2\/product"}],"about":[{"href":"https:\/\/para-pharmacity.tn\/index.php?rest_route=\/wp\/v2\/types\/product"}],"replies":[{"embeddable":true,"href":"https:\/\/para-pharmacity.tn\/index.php?rest_route=%2Fwp%2Fv2%2Fcomments&post=16716"}],"version-history":[{"count":2,"href":"https:\/\/para-pharmacity.tn\/index.php?rest_route=\/wp\/v2\/product\/16716\/revisions"}],"predecessor-version":[{"id":22700,"href":"https:\/\/para-pharmacity.tn\/index.php?rest_route=\/wp\/v2\/product\/16716\/revisions\/22700"}],"wp:featuredmedia":[{"embeddable":true,"href":"https:\/\/para-pharmacity.tn\/index.php?rest_route=\/wp\/v2\/media\/22698"}],"wp:attachment":[{"href":"https:\/\/para-pharmacity.tn\/index.php?rest_route=%2Fwp%2Fv2%2Fmedia&parent=16716"}],"wp:term":[{"taxonomy":"product_cat","embeddable":true,"href":"https:\/\/para-pharmacity.tn\/index.php?rest_route=%2Fwp%2Fv2%2Fproduct_cat&post=16716"},{"taxonomy":"product_tag","embeddable":true,"href":"https:\/\/para-pharmacity.tn\/index.php?rest_route=%2Fwp%2Fv2%2Fproduct_tag&post=16716"}],"curies":[{"name":"wp","href":"https:\/\/api.w.org\/{rel}","templated":true}]}}