{"id":16713,"date":"2024-07-10T22:58:46","date_gmt":"2024-07-10T22:58:46","guid":{"rendered":"https:\/\/para-pharmacity.tn\/?product=dermacare-cica-treat-creme-reparatr"},"modified":"2024-07-12T15:21:33","modified_gmt":"2024-07-12T15:21:33","slug":"dermacare-cica-treat-creme-reparatr","status":"publish","type":"product","link":"https:\/\/para-pharmacity.tn\/?product=dermacare-cica-treat-creme-reparatr","title":{"rendered":"DERMACARE CICA-TREAT CREME REPARATR"},"content":{"rendered":"<p>Cica-Treat est une cr\u00e8me protectrice et cicatrisante nouvelle g\u00e9n\u00e9ration, \u00e0 base de Matrikines et D-Panthenol.<br \/>\nElle prot\u00e8ge la plaie des agressions ext\u00e9rieures, dont les micro-organismes, et la laisse respirer pour favoriser la cicatrisation.<\/p>\n<p>Une cr\u00e8me pour les br\u00fblures et les plaies. Utile\u00a0dans le quotidien et pour toute la famille.<\/p>\n<p>Contenance: 15ml<\/p>\n","protected":false},"excerpt":{"rendered":"<p>Cica-Treat est une cr\u00e8me protectrice et cicatrisante nouvelle g\u00e9n\u00e9ration, \u00e0 base de Matrikines et D-Panthenol. Elle prot\u00e8ge la plaie des<\/p>\n","protected":false},"featured_media":22686,"comment_status":"open","ping_status":"closed","template":"","meta":[],"product_cat":[20],"product_tag":[],"class_list":{"0":"post-16713","1":"product","2":"type-product","3":"status-publish","4":"has-post-thumbnail","6":"product_cat-accessories","8":"first","9":"instock","10":"shipping-taxable","11":"product-type-simple"},"jetpack_sharing_enabled":true,"_links":{"self":[{"href":"https:\/\/para-pharmacity.tn\/index.php?rest_route=\/wp\/v2\/product\/16713","targetHints":{"allow":["GET"]}}],"collection":[{"href":"https:\/\/para-pharmacity.tn\/index.php?rest_route=\/wp\/v2\/product"}],"about":[{"href":"https:\/\/para-pharmacity.tn\/index.php?rest_route=\/wp\/v2\/types\/product"}],"replies":[{"embeddable":true,"href":"https:\/\/para-pharmacity.tn\/index.php?rest_route=%2Fwp%2Fv2%2Fcomments&post=16713"}],"version-history":[{"count":1,"href":"https:\/\/para-pharmacity.tn\/index.php?rest_route=\/wp\/v2\/product\/16713\/revisions"}],"predecessor-version":[{"id":22687,"href":"https:\/\/para-pharmacity.tn\/index.php?rest_route=\/wp\/v2\/product\/16713\/revisions\/22687"}],"wp:featuredmedia":[{"embeddable":true,"href":"https:\/\/para-pharmacity.tn\/index.php?rest_route=\/wp\/v2\/media\/22686"}],"wp:attachment":[{"href":"https:\/\/para-pharmacity.tn\/index.php?rest_route=%2Fwp%2Fv2%2Fmedia&parent=16713"}],"wp:term":[{"taxonomy":"product_cat","embeddable":true,"href":"https:\/\/para-pharmacity.tn\/index.php?rest_route=%2Fwp%2Fv2%2Fproduct_cat&post=16713"},{"taxonomy":"product_tag","embeddable":true,"href":"https:\/\/para-pharmacity.tn\/index.php?rest_route=%2Fwp%2Fv2%2Fproduct_tag&post=16713"}],"curies":[{"name":"wp","href":"https:\/\/api.w.org\/{rel}","templated":true}]}}