{"id":16712,"date":"2024-07-10T22:58:46","date_gmt":"2024-07-10T22:58:46","guid":{"rendered":"https:\/\/para-pharmacity.tn\/?product=dermacare-cicarnica"},"modified":"2024-07-12T15:19:45","modified_gmt":"2024-07-12T15:19:45","slug":"dermacare-cicarnica","status":"publish","type":"product","link":"https:\/\/para-pharmacity.tn\/?product=dermacare-cicarnica","title":{"rendered":"DERMACARE CICARNICA"},"content":{"rendered":"<p>Cicarnica cr\u00e9me l\u00e9g\u00e9re qui pr\u00e9vient et acc\u00e9l\u00e9re la r\u00e9sorption des oed\u00e8mes et ecchymoses<\/p>\n","protected":false},"excerpt":{"rendered":"<p>Cicarnica cr\u00e9me l\u00e9g\u00e9re qui pr\u00e9vient et acc\u00e9l\u00e9re la r\u00e9sorption des oed\u00e8mes et ecchymoses<\/p>\n","protected":false},"featured_media":22684,"comment_status":"open","ping_status":"closed","template":"","meta":[],"product_cat":[20],"product_tag":[],"class_list":{"0":"post-16712","1":"product","2":"type-product","3":"status-publish","4":"has-post-thumbnail","6":"product_cat-accessories","8":"first","9":"instock","10":"shipping-taxable","11":"product-type-simple"},"jetpack_sharing_enabled":true,"_links":{"self":[{"href":"https:\/\/para-pharmacity.tn\/index.php?rest_route=\/wp\/v2\/product\/16712","targetHints":{"allow":["GET"]}}],"collection":[{"href":"https:\/\/para-pharmacity.tn\/index.php?rest_route=\/wp\/v2\/product"}],"about":[{"href":"https:\/\/para-pharmacity.tn\/index.php?rest_route=\/wp\/v2\/types\/product"}],"replies":[{"embeddable":true,"href":"https:\/\/para-pharmacity.tn\/index.php?rest_route=%2Fwp%2Fv2%2Fcomments&post=16712"}],"version-history":[{"count":1,"href":"https:\/\/para-pharmacity.tn\/index.php?rest_route=\/wp\/v2\/product\/16712\/revisions"}],"predecessor-version":[{"id":22685,"href":"https:\/\/para-pharmacity.tn\/index.php?rest_route=\/wp\/v2\/product\/16712\/revisions\/22685"}],"wp:featuredmedia":[{"embeddable":true,"href":"https:\/\/para-pharmacity.tn\/index.php?rest_route=\/wp\/v2\/media\/22684"}],"wp:attachment":[{"href":"https:\/\/para-pharmacity.tn\/index.php?rest_route=%2Fwp%2Fv2%2Fmedia&parent=16712"}],"wp:term":[{"taxonomy":"product_cat","embeddable":true,"href":"https:\/\/para-pharmacity.tn\/index.php?rest_route=%2Fwp%2Fv2%2Fproduct_cat&post=16712"},{"taxonomy":"product_tag","embeddable":true,"href":"https:\/\/para-pharmacity.tn\/index.php?rest_route=%2Fwp%2Fv2%2Fproduct_tag&post=16712"}],"curies":[{"name":"wp","href":"https:\/\/api.w.org\/{rel}","templated":true}]}}