{"id":16705,"date":"2024-07-10T22:58:42","date_gmt":"2024-07-10T22:58:42","guid":{"rendered":"https:\/\/para-pharmacity.tn\/?product=dermacare-aromaeane-coffret"},"modified":"2024-07-12T14:50:35","modified_gmt":"2024-07-12T14:50:35","slug":"dermacare-aromaeane-coffret","status":"publish","type":"product","link":"https:\/\/para-pharmacity.tn\/?product=dermacare-aromaeane-coffret","title":{"rendered":"DERMACARE AROMAEANE COFFRET"},"content":{"rendered":"<p>Shampooing doux apr\u00e8s traitement 100ML -D\u00e9graisse , assainit et favorise le d\u00e9collement\u00a0 des lentes -Apaise le cuir chevelu imit\u00e9 et les d\u00e9mangeaisons -Rend les cheveux non attractifs aux nouveaux poux. &#8211; Lotion traitante 100ML Solution pour application cutanee &#8211; Huile&#8230;<\/p>\n","protected":false},"excerpt":{"rendered":"<p>Shampooing doux apr\u00e8s traitement 100ML -D\u00e9graisse , assainit et favorise le d\u00e9collement\u00a0 des lentes -Apaise le cuir chevelu imit\u00e9 et<\/p>\n","protected":false},"featured_media":22670,"comment_status":"open","ping_status":"closed","template":"","meta":[],"product_cat":[20],"product_tag":[],"class_list":{"0":"post-16705","1":"product","2":"type-product","3":"status-publish","4":"has-post-thumbnail","6":"product_cat-accessories","8":"first","9":"instock","10":"shipping-taxable","11":"product-type-simple"},"jetpack_sharing_enabled":true,"_links":{"self":[{"href":"https:\/\/para-pharmacity.tn\/index.php?rest_route=\/wp\/v2\/product\/16705","targetHints":{"allow":["GET"]}}],"collection":[{"href":"https:\/\/para-pharmacity.tn\/index.php?rest_route=\/wp\/v2\/product"}],"about":[{"href":"https:\/\/para-pharmacity.tn\/index.php?rest_route=\/wp\/v2\/types\/product"}],"replies":[{"embeddable":true,"href":"https:\/\/para-pharmacity.tn\/index.php?rest_route=%2Fwp%2Fv2%2Fcomments&post=16705"}],"version-history":[{"count":2,"href":"https:\/\/para-pharmacity.tn\/index.php?rest_route=\/wp\/v2\/product\/16705\/revisions"}],"predecessor-version":[{"id":22671,"href":"https:\/\/para-pharmacity.tn\/index.php?rest_route=\/wp\/v2\/product\/16705\/revisions\/22671"}],"wp:featuredmedia":[{"embeddable":true,"href":"https:\/\/para-pharmacity.tn\/index.php?rest_route=\/wp\/v2\/media\/22670"}],"wp:attachment":[{"href":"https:\/\/para-pharmacity.tn\/index.php?rest_route=%2Fwp%2Fv2%2Fmedia&parent=16705"}],"wp:term":[{"taxonomy":"product_cat","embeddable":true,"href":"https:\/\/para-pharmacity.tn\/index.php?rest_route=%2Fwp%2Fv2%2Fproduct_cat&post=16705"},{"taxonomy":"product_tag","embeddable":true,"href":"https:\/\/para-pharmacity.tn\/index.php?rest_route=%2Fwp%2Fv2%2Fproduct_tag&post=16705"}],"curies":[{"name":"wp","href":"https:\/\/api.w.org\/{rel}","templated":true}]}}