{"id":16704,"date":"2024-07-10T22:58:42","date_gmt":"2024-07-10T22:58:42","guid":{"rendered":"https:\/\/para-pharmacity.tn\/?product=dermabiome-hydra-max-lait-hydr-200m"},"modified":"2024-07-12T14:46:59","modified_gmt":"2024-07-12T14:46:59","slug":"dermabiome-hydra-max-lait-hydr-200m","status":"publish","type":"product","link":"https:\/\/para-pharmacity.tn\/?product=dermabiome-hydra-max-lait-hydr-200m","title":{"rendered":"DERMABIOME HYDRA MAX LAIT HYDR 200M"},"content":{"rendered":"<p>Le lait corporel hydratant PRODERMA Hydra Max est sp\u00e9cialement formul\u00e9 pour r\u00e9pondre aux besoins des peaux s\u00e8ches. Enrichi en aloe vera, camomille et beurre de karit\u00e9, il offre une hydratation intense et un confort imm\u00e9diat. Sa texture onctueuse, non collante, en fait un alli\u00e9 parfait pour les peaux stress\u00e9es et d\u00e9vitalis\u00e9es.<\/p>\n","protected":false},"excerpt":{"rendered":"<p>Le lait corporel hydratant PRODERMA Hydra Max est sp\u00e9cialement formul\u00e9 pour r\u00e9pondre aux besoins des peaux s\u00e8ches. Enrichi en aloe<\/p>\n","protected":false},"featured_media":22667,"comment_status":"open","ping_status":"closed","template":"","meta":[],"product_cat":[20],"product_tag":[],"class_list":{"0":"post-16704","1":"product","2":"type-product","3":"status-publish","4":"has-post-thumbnail","6":"product_cat-accessories","8":"first","9":"instock","10":"shipping-taxable","11":"product-type-simple"},"jetpack_sharing_enabled":true,"_links":{"self":[{"href":"https:\/\/para-pharmacity.tn\/index.php?rest_route=\/wp\/v2\/product\/16704","targetHints":{"allow":["GET"]}}],"collection":[{"href":"https:\/\/para-pharmacity.tn\/index.php?rest_route=\/wp\/v2\/product"}],"about":[{"href":"https:\/\/para-pharmacity.tn\/index.php?rest_route=\/wp\/v2\/types\/product"}],"replies":[{"embeddable":true,"href":"https:\/\/para-pharmacity.tn\/index.php?rest_route=%2Fwp%2Fv2%2Fcomments&post=16704"}],"version-history":[{"count":1,"href":"https:\/\/para-pharmacity.tn\/index.php?rest_route=\/wp\/v2\/product\/16704\/revisions"}],"predecessor-version":[{"id":22668,"href":"https:\/\/para-pharmacity.tn\/index.php?rest_route=\/wp\/v2\/product\/16704\/revisions\/22668"}],"wp:featuredmedia":[{"embeddable":true,"href":"https:\/\/para-pharmacity.tn\/index.php?rest_route=\/wp\/v2\/media\/22667"}],"wp:attachment":[{"href":"https:\/\/para-pharmacity.tn\/index.php?rest_route=%2Fwp%2Fv2%2Fmedia&parent=16704"}],"wp:term":[{"taxonomy":"product_cat","embeddable":true,"href":"https:\/\/para-pharmacity.tn\/index.php?rest_route=%2Fwp%2Fv2%2Fproduct_cat&post=16704"},{"taxonomy":"product_tag","embeddable":true,"href":"https:\/\/para-pharmacity.tn\/index.php?rest_route=%2Fwp%2Fv2%2Fproduct_tag&post=16704"}],"curies":[{"name":"wp","href":"https:\/\/api.w.org\/{rel}","templated":true}]}}