{"id":16703,"date":"2024-07-10T22:58:42","date_gmt":"2024-07-10T22:58:42","guid":{"rendered":"https:\/\/para-pharmacity.tn\/?product=dermababy-linimyl-soin-bebe-250-ml"},"modified":"2024-07-12T14:44:49","modified_gmt":"2024-07-12T14:44:49","slug":"dermababy-linimyl-soin-bebe-250-ml","status":"publish","type":"product","link":"https:\/\/para-pharmacity.tn\/?product=dermababy-linimyl-soin-bebe-250-ml","title":{"rendered":"DERMABABY LINIMYL SOIN BEBE 250 ML"},"content":{"rendered":"<p>DERMABABY LINIMYL est un soin d\u2019origine naturelle, \u00e0 base d\u2019huile d\u2019olive et d\u2019hydroxyde de calcium, aux propri\u00e9t\u00e9s protectrice, nourrissante et adoucissante.Destin\u00e9e au nettoyage des peaux fragiles des nourrissons, notre formule est hypoallerg\u00e9nique* et a \u00e9t\u00e9 test\u00e9e sous contr\u00f4le p\u00e9diatrique et dermatologique.DERMABABY LINIMYL laisse un film protecteur qui aide \u00e0 pr\u00e9venir l\u2019apparition de rougeurs.A utiliser en usage quotidien pour le nettoyage et le soin du si\u00e8ge du nourrisson.Formule stabilis\u00e9e sans sels d\u2019aluminium, sans conservateur et sans parfum.Conseils d\u2019utilisationAgiter avant emploi. Lors du change de b\u00e9b\u00e9, d\u00e9poser un peu de DERMABABY LINIMYL sur un coton et nettoyer le si\u00e8ge de b\u00e9b\u00e9. Ne pas rincer.Renouveler l\u2019application aussi souvent que n\u00e9cessaire pour le soin de la peau de b\u00e9b\u00e9.CompositionEau, huile d\u2019olive, solution d\u2019hydroxyde de calcium, st\u00e9arate de glyc\u00e9rol, stabilisant.Info produithors stockConditionnementFlacon<\/p>\n<p>DERMABABY LINIMYL, 250mlDERMABABY LINIMYL est un soin d\u2019origine naturelle, \u00e0 base d\u2019huile d\u2019olive et d\u2019hydroxyde de calcium, aux propri\u00e9t\u00e9s protectrice, nourrissante et adoucissante.Destin\u00e9e au nettoyage des peaux fragiles des nourrissons, notre formule est hypoallerg\u00e9nique* et a \u00e9t\u00e9 test\u00e9e sous contr\u00f4le p\u00e9diatrique et dermatologique.<\/p>\n","protected":false},"excerpt":{"rendered":"<p>DERMABABY LINIMYL est un soin d\u2019origine naturelle, \u00e0 base d\u2019huile d\u2019olive et d\u2019hydroxyde de calcium, aux propri\u00e9t\u00e9s protectrice, nourrissante et<\/p>\n","protected":false},"featured_media":22664,"comment_status":"open","ping_status":"closed","template":"","meta":[],"product_cat":[20],"product_tag":[],"class_list":{"0":"post-16703","1":"product","2":"type-product","3":"status-publish","4":"has-post-thumbnail","6":"product_cat-accessories","8":"first","9":"instock","10":"shipping-taxable","11":"product-type-simple"},"jetpack_sharing_enabled":true,"_links":{"self":[{"href":"https:\/\/para-pharmacity.tn\/index.php?rest_route=\/wp\/v2\/product\/16703","targetHints":{"allow":["GET"]}}],"collection":[{"href":"https:\/\/para-pharmacity.tn\/index.php?rest_route=\/wp\/v2\/product"}],"about":[{"href":"https:\/\/para-pharmacity.tn\/index.php?rest_route=\/wp\/v2\/types\/product"}],"replies":[{"embeddable":true,"href":"https:\/\/para-pharmacity.tn\/index.php?rest_route=%2Fwp%2Fv2%2Fcomments&post=16703"}],"version-history":[{"count":2,"href":"https:\/\/para-pharmacity.tn\/index.php?rest_route=\/wp\/v2\/product\/16703\/revisions"}],"predecessor-version":[{"id":22666,"href":"https:\/\/para-pharmacity.tn\/index.php?rest_route=\/wp\/v2\/product\/16703\/revisions\/22666"}],"wp:featuredmedia":[{"embeddable":true,"href":"https:\/\/para-pharmacity.tn\/index.php?rest_route=\/wp\/v2\/media\/22664"}],"wp:attachment":[{"href":"https:\/\/para-pharmacity.tn\/index.php?rest_route=%2Fwp%2Fv2%2Fmedia&parent=16703"}],"wp:term":[{"taxonomy":"product_cat","embeddable":true,"href":"https:\/\/para-pharmacity.tn\/index.php?rest_route=%2Fwp%2Fv2%2Fproduct_cat&post=16703"},{"taxonomy":"product_tag","embeddable":true,"href":"https:\/\/para-pharmacity.tn\/index.php?rest_route=%2Fwp%2Fv2%2Fproduct_tag&post=16703"}],"curies":[{"name":"wp","href":"https:\/\/api.w.org\/{rel}","templated":true}]}}