{"id":16691,"date":"2024-07-10T22:58:38","date_gmt":"2024-07-10T22:58:38","guid":{"rendered":"https:\/\/para-pharmacity.tn\/?product=deo-homme-writer-200-ml"},"modified":"2024-07-12T14:38:47","modified_gmt":"2024-07-12T14:38:47","slug":"deo-homme-writer-200-ml","status":"publish","type":"product","link":"https:\/\/para-pharmacity.tn\/?product=deo-homme-writer-200-ml","title":{"rendered":"DEO HOMME WRITER 200 ML"},"content":{"rendered":"<p>&#8211; Writer est parfum puissant et sign\u00e9 \u00e0 la masculinit\u00e9 affirm\u00e9e et au sillage m\u00e9morable. Le parfum se laisse d\u00e9couvrir par une explosion de fra\u00eecheur.<\/p>\n<p>&#8211; C\u2019est un cocktail parfait d\u2019agrumes juteux d\u2019Italie et de lavande, rehauss\u00e9 de pomme verte croquante. Tr\u00e8s vite, le c\u0153ur floral se d\u00e9veloppe, r\u00e9v\u00e9lant l\u2019\u00e9vident g\u00e9ranium d\u2019\u00e9gypte m\u00eal\u00e9 aux notes incisives de l\u2019\u00e9l\u00e9mi.<\/p>\n<p>&#8211; La force bois\u00e9e du patchouli laisse deviner la richesse incroyable du fond, un accord unique d\u2019ambre gris, aux facettes vibrantes et min\u00e9rales qui fait \u00e9cho \u00e0 la noblesse du v\u00e9tiver.<\/p>\n<p>&#8211; Envelopp\u00e9 d\u2019un musc blanc, ce parfum sign\u00e9, d\u00e9veloppe son puissant et viril sillage des heures durant.<\/p>\n<p>&#8211; Volume : 200ml<\/p>\n","protected":false},"excerpt":{"rendered":"<p>&#8211; Writer est parfum puissant et sign\u00e9 \u00e0 la masculinit\u00e9 affirm\u00e9e et au sillage m\u00e9morable. Le parfum se laisse d\u00e9couvrir<\/p>\n","protected":false},"featured_media":22662,"comment_status":"open","ping_status":"closed","template":"","meta":[],"product_cat":[20],"product_tag":[],"class_list":{"0":"post-16691","1":"product","2":"type-product","3":"status-publish","4":"has-post-thumbnail","6":"product_cat-accessories","8":"first","9":"instock","10":"shipping-taxable","11":"product-type-simple"},"jetpack_sharing_enabled":true,"_links":{"self":[{"href":"https:\/\/para-pharmacity.tn\/index.php?rest_route=\/wp\/v2\/product\/16691","targetHints":{"allow":["GET"]}}],"collection":[{"href":"https:\/\/para-pharmacity.tn\/index.php?rest_route=\/wp\/v2\/product"}],"about":[{"href":"https:\/\/para-pharmacity.tn\/index.php?rest_route=\/wp\/v2\/types\/product"}],"replies":[{"embeddable":true,"href":"https:\/\/para-pharmacity.tn\/index.php?rest_route=%2Fwp%2Fv2%2Fcomments&post=16691"}],"version-history":[{"count":1,"href":"https:\/\/para-pharmacity.tn\/index.php?rest_route=\/wp\/v2\/product\/16691\/revisions"}],"predecessor-version":[{"id":22663,"href":"https:\/\/para-pharmacity.tn\/index.php?rest_route=\/wp\/v2\/product\/16691\/revisions\/22663"}],"wp:featuredmedia":[{"embeddable":true,"href":"https:\/\/para-pharmacity.tn\/index.php?rest_route=\/wp\/v2\/media\/22662"}],"wp:attachment":[{"href":"https:\/\/para-pharmacity.tn\/index.php?rest_route=%2Fwp%2Fv2%2Fmedia&parent=16691"}],"wp:term":[{"taxonomy":"product_cat","embeddable":true,"href":"https:\/\/para-pharmacity.tn\/index.php?rest_route=%2Fwp%2Fv2%2Fproduct_cat&post=16691"},{"taxonomy":"product_tag","embeddable":true,"href":"https:\/\/para-pharmacity.tn\/index.php?rest_route=%2Fwp%2Fv2%2Fproduct_tag&post=16691"}],"curies":[{"name":"wp","href":"https:\/\/api.w.org\/{rel}","templated":true}]}}