{"id":16689,"date":"2024-07-10T22:58:38","date_gmt":"2024-07-10T22:58:38","guid":{"rendered":"https:\/\/para-pharmacity.tn\/?product=deo-homme-up-energy-200ml"},"modified":"2024-07-12T14:34:44","modified_gmt":"2024-07-12T14:34:44","slug":"deo-homme-up-energy-200ml","status":"publish","type":"product","link":"https:\/\/para-pharmacity.tn\/?product=deo-homme-up-energy-200ml","title":{"rendered":"DEO HOMME UP ENERGY 200ML"},"content":{"rendered":"<p>&#8211; D\u00e9odorant pour homme.<\/p>\n<p>&#8211; Protection extr\u00eame.<\/p>\n<p>&#8211; Efficacit\u00e9 anti-transpirante.<\/p>\n<p>&#8211; Parfum bois\u00e9 longue dur\u00e9e.<\/p>\n<p>&#8211; C&rsquo;est un parfum de charme et de myst\u00e8re tel un joyau pr\u00e9cieux dans son \u00e9crin de velours.<\/p>\n<p>&#8211; Volume : 200ml<\/p>\n","protected":false},"excerpt":{"rendered":"<p>&#8211; D\u00e9odorant pour homme. &#8211; Protection extr\u00eame. &#8211; Efficacit\u00e9 anti-transpirante. &#8211; Parfum bois\u00e9 longue dur\u00e9e. &#8211; C&rsquo;est un parfum de<\/p>\n","protected":false},"featured_media":22659,"comment_status":"open","ping_status":"closed","template":"","meta":[],"product_cat":[20],"product_tag":[],"class_list":{"0":"post-16689","1":"product","2":"type-product","3":"status-publish","4":"has-post-thumbnail","6":"product_cat-accessories","8":"first","9":"instock","10":"shipping-taxable","11":"product-type-simple"},"jetpack_sharing_enabled":true,"_links":{"self":[{"href":"https:\/\/para-pharmacity.tn\/index.php?rest_route=\/wp\/v2\/product\/16689","targetHints":{"allow":["GET"]}}],"collection":[{"href":"https:\/\/para-pharmacity.tn\/index.php?rest_route=\/wp\/v2\/product"}],"about":[{"href":"https:\/\/para-pharmacity.tn\/index.php?rest_route=\/wp\/v2\/types\/product"}],"replies":[{"embeddable":true,"href":"https:\/\/para-pharmacity.tn\/index.php?rest_route=%2Fwp%2Fv2%2Fcomments&post=16689"}],"version-history":[{"count":1,"href":"https:\/\/para-pharmacity.tn\/index.php?rest_route=\/wp\/v2\/product\/16689\/revisions"}],"predecessor-version":[{"id":22660,"href":"https:\/\/para-pharmacity.tn\/index.php?rest_route=\/wp\/v2\/product\/16689\/revisions\/22660"}],"wp:featuredmedia":[{"embeddable":true,"href":"https:\/\/para-pharmacity.tn\/index.php?rest_route=\/wp\/v2\/media\/22659"}],"wp:attachment":[{"href":"https:\/\/para-pharmacity.tn\/index.php?rest_route=%2Fwp%2Fv2%2Fmedia&parent=16689"}],"wp:term":[{"taxonomy":"product_cat","embeddable":true,"href":"https:\/\/para-pharmacity.tn\/index.php?rest_route=%2Fwp%2Fv2%2Fproduct_cat&post=16689"},{"taxonomy":"product_tag","embeddable":true,"href":"https:\/\/para-pharmacity.tn\/index.php?rest_route=%2Fwp%2Fv2%2Fproduct_tag&post=16689"}],"curies":[{"name":"wp","href":"https:\/\/api.w.org\/{rel}","templated":true}]}}