{"id":16685,"date":"2024-07-10T22:58:36","date_gmt":"2024-07-10T22:58:36","guid":{"rendered":"https:\/\/para-pharmacity.tn\/?product=deo-homme-incidence-150-ml"},"modified":"2024-07-12T14:17:25","modified_gmt":"2024-07-12T14:17:25","slug":"deo-homme-incidence-150-ml","status":"publish","type":"product","link":"https:\/\/para-pharmacity.tn\/?product=deo-homme-incidence-150-ml","title":{"rendered":"DEO HOMME INCIDENCE 150 ML"},"content":{"rendered":"<p>&#8211; Un d\u00e9odorant parfumant pour homme, pour sentir bon toute la journ\u00e9e<\/p>\n<p>&#8211; Le d\u00e9odorant parfumant axe provocation r\u00e9v\u00e8le ta masculinit\u00e9<\/p>\n<p>&#8211; Axe provocation c&rsquo;est un parfum original et vibrant, avec des accords \u00e0 la fois sucr\u00e9s et sexy, \u00e9pic\u00e9s et modernes<\/p>\n<p>&#8211; Tel un fruit d\u00e9fendu, axe\u00a0 provocation est un m\u00e9lange \u00e0 croquer, dont il faudrait pourtant se m\u00e9fier !<\/p>\n<p>&#8211; Un parfum bois\u00e9 avec un soup\u00e7on de douceur; un m\u00e9lange de noix de coco, de noisette et de caramel.<\/p>\n<p>&#8211; Un d\u00e9odorant haut de gamme pour la vie de tous les jours.<\/p>\n<p>&#8211; Volume : 150ml<\/p>\n","protected":false},"excerpt":{"rendered":"<p>&#8211; Un d\u00e9odorant parfumant pour homme, pour sentir bon toute la journ\u00e9e &#8211; Le d\u00e9odorant parfumant axe provocation r\u00e9v\u00e8le ta<\/p>\n","protected":false},"featured_media":22651,"comment_status":"open","ping_status":"closed","template":"","meta":[],"product_cat":[20],"product_tag":[],"class_list":{"0":"post-16685","1":"product","2":"type-product","3":"status-publish","4":"has-post-thumbnail","6":"product_cat-accessories","8":"first","9":"instock","10":"shipping-taxable","11":"product-type-simple"},"jetpack_sharing_enabled":true,"_links":{"self":[{"href":"https:\/\/para-pharmacity.tn\/index.php?rest_route=\/wp\/v2\/product\/16685","targetHints":{"allow":["GET"]}}],"collection":[{"href":"https:\/\/para-pharmacity.tn\/index.php?rest_route=\/wp\/v2\/product"}],"about":[{"href":"https:\/\/para-pharmacity.tn\/index.php?rest_route=\/wp\/v2\/types\/product"}],"replies":[{"embeddable":true,"href":"https:\/\/para-pharmacity.tn\/index.php?rest_route=%2Fwp%2Fv2%2Fcomments&post=16685"}],"version-history":[{"count":1,"href":"https:\/\/para-pharmacity.tn\/index.php?rest_route=\/wp\/v2\/product\/16685\/revisions"}],"predecessor-version":[{"id":22652,"href":"https:\/\/para-pharmacity.tn\/index.php?rest_route=\/wp\/v2\/product\/16685\/revisions\/22652"}],"wp:featuredmedia":[{"embeddable":true,"href":"https:\/\/para-pharmacity.tn\/index.php?rest_route=\/wp\/v2\/media\/22651"}],"wp:attachment":[{"href":"https:\/\/para-pharmacity.tn\/index.php?rest_route=%2Fwp%2Fv2%2Fmedia&parent=16685"}],"wp:term":[{"taxonomy":"product_cat","embeddable":true,"href":"https:\/\/para-pharmacity.tn\/index.php?rest_route=%2Fwp%2Fv2%2Fproduct_cat&post=16685"},{"taxonomy":"product_tag","embeddable":true,"href":"https:\/\/para-pharmacity.tn\/index.php?rest_route=%2Fwp%2Fv2%2Fproduct_tag&post=16685"}],"curies":[{"name":"wp","href":"https:\/\/api.w.org\/{rel}","templated":true}]}}