{"id":16682,"date":"2024-07-10T22:58:35","date_gmt":"2024-07-10T22:58:35","guid":{"rendered":"https:\/\/para-pharmacity.tn\/?product=deo-homme-aviator-black-200-ml"},"modified":"2024-07-12T14:09:32","modified_gmt":"2024-07-12T14:09:32","slug":"deo-homme-aviator-black-200-ml","status":"publish","type":"product","link":"https:\/\/para-pharmacity.tn\/?product=deo-homme-aviator-black-200-ml","title":{"rendered":"DEO HOMME AVIATOR BLACK 200 ML"},"content":{"rendered":"<p>Un parfum intense qui captive la fra\u00eecheur, d\u00e9di\u00e9 \u00e0 l\u2019homme \u00e9l\u00e9gant et occup\u00e9.<br \/>\nUn parfum masculin avec un d\u00e9part tr\u00e8s frais, p\u00e9tillant et lumineux gr\u00e2ce \u00e0 un beau m\u00e9lange de bergamote, citron et coriandre verte.<br \/>\nLe c\u0153ur d\u00e9montre la sensation fruit\u00e9e de la fleur de n\u00e9roli, de d\u00e9licats p\u00e9tales de jasmin et de muscade \u00e9pic\u00e9e.<br \/>\nLe dry-down exhale un sillage \u00e0 la fois rare et \u00e9l\u00e9gant de bois de santal et de c\u00e8dre, renforc\u00e9 par le m\u00e9lange sensuel de musc et d\u2019ambrox, donnant finalement \u00e0 ce parfum sa signature contrast\u00e9e et unique.<br \/>\nComment utiliser<br \/>\nVaporisez le parfum \u00e0 quelques centim\u00e8tres de votre peau, en vous concentrant sur les points chauds (cou, \u00e0 l\u2019int\u00e9rieur des poignets et des coudes, et derri\u00e8re le lobe de l\u2019oreille) pour expirer un parfum unique.<br \/>\nPyramide olfactive<br \/>\nBois\u00e9 oriental<br \/>\nNote de t\u00eate\u00a0: Bergamote, citron, coriandre verte<br \/>\nNote de coeur\u00a0: fleur de n\u00e9roli, jasmin, muscade<br \/>\nNote de base\u00a0: bois de santal, bois de c\u00e8dre, musc, ambrox<\/p>\n","protected":false},"excerpt":{"rendered":"<p>Un parfum intense qui captive la fra\u00eecheur, d\u00e9di\u00e9 \u00e0 l\u2019homme \u00e9l\u00e9gant et occup\u00e9. Un parfum masculin avec un d\u00e9part tr\u00e8s<\/p>\n","protected":false},"featured_media":22645,"comment_status":"open","ping_status":"closed","template":"","meta":[],"product_cat":[20],"product_tag":[],"class_list":{"0":"post-16682","1":"product","2":"type-product","3":"status-publish","4":"has-post-thumbnail","6":"product_cat-accessories","8":"first","9":"instock","10":"shipping-taxable","11":"product-type-simple"},"jetpack_sharing_enabled":true,"_links":{"self":[{"href":"https:\/\/para-pharmacity.tn\/index.php?rest_route=\/wp\/v2\/product\/16682","targetHints":{"allow":["GET"]}}],"collection":[{"href":"https:\/\/para-pharmacity.tn\/index.php?rest_route=\/wp\/v2\/product"}],"about":[{"href":"https:\/\/para-pharmacity.tn\/index.php?rest_route=\/wp\/v2\/types\/product"}],"replies":[{"embeddable":true,"href":"https:\/\/para-pharmacity.tn\/index.php?rest_route=%2Fwp%2Fv2%2Fcomments&post=16682"}],"version-history":[{"count":1,"href":"https:\/\/para-pharmacity.tn\/index.php?rest_route=\/wp\/v2\/product\/16682\/revisions"}],"predecessor-version":[{"id":22646,"href":"https:\/\/para-pharmacity.tn\/index.php?rest_route=\/wp\/v2\/product\/16682\/revisions\/22646"}],"wp:featuredmedia":[{"embeddable":true,"href":"https:\/\/para-pharmacity.tn\/index.php?rest_route=\/wp\/v2\/media\/22645"}],"wp:attachment":[{"href":"https:\/\/para-pharmacity.tn\/index.php?rest_route=%2Fwp%2Fv2%2Fmedia&parent=16682"}],"wp:term":[{"taxonomy":"product_cat","embeddable":true,"href":"https:\/\/para-pharmacity.tn\/index.php?rest_route=%2Fwp%2Fv2%2Fproduct_cat&post=16682"},{"taxonomy":"product_tag","embeddable":true,"href":"https:\/\/para-pharmacity.tn\/index.php?rest_route=%2Fwp%2Fv2%2Fproduct_tag&post=16682"}],"curies":[{"name":"wp","href":"https:\/\/api.w.org\/{rel}","templated":true}]}}