{"id":16679,"date":"2024-07-10T22:58:33","date_gmt":"2024-07-10T22:58:33","guid":{"rendered":"https:\/\/para-pharmacity.tn\/?product=deo-homme-almatino-skyline-200ml"},"modified":"2024-07-12T14:06:38","modified_gmt":"2024-07-12T14:06:38","slug":"deo-homme-almatino-skyline-200ml","status":"publish","type":"product","link":"https:\/\/para-pharmacity.tn\/?product=deo-homme-almatino-skyline-200ml","title":{"rendered":"DEO HOMME ALMATINO SKYLINE 200ML"},"content":{"rendered":"<p>Parfum d\u2019exc\u00e8s, plein de contrastes, vibrant et sensuel Al Matino Skyline est un parfum avec une vibration particuli\u00e8re. Un parfum frais, br\u00fblant, envo\u00fbtant.<\/p>\n<p>Un magnifique contraste entre l\u2019effet frais, piquant et aromatique du citron vert, du gingembre et de la lavande au sommet, et les notes orientales et sensuelles de patchouli, d\u2019encens, de vanille et de bois d\u2019ambre au c\u0153ur et \u00e0 la base. .<br \/>\nComment utiliser<br \/>\nVaporiser le d\u00e9odorant sous les aisselles sur une peau propre et s\u00e8che. \u00c9viter l\u2019application apr\u00e8s l\u2019\u00e9pilation. Ne pas vaporiser dans le sens des yeux ou des muqueuses.<br \/>\nPyramide olfactive<br \/>\nOriental Woody<br \/>\nNote de t\u00eate\u00a0: Citron vert, gingembre, lavande<br \/>\nNote de coeur\u00a0: Patchouli, Encens<br \/>\nNote de fond\u00a0: Vanille, Bois d\u2019ambre<\/p>\n","protected":false},"excerpt":{"rendered":"<p>Parfum d\u2019exc\u00e8s, plein de contrastes, vibrant et sensuel Al Matino Skyline est un parfum avec une vibration particuli\u00e8re. Un parfum<\/p>\n","protected":false},"featured_media":22641,"comment_status":"open","ping_status":"closed","template":"","meta":[],"product_cat":[20],"product_tag":[],"class_list":{"0":"post-16679","1":"product","2":"type-product","3":"status-publish","4":"has-post-thumbnail","6":"product_cat-accessories","8":"first","9":"instock","10":"shipping-taxable","11":"product-type-simple"},"jetpack_sharing_enabled":true,"_links":{"self":[{"href":"https:\/\/para-pharmacity.tn\/index.php?rest_route=\/wp\/v2\/product\/16679","targetHints":{"allow":["GET"]}}],"collection":[{"href":"https:\/\/para-pharmacity.tn\/index.php?rest_route=\/wp\/v2\/product"}],"about":[{"href":"https:\/\/para-pharmacity.tn\/index.php?rest_route=\/wp\/v2\/types\/product"}],"replies":[{"embeddable":true,"href":"https:\/\/para-pharmacity.tn\/index.php?rest_route=%2Fwp%2Fv2%2Fcomments&post=16679"}],"version-history":[{"count":1,"href":"https:\/\/para-pharmacity.tn\/index.php?rest_route=\/wp\/v2\/product\/16679\/revisions"}],"predecessor-version":[{"id":22644,"href":"https:\/\/para-pharmacity.tn\/index.php?rest_route=\/wp\/v2\/product\/16679\/revisions\/22644"}],"wp:featuredmedia":[{"embeddable":true,"href":"https:\/\/para-pharmacity.tn\/index.php?rest_route=\/wp\/v2\/media\/22641"}],"wp:attachment":[{"href":"https:\/\/para-pharmacity.tn\/index.php?rest_route=%2Fwp%2Fv2%2Fmedia&parent=16679"}],"wp:term":[{"taxonomy":"product_cat","embeddable":true,"href":"https:\/\/para-pharmacity.tn\/index.php?rest_route=%2Fwp%2Fv2%2Fproduct_cat&post=16679"},{"taxonomy":"product_tag","embeddable":true,"href":"https:\/\/para-pharmacity.tn\/index.php?rest_route=%2Fwp%2Fv2%2Fproduct_tag&post=16679"}],"curies":[{"name":"wp","href":"https:\/\/api.w.org\/{rel}","templated":true}]}}