{"id":16675,"date":"2024-07-10T22:58:32","date_gmt":"2024-07-10T22:58:32","guid":{"rendered":"https:\/\/para-pharmacity.tn\/?product=deo-femme-verona-love69"},"modified":"2024-07-12T13:30:06","modified_gmt":"2024-07-12T13:30:06","slug":"deo-femme-verona-love69","status":"publish","type":"product","link":"https:\/\/para-pharmacity.tn\/?product=deo-femme-verona-love69","title":{"rendered":"DEO FEMME VERONA LOVE69"},"content":{"rendered":"<p>Comme un rayon de soleil, ce parfum flamboyant est illumin\u00e9 par ses notes fruit\u00e9es et chatoyantes de Cassis, Poire, P\u00eache et Framboise.<br \/>\nIl d\u00e9voile en c\u0153ur un d\u00e9licieux bouquet floral mettant en sc\u00e8ne Rose, Jasmin, Stephanotis et Fleur d\u2019Oranger. La base sensuelle r\u00e9v\u00e8le la chaleur des notes bois\u00e9es du bois de santal dans la douceur des muscs blancs.<br \/>\nComment utiliser<br \/>\nVaporisez le parfum \u00e0 quelques centim\u00e8tres de votre peau, en vous concentrant sur les points chauds (le cou, l\u2019int\u00e9rieur des poignets, les coudes et derri\u00e8re le lobe de l\u2019oreille), pour expirer un parfum unique.<br \/>\nPyramide olfactive<br \/>\nFruit\u00e9 floral<br \/>\nNote de t\u00eate\u00a0: poire, cassis, framboise<br \/>\nNote de coeur\u00a0: Rose, P\u00eache, Stephanotis, Jasmin Sambac<br \/>\nNote de base\u00a0: Iris, Patchouli, Muscs, Bois de santal<br \/>\nautres capacit\u00e9s<\/p>\n","protected":false},"excerpt":{"rendered":"<p>Comme un rayon de soleil, ce parfum flamboyant est illumin\u00e9 par ses notes fruit\u00e9es et chatoyantes de Cassis, Poire, P\u00eache<\/p>\n","protected":false},"featured_media":22621,"comment_status":"open","ping_status":"closed","template":"","meta":[],"product_cat":[20],"product_tag":[],"class_list":{"0":"post-16675","1":"product","2":"type-product","3":"status-publish","4":"has-post-thumbnail","6":"product_cat-accessories","8":"first","9":"instock","10":"shipping-taxable","11":"product-type-simple"},"jetpack_sharing_enabled":true,"_links":{"self":[{"href":"https:\/\/para-pharmacity.tn\/index.php?rest_route=\/wp\/v2\/product\/16675","targetHints":{"allow":["GET"]}}],"collection":[{"href":"https:\/\/para-pharmacity.tn\/index.php?rest_route=\/wp\/v2\/product"}],"about":[{"href":"https:\/\/para-pharmacity.tn\/index.php?rest_route=\/wp\/v2\/types\/product"}],"replies":[{"embeddable":true,"href":"https:\/\/para-pharmacity.tn\/index.php?rest_route=%2Fwp%2Fv2%2Fcomments&post=16675"}],"version-history":[{"count":2,"href":"https:\/\/para-pharmacity.tn\/index.php?rest_route=\/wp\/v2\/product\/16675\/revisions"}],"predecessor-version":[{"id":22622,"href":"https:\/\/para-pharmacity.tn\/index.php?rest_route=\/wp\/v2\/product\/16675\/revisions\/22622"}],"wp:featuredmedia":[{"embeddable":true,"href":"https:\/\/para-pharmacity.tn\/index.php?rest_route=\/wp\/v2\/media\/22621"}],"wp:attachment":[{"href":"https:\/\/para-pharmacity.tn\/index.php?rest_route=%2Fwp%2Fv2%2Fmedia&parent=16675"}],"wp:term":[{"taxonomy":"product_cat","embeddable":true,"href":"https:\/\/para-pharmacity.tn\/index.php?rest_route=%2Fwp%2Fv2%2Fproduct_cat&post=16675"},{"taxonomy":"product_tag","embeddable":true,"href":"https:\/\/para-pharmacity.tn\/index.php?rest_route=%2Fwp%2Fv2%2Fproduct_tag&post=16675"}],"curies":[{"name":"wp","href":"https:\/\/api.w.org\/{rel}","templated":true}]}}