{"id":16674,"date":"2024-07-10T22:58:31","date_gmt":"2024-07-10T22:58:31","guid":{"rendered":"https:\/\/para-pharmacity.tn\/?product=deo-femme-verona-intense-200-ml"},"modified":"2024-07-12T13:55:15","modified_gmt":"2024-07-12T13:55:15","slug":"deo-femme-verona-intense-200-ml","status":"publish","type":"product","link":"https:\/\/para-pharmacity.tn\/?product=deo-femme-verona-intense-200-ml","title":{"rendered":"DEO FEMME VERONA INTENSE 200 ML"},"content":{"rendered":"<p>Ce parfum envo\u00fbtant s\u2019ouvre sur l\u2019\u00e9clat magique d\u2019un accord fruit\u00e9 m\u00ealant la p\u00eache velout\u00e9e \u00e0 la fra\u00eecheur du pamplemousse, rehauss\u00e9e d\u2019une pointe \u00e9pic\u00e9e de poivre rose.<br \/>\nLe c\u0153ur ultra-f\u00e9minin d\u00e9voile un d\u00e9licieux bouquet de fleurs tendres et g\u00e9n\u00e9reuses, alliant la sensualit\u00e9 du jasmin et la douceur de la rose et du freesia au parfum d\u00e9licatement poudr\u00e9 de l\u2019iris.<br \/>\nLe sentier gourmand et addictif r\u00e9v\u00e8le la pr\u00e9sence de bois pr\u00e9cieux, tels que le c\u00e8dre, enroul\u00e9s dans la douceur des muscs.<br \/>\nComment utiliser<br \/>\nVaporisez le parfum \u00e0 quelques centim\u00e8tres de votre peau, en favorisant les points chauds (le cou, l\u2019int\u00e9rieur des poignets, les coudes et derri\u00e8re le lobe de l\u2019oreille), pour expirer un parfum unique.<br \/>\nPyramide olfactive<br \/>\nFruit\u00e9 floral<br \/>\nNote de t\u00eate\u00a0: poivre rose, cassis, poire, feuille violette<br \/>\nNote de coeur\u00a0: Rose, P\u00eache, Framboise, Stephanotis, Jasmin Sambac<br \/>\nNote de base\u00a0: Patchouli, Iris, Musc, Bois de santal<\/p>\n","protected":false},"excerpt":{"rendered":"<p>Ce parfum envo\u00fbtant s\u2019ouvre sur l\u2019\u00e9clat magique d\u2019un accord fruit\u00e9 m\u00ealant la p\u00eache velout\u00e9e \u00e0 la fra\u00eecheur du pamplemousse, rehauss\u00e9e<\/p>\n","protected":false},"featured_media":22618,"comment_status":"open","ping_status":"closed","template":"","meta":[],"product_cat":[20],"product_tag":[],"class_list":{"0":"post-16674","1":"product","2":"type-product","3":"status-publish","4":"has-post-thumbnail","6":"product_cat-accessories","8":"first","9":"instock","10":"shipping-taxable","11":"product-type-simple"},"jetpack_sharing_enabled":true,"_links":{"self":[{"href":"https:\/\/para-pharmacity.tn\/index.php?rest_route=\/wp\/v2\/product\/16674","targetHints":{"allow":["GET"]}}],"collection":[{"href":"https:\/\/para-pharmacity.tn\/index.php?rest_route=\/wp\/v2\/product"}],"about":[{"href":"https:\/\/para-pharmacity.tn\/index.php?rest_route=\/wp\/v2\/types\/product"}],"replies":[{"embeddable":true,"href":"https:\/\/para-pharmacity.tn\/index.php?rest_route=%2Fwp%2Fv2%2Fcomments&post=16674"}],"version-history":[{"count":3,"href":"https:\/\/para-pharmacity.tn\/index.php?rest_route=\/wp\/v2\/product\/16674\/revisions"}],"predecessor-version":[{"id":22636,"href":"https:\/\/para-pharmacity.tn\/index.php?rest_route=\/wp\/v2\/product\/16674\/revisions\/22636"}],"wp:featuredmedia":[{"embeddable":true,"href":"https:\/\/para-pharmacity.tn\/index.php?rest_route=\/wp\/v2\/media\/22618"}],"wp:attachment":[{"href":"https:\/\/para-pharmacity.tn\/index.php?rest_route=%2Fwp%2Fv2%2Fmedia&parent=16674"}],"wp:term":[{"taxonomy":"product_cat","embeddable":true,"href":"https:\/\/para-pharmacity.tn\/index.php?rest_route=%2Fwp%2Fv2%2Fproduct_cat&post=16674"},{"taxonomy":"product_tag","embeddable":true,"href":"https:\/\/para-pharmacity.tn\/index.php?rest_route=%2Fwp%2Fv2%2Fproduct_tag&post=16674"}],"curies":[{"name":"wp","href":"https:\/\/api.w.org\/{rel}","templated":true}]}}