{"id":16672,"date":"2024-07-10T22:58:31","date_gmt":"2024-07-10T22:58:31","guid":{"rendered":"https:\/\/para-pharmacity.tn\/?product=deo-femme-up-lovely-200ml"},"modified":"2024-07-12T13:20:50","modified_gmt":"2024-07-12T13:20:50","slug":"deo-femme-up-lovely-200ml","status":"publish","type":"product","link":"https:\/\/para-pharmacity.tn\/?product=deo-femme-up-lovely-200ml","title":{"rendered":"DEO FEMME UP LOVELY 200ML"},"content":{"rendered":"<p>&#8211; D\u00e9odorant Spray up pour femme, une femme vivant sous une bonne \u00e9toile. Elle est unique, joyeuse, forte, passionn\u00e9e et toujours sans aucun doute elle-m\u00eame. L&#8217;emballage est tr\u00e8s luxueux avec une riche bo\u00eete de perles. Les couleurs rouge et rouge bordeau de la bouteille cr\u00e9ent une fusion envo\u00fbtante de m\u00e9tal et de verre. Le parfum est luxueux, puissant et sensuel.<\/p>\n<p>&#8211; Un m\u00e9lange de fleurs capiteuses et de nectars de fruits.<\/p>\n<p>&#8211; D\u00e9odorant Spray up est un croquant frais tr\u00e8s suave pour les dames.<\/p>\n<p>&#8211; Une fra\u00eecheur et un soup\u00e7on de sensualit\u00e9 et de f\u00e9minit\u00e9 compl\u00e8tent ce parfum \u00e9tonnant qui est un must pour chaque femme \u00e0 avoir avec elle.<\/p>\n<p>&#8211; Volume : 200ml<\/p>\n","protected":false},"excerpt":{"rendered":"<p>&#8211; D\u00e9odorant Spray up pour femme, une femme vivant sous une bonne \u00e9toile. Elle est unique, joyeuse, forte, passionn\u00e9e et<\/p>\n","protected":false},"featured_media":22611,"comment_status":"open","ping_status":"closed","template":"","meta":[],"product_cat":[20],"product_tag":[],"class_list":{"0":"post-16672","1":"product","2":"type-product","3":"status-publish","4":"has-post-thumbnail","6":"product_cat-accessories","8":"first","9":"instock","10":"shipping-taxable","11":"product-type-simple"},"jetpack_sharing_enabled":true,"_links":{"self":[{"href":"https:\/\/para-pharmacity.tn\/index.php?rest_route=\/wp\/v2\/product\/16672","targetHints":{"allow":["GET"]}}],"collection":[{"href":"https:\/\/para-pharmacity.tn\/index.php?rest_route=\/wp\/v2\/product"}],"about":[{"href":"https:\/\/para-pharmacity.tn\/index.php?rest_route=\/wp\/v2\/types\/product"}],"replies":[{"embeddable":true,"href":"https:\/\/para-pharmacity.tn\/index.php?rest_route=%2Fwp%2Fv2%2Fcomments&post=16672"}],"version-history":[{"count":1,"href":"https:\/\/para-pharmacity.tn\/index.php?rest_route=\/wp\/v2\/product\/16672\/revisions"}],"predecessor-version":[{"id":22612,"href":"https:\/\/para-pharmacity.tn\/index.php?rest_route=\/wp\/v2\/product\/16672\/revisions\/22612"}],"wp:featuredmedia":[{"embeddable":true,"href":"https:\/\/para-pharmacity.tn\/index.php?rest_route=\/wp\/v2\/media\/22611"}],"wp:attachment":[{"href":"https:\/\/para-pharmacity.tn\/index.php?rest_route=%2Fwp%2Fv2%2Fmedia&parent=16672"}],"wp:term":[{"taxonomy":"product_cat","embeddable":true,"href":"https:\/\/para-pharmacity.tn\/index.php?rest_route=%2Fwp%2Fv2%2Fproduct_cat&post=16672"},{"taxonomy":"product_tag","embeddable":true,"href":"https:\/\/para-pharmacity.tn\/index.php?rest_route=%2Fwp%2Fv2%2Fproduct_tag&post=16672"}],"curies":[{"name":"wp","href":"https:\/\/api.w.org\/{rel}","templated":true}]}}