{"id":16671,"date":"2024-07-10T22:58:30","date_gmt":"2024-07-10T22:58:30","guid":{"rendered":"https:\/\/para-pharmacity.tn\/?product=deo-femme-up-life-200ml"},"modified":"2024-07-12T13:19:07","modified_gmt":"2024-07-12T13:19:07","slug":"deo-femme-up-life-200ml","status":"publish","type":"product","link":"https:\/\/para-pharmacity.tn\/?product=deo-femme-up-life-200ml","title":{"rendered":"DEO FEMME UP LIFE 200ML"},"content":{"rendered":"<p>D\u00e9couvrez le\u00a0<a href=\"https:\/\/sangour.tn\/product\/up-deodorant-life-200ml\/\">DEODORANT 200ML LIFE<\/a>\u00a0de la marque\u00a0<a href=\"https:\/\/sangour.tn\/marque\/up-care\/\">UP CARE<\/a>\u00a0disponible sur notre site vente en ligne\u00a0<a href=\"https:\/\/sangour.tn\/\">sangour.tn<\/a>\u00a0\u00e0 bas prix en Tunisie , une solution id\u00e9ale pour rester frais et confiant tout au long de la journ\u00e9e.<\/p>\n<p>Ce\u00a0<a href=\"https:\/\/sangour.tn\/product\/up-deodorant-life-200ml\/\">DEODORANT<\/a>\u00a0de haute qualit\u00e9 offre une protection efficace contre la transpiration et les odeurs d\u00e9sagr\u00e9ables. Son format g\u00e9n\u00e9reux de 200ml vous permettra de profiter d\u2019une longue dur\u00e9e d\u2019utilisation .<\/p>\n<p>Avec sa formule avanc\u00e9e, Il prend soin de votre peau en respectant son \u00e9quilibre naturel, contribuant ainsi \u00e0 une\u00a0<a href=\"https:\/\/sangour.tn\/product-category\/hygiene-corporelle\/\">hygiene corporelle<\/a>\u00a0irr\u00e9prochable<\/p>\n<p>Son parfum d\u00e9licat vous entoure d\u2019une aura agr\u00e9able et revitalisante, vous offrant une exp\u00e9rience rafra\u00eechissante et agr\u00e9able .<\/p>\n<p>N\u2019h\u00e9sitez plus et procurez-vous ce\u00a0<a href=\"https:\/\/sangour.tn\/product\/up-deodorant-life-200ml\/\">DEODORANT de 200ml LIFE<\/a>\u00a0pour une sensation de fra\u00eecheur .<\/p>\n<p>Commandez d\u00e9s maintenant et profitez de la confiance qu\u2019il apporte \u00e0 votre quotidien.<\/p>\n<p>B\u00e9n\u00e9ficiez d\u2019une livraison rapide sur toute la Tunisie .<\/p>\n","protected":false},"excerpt":{"rendered":"<p>D\u00e9couvrez le\u00a0DEODORANT 200ML LIFE\u00a0de la marque\u00a0UP CARE\u00a0disponible sur notre site vente en ligne\u00a0sangour.tn\u00a0\u00e0 bas prix en Tunisie , une solution<\/p>\n","protected":false},"featured_media":22608,"comment_status":"open","ping_status":"closed","template":"","meta":[],"product_cat":[20],"product_tag":[],"class_list":{"0":"post-16671","1":"product","2":"type-product","3":"status-publish","4":"has-post-thumbnail","6":"product_cat-accessories","8":"first","9":"instock","10":"shipping-taxable","11":"product-type-simple"},"jetpack_sharing_enabled":true,"_links":{"self":[{"href":"https:\/\/para-pharmacity.tn\/index.php?rest_route=\/wp\/v2\/product\/16671","targetHints":{"allow":["GET"]}}],"collection":[{"href":"https:\/\/para-pharmacity.tn\/index.php?rest_route=\/wp\/v2\/product"}],"about":[{"href":"https:\/\/para-pharmacity.tn\/index.php?rest_route=\/wp\/v2\/types\/product"}],"replies":[{"embeddable":true,"href":"https:\/\/para-pharmacity.tn\/index.php?rest_route=%2Fwp%2Fv2%2Fcomments&post=16671"}],"version-history":[{"count":2,"href":"https:\/\/para-pharmacity.tn\/index.php?rest_route=\/wp\/v2\/product\/16671\/revisions"}],"predecessor-version":[{"id":22610,"href":"https:\/\/para-pharmacity.tn\/index.php?rest_route=\/wp\/v2\/product\/16671\/revisions\/22610"}],"wp:featuredmedia":[{"embeddable":true,"href":"https:\/\/para-pharmacity.tn\/index.php?rest_route=\/wp\/v2\/media\/22608"}],"wp:attachment":[{"href":"https:\/\/para-pharmacity.tn\/index.php?rest_route=%2Fwp%2Fv2%2Fmedia&parent=16671"}],"wp:term":[{"taxonomy":"product_cat","embeddable":true,"href":"https:\/\/para-pharmacity.tn\/index.php?rest_route=%2Fwp%2Fv2%2Fproduct_cat&post=16671"},{"taxonomy":"product_tag","embeddable":true,"href":"https:\/\/para-pharmacity.tn\/index.php?rest_route=%2Fwp%2Fv2%2Fproduct_tag&post=16671"}],"curies":[{"name":"wp","href":"https:\/\/api.w.org\/{rel}","templated":true}]}}