{"id":16667,"date":"2024-07-10T22:58:29","date_gmt":"2024-07-10T22:58:29","guid":{"rendered":"https:\/\/para-pharmacity.tn\/?product=deo-femme-sensual"},"modified":"2024-07-12T13:54:25","modified_gmt":"2024-07-12T13:54:25","slug":"deo-femme-sensual","status":"publish","type":"product","link":"https:\/\/para-pharmacity.tn\/?product=deo-femme-sensual","title":{"rendered":"DEO FEMME SENSUAL"},"content":{"rendered":"<p>Pour les femmes de toutes les g\u00e9n\u00e9rations, \u00e0 tout moment de la journ\u00e9e et en toutes saisons.<\/p>\n<div>\n<p><span class=\"_2iem\"><b>LELLA\u00a0SENSUELLE,<\/b>\u00a0une fragrance\u00a0<b>fraiche et fleurie<\/b>\u00a0avec des notes gourmandes qui fera\u00a0ressortir la femme sensuelle qui est en vous.\u00a0Plaisir des sens&#8230;<\/span><\/p>\n<\/div>\n","protected":false},"excerpt":{"rendered":"<p>Pour les femmes de toutes les g\u00e9n\u00e9rations, \u00e0 tout moment de la journ\u00e9e et en toutes saisons. LELLA\u00a0SENSUELLE,\u00a0une fragrance\u00a0fraiche et<\/p>\n","protected":false},"featured_media":22635,"comment_status":"open","ping_status":"closed","template":"","meta":[],"product_cat":[20],"product_tag":[],"class_list":{"0":"post-16667","1":"product","2":"type-product","3":"status-publish","4":"has-post-thumbnail","6":"product_cat-accessories","8":"first","9":"instock","10":"shipping-taxable","11":"product-type-simple"},"jetpack_sharing_enabled":true,"_links":{"self":[{"href":"https:\/\/para-pharmacity.tn\/index.php?rest_route=\/wp\/v2\/product\/16667","targetHints":{"allow":["GET"]}}],"collection":[{"href":"https:\/\/para-pharmacity.tn\/index.php?rest_route=\/wp\/v2\/product"}],"about":[{"href":"https:\/\/para-pharmacity.tn\/index.php?rest_route=\/wp\/v2\/types\/product"}],"replies":[{"embeddable":true,"href":"https:\/\/para-pharmacity.tn\/index.php?rest_route=%2Fwp%2Fv2%2Fcomments&post=16667"}],"version-history":[{"count":2,"href":"https:\/\/para-pharmacity.tn\/index.php?rest_route=\/wp\/v2\/product\/16667\/revisions"}],"predecessor-version":[{"id":22598,"href":"https:\/\/para-pharmacity.tn\/index.php?rest_route=\/wp\/v2\/product\/16667\/revisions\/22598"}],"wp:featuredmedia":[{"embeddable":true,"href":"https:\/\/para-pharmacity.tn\/index.php?rest_route=\/wp\/v2\/media\/22635"}],"wp:attachment":[{"href":"https:\/\/para-pharmacity.tn\/index.php?rest_route=%2Fwp%2Fv2%2Fmedia&parent=16667"}],"wp:term":[{"taxonomy":"product_cat","embeddable":true,"href":"https:\/\/para-pharmacity.tn\/index.php?rest_route=%2Fwp%2Fv2%2Fproduct_cat&post=16667"},{"taxonomy":"product_tag","embeddable":true,"href":"https:\/\/para-pharmacity.tn\/index.php?rest_route=%2Fwp%2Fv2%2Fproduct_tag&post=16667"}],"curies":[{"name":"wp","href":"https:\/\/api.w.org\/{rel}","templated":true}]}}