{"id":16666,"date":"2024-07-10T22:58:29","date_gmt":"2024-07-10T22:58:29","guid":{"rendered":"https:\/\/para-pharmacity.tn\/?product=deo-femme-sanderling-shine-200ml"},"modified":"2024-07-12T13:03:24","modified_gmt":"2024-07-12T13:03:24","slug":"deo-femme-sanderling-shine-200ml","status":"publish","type":"product","link":"https:\/\/para-pharmacity.tn\/?product=deo-femme-sanderling-shine-200ml","title":{"rendered":"DEO FEMME SANDERLING SHINE 200ML"},"content":{"rendered":"<p>&#8211; D\u00e9odorant spray pour femme : Famille florale, floral\u00a0 fruit\u00e9.<\/p>\n<p>&#8211; Une d\u00e9licieuse partition florale au charme irr\u00e9sistible Cette fragrance fascinante et lumineuse s\u2019envole sur les notes p\u00e9tillantes et joyeuses de la bergamote, de la feuille de violette et du cassis.<\/p>\n<p>&#8211; Elle \u00e9volue vers un c\u0153ur d\u00e9licieusement fruit\u00e9, \u00e0 la fois croquant par la pomme et velout\u00e9 par la p\u00eache et la poire, sublim\u00e9 par un riche accord floral de rose et de jasmin. Le sillage chaud et enivrant compos\u00e9 de muscs et de notes bois\u00e9es r\u00e9v\u00e8le la signature sensuelle de ce parfum.<\/p>\n<p>&#8211; Volume : 200ml<\/p>\n","protected":false},"excerpt":{"rendered":"<p>&#8211; D\u00e9odorant spray pour femme : Famille florale, floral\u00a0 fruit\u00e9. &#8211; Une d\u00e9licieuse partition florale au charme irr\u00e9sistible Cette fragrance<\/p>\n","protected":false},"featured_media":22593,"comment_status":"open","ping_status":"closed","template":"","meta":[],"product_cat":[20],"product_tag":[],"class_list":{"0":"post-16666","1":"product","2":"type-product","3":"status-publish","4":"has-post-thumbnail","6":"product_cat-accessories","8":"first","9":"instock","10":"shipping-taxable","11":"product-type-simple"},"jetpack_sharing_enabled":true,"_links":{"self":[{"href":"https:\/\/para-pharmacity.tn\/index.php?rest_route=\/wp\/v2\/product\/16666","targetHints":{"allow":["GET"]}}],"collection":[{"href":"https:\/\/para-pharmacity.tn\/index.php?rest_route=\/wp\/v2\/product"}],"about":[{"href":"https:\/\/para-pharmacity.tn\/index.php?rest_route=\/wp\/v2\/types\/product"}],"replies":[{"embeddable":true,"href":"https:\/\/para-pharmacity.tn\/index.php?rest_route=%2Fwp%2Fv2%2Fcomments&post=16666"}],"version-history":[{"count":2,"href":"https:\/\/para-pharmacity.tn\/index.php?rest_route=\/wp\/v2\/product\/16666\/revisions"}],"predecessor-version":[{"id":22595,"href":"https:\/\/para-pharmacity.tn\/index.php?rest_route=\/wp\/v2\/product\/16666\/revisions\/22595"}],"wp:featuredmedia":[{"embeddable":true,"href":"https:\/\/para-pharmacity.tn\/index.php?rest_route=\/wp\/v2\/media\/22593"}],"wp:attachment":[{"href":"https:\/\/para-pharmacity.tn\/index.php?rest_route=%2Fwp%2Fv2%2Fmedia&parent=16666"}],"wp:term":[{"taxonomy":"product_cat","embeddable":true,"href":"https:\/\/para-pharmacity.tn\/index.php?rest_route=%2Fwp%2Fv2%2Fproduct_cat&post=16666"},{"taxonomy":"product_tag","embeddable":true,"href":"https:\/\/para-pharmacity.tn\/index.php?rest_route=%2Fwp%2Fv2%2Fproduct_tag&post=16666"}],"curies":[{"name":"wp","href":"https:\/\/api.w.org\/{rel}","templated":true}]}}