{"id":16665,"date":"2024-07-10T22:58:28","date_gmt":"2024-07-10T22:58:28","guid":{"rendered":"https:\/\/para-pharmacity.tn\/?product=deo-femme-sanderling"},"modified":"2024-07-12T13:53:14","modified_gmt":"2024-07-12T13:53:14","slug":"deo-femme-sanderling","status":"publish","type":"product","link":"https:\/\/para-pharmacity.tn\/?product=deo-femme-sanderling","title":{"rendered":"DEO FEMME SANDERLING"},"content":{"rendered":"<p>&#8211; Un parfum tr\u00e8s glamour symbole de f\u00e9minit\u00e9 et de sophistication.<\/p>\n<p>&#8211; Cet \u00e9clatant bouquet floral aux senteurs toniques et raffin\u00e9es s\u00e9duit par son d\u00e9part fruit\u00e9 vert p\u00e9tillant o\u00f9 se marient la bergamote, le tag\u00e8te d\u2019inde et la feuille de gard\u00e9nia. Cet accord d\u00e9veloppe son opulence jusqu\u2019au c\u0153ur du parfum, harmonie fleurie o\u00f9 s\u2019\u00e9panouissent la douceur de la rose et du lilas parme et la chaleur du jasmin.<\/p>\n<p>&#8211; La touche finale donn\u00e9e par un sublime accord bois\u00e9 vanill\u00e9 et musqu\u00e9 apporte \u00e0 cette fragrance une profonde sensualit\u00e9.<\/p>\n<p>&#8211; Volume : 200ml<\/p>\n","protected":false},"excerpt":{"rendered":"<p>&#8211; Un parfum tr\u00e8s glamour symbole de f\u00e9minit\u00e9 et de sophistication. &#8211; Cet \u00e9clatant bouquet floral aux senteurs toniques et<\/p>\n","protected":false},"featured_media":22633,"comment_status":"open","ping_status":"closed","template":"","meta":[],"product_cat":[20],"product_tag":[],"class_list":{"0":"post-16665","1":"product","2":"type-product","3":"status-publish","4":"has-post-thumbnail","6":"product_cat-accessories","8":"first","9":"instock","10":"shipping-taxable","11":"product-type-simple"},"jetpack_sharing_enabled":true,"_links":{"self":[{"href":"https:\/\/para-pharmacity.tn\/index.php?rest_route=\/wp\/v2\/product\/16665","targetHints":{"allow":["GET"]}}],"collection":[{"href":"https:\/\/para-pharmacity.tn\/index.php?rest_route=\/wp\/v2\/product"}],"about":[{"href":"https:\/\/para-pharmacity.tn\/index.php?rest_route=\/wp\/v2\/types\/product"}],"replies":[{"embeddable":true,"href":"https:\/\/para-pharmacity.tn\/index.php?rest_route=%2Fwp%2Fv2%2Fcomments&post=16665"}],"version-history":[{"count":2,"href":"https:\/\/para-pharmacity.tn\/index.php?rest_route=\/wp\/v2\/product\/16665\/revisions"}],"predecessor-version":[{"id":22634,"href":"https:\/\/para-pharmacity.tn\/index.php?rest_route=\/wp\/v2\/product\/16665\/revisions\/22634"}],"wp:featuredmedia":[{"embeddable":true,"href":"https:\/\/para-pharmacity.tn\/index.php?rest_route=\/wp\/v2\/media\/22633"}],"wp:attachment":[{"href":"https:\/\/para-pharmacity.tn\/index.php?rest_route=%2Fwp%2Fv2%2Fmedia&parent=16665"}],"wp:term":[{"taxonomy":"product_cat","embeddable":true,"href":"https:\/\/para-pharmacity.tn\/index.php?rest_route=%2Fwp%2Fv2%2Fproduct_cat&post=16665"},{"taxonomy":"product_tag","embeddable":true,"href":"https:\/\/para-pharmacity.tn\/index.php?rest_route=%2Fwp%2Fv2%2Fproduct_tag&post=16665"}],"curies":[{"name":"wp","href":"https:\/\/api.w.org\/{rel}","templated":true}]}}