{"id":16661,"date":"2024-07-10T22:58:27","date_gmt":"2024-07-10T22:58:27","guid":{"rendered":"https:\/\/para-pharmacity.tn\/?product=deo-femme-mondaine-200-ml"},"modified":"2024-07-12T13:51:04","modified_gmt":"2024-07-12T13:51:04","slug":"deo-femme-mondaine-200-ml","status":"publish","type":"product","link":"https:\/\/para-pharmacity.tn\/?product=deo-femme-mondaine-200-ml","title":{"rendered":"DEO FEMME MONDAINE 200 ML"},"content":{"rendered":"<p>Ce parfum hypnotique s\u2019ouvre sur un m\u00e9lange fruit\u00e9 brillant, m\u00e9langeant les tons velout\u00e9s de la p\u00eache avec la fra\u00eecheur du pamplemousse, encore renforc\u00e9e par une touche \u00e9pic\u00e9e de poivre rose.<br \/>\nLe c\u0153ur f\u00e9minin s\u2019\u00e9panouit en un magnifique bouquet floral m\u00ealant la sensualit\u00e9 du jasmin et la douceur de la rose et du freesia, aux senteurs poudreuses de l\u2019iris.<br \/>\nLe sillage addictif r\u00e9v\u00e8le des bois pr\u00e9cieux tels que le bois de c\u00e8dre, envelopp\u00e9 de musc doux<br \/>\nComment utiliser<br \/>\nVaporiser le d\u00e9odorant sous les aisselles sur une peau propre et s\u00e8che. \u00c9viter l\u2019application apr\u00e8s l\u2019\u00e9pilation. Ne pas vaporiser dans les yeux ou les muqueuses.<br \/>\nPyramide olfactive<br \/>\nFloral oriental<br \/>\nNote de t\u00eate\u00a0: p\u00eache, pamplemousse, poivre rose<br \/>\nNote de coeur\u00a0: Jasmin, Rose, Freesia, Iris<br \/>\nNote de base\u00a0: Bois de c\u00e8dre, musc<\/p>\n","protected":false},"excerpt":{"rendered":"<p>Ce parfum hypnotique s\u2019ouvre sur un m\u00e9lange fruit\u00e9 brillant, m\u00e9langeant les tons velout\u00e9s de la p\u00eache avec la fra\u00eecheur du<\/p>\n","protected":false},"featured_media":22582,"comment_status":"open","ping_status":"closed","template":"","meta":[],"product_cat":[20],"product_tag":[],"class_list":{"0":"post-16661","1":"product","2":"type-product","3":"status-publish","4":"has-post-thumbnail","6":"product_cat-accessories","8":"first","9":"instock","10":"shipping-taxable","11":"product-type-simple"},"jetpack_sharing_enabled":true,"_links":{"self":[{"href":"https:\/\/para-pharmacity.tn\/index.php?rest_route=\/wp\/v2\/product\/16661","targetHints":{"allow":["GET"]}}],"collection":[{"href":"https:\/\/para-pharmacity.tn\/index.php?rest_route=\/wp\/v2\/product"}],"about":[{"href":"https:\/\/para-pharmacity.tn\/index.php?rest_route=\/wp\/v2\/types\/product"}],"replies":[{"embeddable":true,"href":"https:\/\/para-pharmacity.tn\/index.php?rest_route=%2Fwp%2Fv2%2Fcomments&post=16661"}],"version-history":[{"count":3,"href":"https:\/\/para-pharmacity.tn\/index.php?rest_route=\/wp\/v2\/product\/16661\/revisions"}],"predecessor-version":[{"id":22630,"href":"https:\/\/para-pharmacity.tn\/index.php?rest_route=\/wp\/v2\/product\/16661\/revisions\/22630"}],"wp:featuredmedia":[{"embeddable":true,"href":"https:\/\/para-pharmacity.tn\/index.php?rest_route=\/wp\/v2\/media\/22582"}],"wp:attachment":[{"href":"https:\/\/para-pharmacity.tn\/index.php?rest_route=%2Fwp%2Fv2%2Fmedia&parent=16661"}],"wp:term":[{"taxonomy":"product_cat","embeddable":true,"href":"https:\/\/para-pharmacity.tn\/index.php?rest_route=%2Fwp%2Fv2%2Fproduct_cat&post=16661"},{"taxonomy":"product_tag","embeddable":true,"href":"https:\/\/para-pharmacity.tn\/index.php?rest_route=%2Fwp%2Fv2%2Fproduct_tag&post=16661"}],"curies":[{"name":"wp","href":"https:\/\/api.w.org\/{rel}","templated":true}]}}