{"id":16659,"date":"2024-07-10T22:58:27","date_gmt":"2024-07-10T22:58:27","guid":{"rendered":"https:\/\/para-pharmacity.tn\/?product=deo-femme-miss-rose-200-ml"},"modified":"2024-07-12T12:37:11","modified_gmt":"2024-07-12T12:37:11","slug":"deo-femme-miss-rose-200-ml","status":"publish","type":"product","link":"https:\/\/para-pharmacity.tn\/?product=deo-femme-miss-rose-200-ml","title":{"rendered":"DEO FEMME MISS ROSE 200 ML"},"content":{"rendered":"<p>Un parfum par\u00e9 de fantaisie et de douceur gourmande pour une femme s\u00e9ductrice, romantique et glamour<br \/>\nUne fragrance qui s&rsquo;ouvre sur un cocktail de fra\u00eecheur \u2013 Limette, Mandarine Verte, Litchi &#8211; puis, la sensualit\u00e9 de l&rsquo;accord floral compos\u00e9 de Jasmin et de Rose p\u00e9tille au contact \u00e9pic\u00e9 du Poivre Blanc et devient volupt\u00e9 lorsqu&rsquo;il se pare de notes chaudes de Vanille, Patchouli, Ambre.<br \/>\nUne douceur color\u00e9e, espi\u00e8gle et pleine de gait\u00e9.<br \/>\nD\u00e9licieuse tentatrice, enivrante et ultra f\u00e9minine.<\/p>\n","protected":false},"excerpt":{"rendered":"<p>Un parfum par\u00e9 de fantaisie et de douceur gourmande pour une femme s\u00e9ductrice, romantique et glamour Une fragrance qui s&rsquo;ouvre<\/p>\n","protected":false},"featured_media":22576,"comment_status":"open","ping_status":"closed","template":"","meta":[],"product_cat":[20],"product_tag":[],"class_list":{"0":"post-16659","1":"product","2":"type-product","3":"status-publish","4":"has-post-thumbnail","6":"product_cat-accessories","8":"first","9":"instock","10":"shipping-taxable","11":"product-type-simple"},"jetpack_sharing_enabled":true,"_links":{"self":[{"href":"https:\/\/para-pharmacity.tn\/index.php?rest_route=\/wp\/v2\/product\/16659","targetHints":{"allow":["GET"]}}],"collection":[{"href":"https:\/\/para-pharmacity.tn\/index.php?rest_route=\/wp\/v2\/product"}],"about":[{"href":"https:\/\/para-pharmacity.tn\/index.php?rest_route=\/wp\/v2\/types\/product"}],"replies":[{"embeddable":true,"href":"https:\/\/para-pharmacity.tn\/index.php?rest_route=%2Fwp%2Fv2%2Fcomments&post=16659"}],"version-history":[{"count":1,"href":"https:\/\/para-pharmacity.tn\/index.php?rest_route=\/wp\/v2\/product\/16659\/revisions"}],"predecessor-version":[{"id":22577,"href":"https:\/\/para-pharmacity.tn\/index.php?rest_route=\/wp\/v2\/product\/16659\/revisions\/22577"}],"wp:featuredmedia":[{"embeddable":true,"href":"https:\/\/para-pharmacity.tn\/index.php?rest_route=\/wp\/v2\/media\/22576"}],"wp:attachment":[{"href":"https:\/\/para-pharmacity.tn\/index.php?rest_route=%2Fwp%2Fv2%2Fmedia&parent=16659"}],"wp:term":[{"taxonomy":"product_cat","embeddable":true,"href":"https:\/\/para-pharmacity.tn\/index.php?rest_route=%2Fwp%2Fv2%2Fproduct_cat&post=16659"},{"taxonomy":"product_tag","embeddable":true,"href":"https:\/\/para-pharmacity.tn\/index.php?rest_route=%2Fwp%2Fv2%2Fproduct_tag&post=16659"}],"curies":[{"name":"wp","href":"https:\/\/api.w.org\/{rel}","templated":true}]}}