{"id":16658,"date":"2024-07-10T22:58:26","date_gmt":"2024-07-10T22:58:26","guid":{"rendered":"https:\/\/para-pharmacity.tn\/?product=deo-femme-joli-reve-150ml"},"modified":"2024-07-12T12:35:38","modified_gmt":"2024-07-12T12:35:38","slug":"deo-femme-joli-reve-150ml","status":"publish","type":"product","link":"https:\/\/para-pharmacity.tn\/?product=deo-femme-joli-reve-150ml","title":{"rendered":"DEO FEMME JOLI REVE 150ML"},"content":{"rendered":"<p>&#8211; D\u00e9odorant joli r\u00eave pour femme, Un parfum baroque au charme absolu pour une Princesse des temps modernes au c\u0153ur tendre.<\/p>\n<p>&#8211; Famille de parfum : Floral fruit\u00e9<\/p>\n<p>&#8211; Notes de t\u00eate : Bergamote, citron, mandarine, gardenia.<\/p>\n<p>&#8211; Notes de c\u0153ur : Jasmin, ch\u00e8vrefeuille, poivrine, poire, melon<\/p>\n<p>&#8211; Notes de fond : Muscs, violettes, ambre, bois pr\u00e9cieux<\/p>\n<p>&#8211; Volume : 150ml<\/p>\n","protected":false},"excerpt":{"rendered":"<p>&#8211; D\u00e9odorant joli r\u00eave pour femme, Un parfum baroque au charme absolu pour une Princesse des temps modernes au c\u0153ur<\/p>\n","protected":false},"featured_media":22574,"comment_status":"open","ping_status":"closed","template":"","meta":[],"product_cat":[20],"product_tag":[],"class_list":{"0":"post-16658","1":"product","2":"type-product","3":"status-publish","4":"has-post-thumbnail","6":"product_cat-accessories","8":"first","9":"instock","10":"shipping-taxable","11":"product-type-simple"},"jetpack_sharing_enabled":true,"_links":{"self":[{"href":"https:\/\/para-pharmacity.tn\/index.php?rest_route=\/wp\/v2\/product\/16658","targetHints":{"allow":["GET"]}}],"collection":[{"href":"https:\/\/para-pharmacity.tn\/index.php?rest_route=\/wp\/v2\/product"}],"about":[{"href":"https:\/\/para-pharmacity.tn\/index.php?rest_route=\/wp\/v2\/types\/product"}],"replies":[{"embeddable":true,"href":"https:\/\/para-pharmacity.tn\/index.php?rest_route=%2Fwp%2Fv2%2Fcomments&post=16658"}],"version-history":[{"count":1,"href":"https:\/\/para-pharmacity.tn\/index.php?rest_route=\/wp\/v2\/product\/16658\/revisions"}],"predecessor-version":[{"id":22575,"href":"https:\/\/para-pharmacity.tn\/index.php?rest_route=\/wp\/v2\/product\/16658\/revisions\/22575"}],"wp:featuredmedia":[{"embeddable":true,"href":"https:\/\/para-pharmacity.tn\/index.php?rest_route=\/wp\/v2\/media\/22574"}],"wp:attachment":[{"href":"https:\/\/para-pharmacity.tn\/index.php?rest_route=%2Fwp%2Fv2%2Fmedia&parent=16658"}],"wp:term":[{"taxonomy":"product_cat","embeddable":true,"href":"https:\/\/para-pharmacity.tn\/index.php?rest_route=%2Fwp%2Fv2%2Fproduct_cat&post=16658"},{"taxonomy":"product_tag","embeddable":true,"href":"https:\/\/para-pharmacity.tn\/index.php?rest_route=%2Fwp%2Fv2%2Fproduct_tag&post=16658"}],"curies":[{"name":"wp","href":"https:\/\/api.w.org\/{rel}","templated":true}]}}