{"id":16655,"date":"2024-07-10T22:58:25","date_gmt":"2024-07-10T22:58:25","guid":{"rendered":"https:\/\/para-pharmacity.tn\/?product=deo-femme-incidence-blossom-200ml"},"modified":"2024-07-12T12:30:51","modified_gmt":"2024-07-12T12:30:51","slug":"deo-femme-incidence-blossom-200ml","status":"publish","type":"product","link":"https:\/\/para-pharmacity.tn\/?product=deo-femme-incidence-blossom-200ml","title":{"rendered":"DEO FEMME INCIDENCE BLOSSOM 200ML"},"content":{"rendered":"<p>Florale &#8211; Floral Fruit\u00e9<\/p>\n<p>&nbsp;<\/p>\n<p>D\u00e9odorant Spray pour Femme \u2013 200 ml<\/p>\n<p>FAMILLE FLORALE \u2013 Floral Fruit\u00e9<\/p>\n<p>Un parfum resplendissant de gaiet\u00e9 et de joie de vivre<\/p>\n<p>Cette fragrance s\u2019ouvre sur une envol\u00e9e de notes fra\u00eeches et fruit\u00e9es r\u00e9v\u00e9lant les tonalit\u00e9s p\u00e9tillantes du Citron, de la Pomme Verte et de la Grenade.<\/p>\n<p>Le c\u0153ur ultra f\u00e9minin s\u2019\u00e9panouit autour d\u2019un \u00e9clatant bouquet floral m\u00ealant la l\u00e9g\u00e8ret\u00e9 de la Pivoine, du Magnolia et du Jasmin Transparent, \u00e0 la facette aquatique du Lotus.<\/p>\n<p>Le sillage doux et sensuel r\u00e9v\u00e8le la chaleur de l\u2019Ambre et du Bois de Cachemire envelopp\u00e9e par la douceur des Muscs.<\/p>\n","protected":false},"excerpt":{"rendered":"<p>Florale &#8211; Floral Fruit\u00e9 &nbsp; D\u00e9odorant Spray pour Femme \u2013 200 ml FAMILLE FLORALE \u2013 Floral Fruit\u00e9 Un parfum resplendissant<\/p>\n","protected":false},"featured_media":22570,"comment_status":"open","ping_status":"closed","template":"","meta":[],"product_cat":[20],"product_tag":[],"class_list":{"0":"post-16655","1":"product","2":"type-product","3":"status-publish","4":"has-post-thumbnail","6":"product_cat-accessories","8":"first","9":"instock","10":"shipping-taxable","11":"product-type-simple"},"jetpack_sharing_enabled":true,"_links":{"self":[{"href":"https:\/\/para-pharmacity.tn\/index.php?rest_route=\/wp\/v2\/product\/16655","targetHints":{"allow":["GET"]}}],"collection":[{"href":"https:\/\/para-pharmacity.tn\/index.php?rest_route=\/wp\/v2\/product"}],"about":[{"href":"https:\/\/para-pharmacity.tn\/index.php?rest_route=\/wp\/v2\/types\/product"}],"replies":[{"embeddable":true,"href":"https:\/\/para-pharmacity.tn\/index.php?rest_route=%2Fwp%2Fv2%2Fcomments&post=16655"}],"version-history":[{"count":1,"href":"https:\/\/para-pharmacity.tn\/index.php?rest_route=\/wp\/v2\/product\/16655\/revisions"}],"predecessor-version":[{"id":22571,"href":"https:\/\/para-pharmacity.tn\/index.php?rest_route=\/wp\/v2\/product\/16655\/revisions\/22571"}],"wp:featuredmedia":[{"embeddable":true,"href":"https:\/\/para-pharmacity.tn\/index.php?rest_route=\/wp\/v2\/media\/22570"}],"wp:attachment":[{"href":"https:\/\/para-pharmacity.tn\/index.php?rest_route=%2Fwp%2Fv2%2Fmedia&parent=16655"}],"wp:term":[{"taxonomy":"product_cat","embeddable":true,"href":"https:\/\/para-pharmacity.tn\/index.php?rest_route=%2Fwp%2Fv2%2Fproduct_cat&post=16655"},{"taxonomy":"product_tag","embeddable":true,"href":"https:\/\/para-pharmacity.tn\/index.php?rest_route=%2Fwp%2Fv2%2Fproduct_tag&post=16655"}],"curies":[{"name":"wp","href":"https:\/\/api.w.org\/{rel}","templated":true}]}}