{"id":16653,"date":"2024-07-10T22:58:24","date_gmt":"2024-07-10T22:58:24","guid":{"rendered":"https:\/\/para-pharmacity.tn\/?product=deo-femme-galice-sensuelle-200ml"},"modified":"2024-07-12T13:42:42","modified_gmt":"2024-07-12T13:42:42","slug":"deo-femme-galice-sensuelle-200ml","status":"publish","type":"product","link":"https:\/\/para-pharmacity.tn\/?product=deo-femme-galice-sensuelle-200ml","title":{"rendered":"DEO FEMME GALICE SENSUELLE 200ML"},"content":{"rendered":"<p>Galice Sensuelle\u00a0: une addiction \u00e0 la sensualit\u00e9<br \/>\nCe parfum captivant s\u2019ouvre sur un m\u00e9lange vibrant et p\u00e9tillant de pamplemousse et de cassis.<br \/>\nIl s\u2019\u00e9panouit dans un c\u0153ur floral, m\u00e9langeant les senteurs poudreuses de l\u2019iris \u00e0 la sensualit\u00e9 du jasmin, et r\u00e9v\u00e8le une note finale addictive, m\u00e9langeant l\u2019intensit\u00e9 de Precious Woods avec les tons doux de la vanille et du musc blanc.<br \/>\nComment utiliser<br \/>\nVaporiser le d\u00e9odorant sous les aisselles sur une peau propre et s\u00e8che. \u00c9viter l\u2019application apr\u00e8s l\u2019\u00e9pilation. Ne pas vaporiser dans les yeux ou les muqueuses.<br \/>\nPyramide olfactive<br \/>\nFloral oriental<br \/>\nNote de t\u00eate\u00a0: Pamplemousse, cassis<br \/>\nNote de coeur\u00a0: Iris, Jasmine<br \/>\nNote de base\u00a0: Bois pr\u00e9cieux, vanille, muscs blancs<\/p>\n","protected":false},"excerpt":{"rendered":"<p>Galice Sensuelle\u00a0: une addiction \u00e0 la sensualit\u00e9 Ce parfum captivant s\u2019ouvre sur un m\u00e9lange vibrant et p\u00e9tillant de pamplemousse et<\/p>\n","protected":false},"featured_media":22565,"comment_status":"open","ping_status":"closed","template":"","meta":[],"product_cat":[20],"product_tag":[],"class_list":{"0":"post-16653","1":"product","2":"type-product","3":"status-publish","4":"has-post-thumbnail","6":"product_cat-accessories","8":"first","9":"instock","10":"shipping-taxable","11":"product-type-simple"},"jetpack_sharing_enabled":true,"_links":{"self":[{"href":"https:\/\/para-pharmacity.tn\/index.php?rest_route=\/wp\/v2\/product\/16653","targetHints":{"allow":["GET"]}}],"collection":[{"href":"https:\/\/para-pharmacity.tn\/index.php?rest_route=\/wp\/v2\/product"}],"about":[{"href":"https:\/\/para-pharmacity.tn\/index.php?rest_route=\/wp\/v2\/types\/product"}],"replies":[{"embeddable":true,"href":"https:\/\/para-pharmacity.tn\/index.php?rest_route=%2Fwp%2Fv2%2Fcomments&post=16653"}],"version-history":[{"count":3,"href":"https:\/\/para-pharmacity.tn\/index.php?rest_route=\/wp\/v2\/product\/16653\/revisions"}],"predecessor-version":[{"id":22625,"href":"https:\/\/para-pharmacity.tn\/index.php?rest_route=\/wp\/v2\/product\/16653\/revisions\/22625"}],"wp:featuredmedia":[{"embeddable":true,"href":"https:\/\/para-pharmacity.tn\/index.php?rest_route=\/wp\/v2\/media\/22565"}],"wp:attachment":[{"href":"https:\/\/para-pharmacity.tn\/index.php?rest_route=%2Fwp%2Fv2%2Fmedia&parent=16653"}],"wp:term":[{"taxonomy":"product_cat","embeddable":true,"href":"https:\/\/para-pharmacity.tn\/index.php?rest_route=%2Fwp%2Fv2%2Fproduct_cat&post=16653"},{"taxonomy":"product_tag","embeddable":true,"href":"https:\/\/para-pharmacity.tn\/index.php?rest_route=%2Fwp%2Fv2%2Fproduct_tag&post=16653"}],"curies":[{"name":"wp","href":"https:\/\/api.w.org\/{rel}","templated":true}]}}