{"id":16652,"date":"2024-07-10T22:58:24","date_gmt":"2024-07-10T22:58:24","guid":{"rendered":"https:\/\/para-pharmacity.tn\/?product=deo-femme-fancy-pink"},"modified":"2024-07-12T12:19:17","modified_gmt":"2024-07-12T12:19:17","slug":"deo-femme-fancy-pink","status":"publish","type":"product","link":"https:\/\/para-pharmacity.tn\/?product=deo-femme-fancy-pink","title":{"rendered":"DEO FEMME FANCY PINK"},"content":{"rendered":"<p>&#8211; D\u00e9odorant fancy pink pour femme, une femme vivant sous une bonne \u00e9toile. Elle est unique, joyeuse, forte, passionn\u00e9e et toujours sans aucun doute elle-m\u00eame. L&#8217;emballage est tr\u00e8s luxueux avec une riche bo\u00eete de perles.<\/p>\n<p>&#8211; Une fra\u00eecheur et un soup\u00e7on de sensualit\u00e9 et de f\u00e9minit\u00e9 compl\u00e8tent ce parfum \u00e9tonnant qui est un must pour chaque femme \u00e0 avoir avec elle.<\/p>\n<p>&#8211; Volume : 200ml<\/p>\n","protected":false},"excerpt":{"rendered":"<p>&#8211; D\u00e9odorant fancy pink pour femme, une femme vivant sous une bonne \u00e9toile. Elle est unique, joyeuse, forte, passionn\u00e9e et<\/p>\n","protected":false},"featured_media":22563,"comment_status":"open","ping_status":"closed","template":"","meta":[],"product_cat":[20],"product_tag":[],"class_list":{"0":"post-16652","1":"product","2":"type-product","3":"status-publish","4":"has-post-thumbnail","6":"product_cat-accessories","8":"first","9":"instock","10":"shipping-taxable","11":"product-type-simple"},"jetpack_sharing_enabled":true,"_links":{"self":[{"href":"https:\/\/para-pharmacity.tn\/index.php?rest_route=\/wp\/v2\/product\/16652","targetHints":{"allow":["GET"]}}],"collection":[{"href":"https:\/\/para-pharmacity.tn\/index.php?rest_route=\/wp\/v2\/product"}],"about":[{"href":"https:\/\/para-pharmacity.tn\/index.php?rest_route=\/wp\/v2\/types\/product"}],"replies":[{"embeddable":true,"href":"https:\/\/para-pharmacity.tn\/index.php?rest_route=%2Fwp%2Fv2%2Fcomments&post=16652"}],"version-history":[{"count":1,"href":"https:\/\/para-pharmacity.tn\/index.php?rest_route=\/wp\/v2\/product\/16652\/revisions"}],"predecessor-version":[{"id":22564,"href":"https:\/\/para-pharmacity.tn\/index.php?rest_route=\/wp\/v2\/product\/16652\/revisions\/22564"}],"wp:featuredmedia":[{"embeddable":true,"href":"https:\/\/para-pharmacity.tn\/index.php?rest_route=\/wp\/v2\/media\/22563"}],"wp:attachment":[{"href":"https:\/\/para-pharmacity.tn\/index.php?rest_route=%2Fwp%2Fv2%2Fmedia&parent=16652"}],"wp:term":[{"taxonomy":"product_cat","embeddable":true,"href":"https:\/\/para-pharmacity.tn\/index.php?rest_route=%2Fwp%2Fv2%2Fproduct_cat&post=16652"},{"taxonomy":"product_tag","embeddable":true,"href":"https:\/\/para-pharmacity.tn\/index.php?rest_route=%2Fwp%2Fv2%2Fproduct_tag&post=16652"}],"curies":[{"name":"wp","href":"https:\/\/api.w.org\/{rel}","templated":true}]}}