{"id":16651,"date":"2024-07-10T22:58:24","date_gmt":"2024-07-10T22:58:24","guid":{"rendered":"https:\/\/para-pharmacity.tn\/?product=deo-femme-defi-150ml"},"modified":"2024-07-12T12:17:45","modified_gmt":"2024-07-12T12:17:45","slug":"deo-femme-defi-150ml","status":"publish","type":"product","link":"https:\/\/para-pharmacity.tn\/?product=deo-femme-defi-150ml","title":{"rendered":"DEO FEMME DEFI 150ML"},"content":{"rendered":"<p>&#8211; Ce parfum d\u00e9voile en son c\u0153ur un intense bouquet floral et \u00e9pic\u00e9, mis en lumi\u00e8re par la rose, le freesia et le g\u00e9ranium, vibrant sous la chaleur suave et intense de la noix de muscade et de la cardamome.<\/p>\n<p>&#8211; Volume : 150ml<\/p>\n","protected":false},"excerpt":{"rendered":"<p>&#8211; Ce parfum d\u00e9voile en son c\u0153ur un intense bouquet floral et \u00e9pic\u00e9, mis en lumi\u00e8re par la rose, le<\/p>\n","protected":false},"featured_media":22561,"comment_status":"open","ping_status":"closed","template":"","meta":[],"product_cat":[20],"product_tag":[],"class_list":{"0":"post-16651","1":"product","2":"type-product","3":"status-publish","4":"has-post-thumbnail","6":"product_cat-accessories","8":"first","9":"instock","10":"shipping-taxable","11":"product-type-simple"},"jetpack_sharing_enabled":true,"_links":{"self":[{"href":"https:\/\/para-pharmacity.tn\/index.php?rest_route=\/wp\/v2\/product\/16651","targetHints":{"allow":["GET"]}}],"collection":[{"href":"https:\/\/para-pharmacity.tn\/index.php?rest_route=\/wp\/v2\/product"}],"about":[{"href":"https:\/\/para-pharmacity.tn\/index.php?rest_route=\/wp\/v2\/types\/product"}],"replies":[{"embeddable":true,"href":"https:\/\/para-pharmacity.tn\/index.php?rest_route=%2Fwp%2Fv2%2Fcomments&post=16651"}],"version-history":[{"count":1,"href":"https:\/\/para-pharmacity.tn\/index.php?rest_route=\/wp\/v2\/product\/16651\/revisions"}],"predecessor-version":[{"id":22562,"href":"https:\/\/para-pharmacity.tn\/index.php?rest_route=\/wp\/v2\/product\/16651\/revisions\/22562"}],"wp:featuredmedia":[{"embeddable":true,"href":"https:\/\/para-pharmacity.tn\/index.php?rest_route=\/wp\/v2\/media\/22561"}],"wp:attachment":[{"href":"https:\/\/para-pharmacity.tn\/index.php?rest_route=%2Fwp%2Fv2%2Fmedia&parent=16651"}],"wp:term":[{"taxonomy":"product_cat","embeddable":true,"href":"https:\/\/para-pharmacity.tn\/index.php?rest_route=%2Fwp%2Fv2%2Fproduct_cat&post=16651"},{"taxonomy":"product_tag","embeddable":true,"href":"https:\/\/para-pharmacity.tn\/index.php?rest_route=%2Fwp%2Fv2%2Fproduct_tag&post=16651"}],"curies":[{"name":"wp","href":"https:\/\/api.w.org\/{rel}","templated":true}]}}