{"id":16649,"date":"2024-07-10T22:58:21","date_gmt":"2024-07-10T22:58:21","guid":{"rendered":"https:\/\/para-pharmacity.tn\/?product=deo-femme-celebration-200ml"},"modified":"2024-07-12T12:14:12","modified_gmt":"2024-07-12T12:14:12","slug":"deo-femme-celebration-200ml","status":"publish","type":"product","link":"https:\/\/para-pharmacity.tn\/?product=deo-femme-celebration-200ml","title":{"rendered":"DEO FEMME CELEBRATION 200ML"},"content":{"rendered":"<p>&#8211;\u00a0D\u00e9odorant celebration est une fragrance originale avec un ar\u00f4me unique qui vous accompagne tout au long de la journ\u00e9e.<\/p>\n<p>&#8211;\u00a0Parfum floral doux.<\/p>\n<p>&#8211;\u00a0Pour les femmes romantiques.<\/p>\n<p>&#8211;\u00a0Pour une utilisation au quotidien.<\/p>\n<p>&#8211;\u00a0Volume : 200ml<\/p>\n","protected":false},"excerpt":{"rendered":"<p>&#8211;\u00a0D\u00e9odorant celebration est une fragrance originale avec un ar\u00f4me unique qui vous accompagne tout au long de la journ\u00e9e. &#8211;\u00a0Parfum<\/p>\n","protected":false},"featured_media":22556,"comment_status":"open","ping_status":"closed","template":"","meta":[],"product_cat":[20],"product_tag":[],"class_list":{"0":"post-16649","1":"product","2":"type-product","3":"status-publish","4":"has-post-thumbnail","6":"product_cat-accessories","8":"first","9":"instock","10":"shipping-taxable","11":"product-type-simple"},"jetpack_sharing_enabled":true,"_links":{"self":[{"href":"https:\/\/para-pharmacity.tn\/index.php?rest_route=\/wp\/v2\/product\/16649","targetHints":{"allow":["GET"]}}],"collection":[{"href":"https:\/\/para-pharmacity.tn\/index.php?rest_route=\/wp\/v2\/product"}],"about":[{"href":"https:\/\/para-pharmacity.tn\/index.php?rest_route=\/wp\/v2\/types\/product"}],"replies":[{"embeddable":true,"href":"https:\/\/para-pharmacity.tn\/index.php?rest_route=%2Fwp%2Fv2%2Fcomments&post=16649"}],"version-history":[{"count":2,"href":"https:\/\/para-pharmacity.tn\/index.php?rest_route=\/wp\/v2\/product\/16649\/revisions"}],"predecessor-version":[{"id":22558,"href":"https:\/\/para-pharmacity.tn\/index.php?rest_route=\/wp\/v2\/product\/16649\/revisions\/22558"}],"wp:featuredmedia":[{"embeddable":true,"href":"https:\/\/para-pharmacity.tn\/index.php?rest_route=\/wp\/v2\/media\/22556"}],"wp:attachment":[{"href":"https:\/\/para-pharmacity.tn\/index.php?rest_route=%2Fwp%2Fv2%2Fmedia&parent=16649"}],"wp:term":[{"taxonomy":"product_cat","embeddable":true,"href":"https:\/\/para-pharmacity.tn\/index.php?rest_route=%2Fwp%2Fv2%2Fproduct_cat&post=16649"},{"taxonomy":"product_tag","embeddable":true,"href":"https:\/\/para-pharmacity.tn\/index.php?rest_route=%2Fwp%2Fv2%2Fproduct_tag&post=16649"}],"curies":[{"name":"wp","href":"https:\/\/api.w.org\/{rel}","templated":true}]}}