{"id":16648,"date":"2024-07-10T22:58:20","date_gmt":"2024-07-10T22:58:20","guid":{"rendered":"https:\/\/para-pharmacity.tn\/?product=deo-femme-bravissima-200ml"},"modified":"2024-07-12T12:11:42","modified_gmt":"2024-07-12T12:11:42","slug":"deo-femme-bravissima-200ml","status":"publish","type":"product","link":"https:\/\/para-pharmacity.tn\/?product=deo-femme-bravissima-200ml","title":{"rendered":"DEO FEMME BRAVISSIMA 200ML"},"content":{"rendered":"<p>&#8211; Ce d\u00e9odorant spray Bravissima en son c\u0153ur un intense bouquet floral et \u00e9pic\u00e9, mis en lumi\u00e8re par la rose, le freesia et le g\u00e9ranium, vibrant sous la chaleur suave et intense de la noix de muscade et de la cardamome.<\/p>\n<p>&#8211; Volume : 200ml<\/p>\n","protected":false},"excerpt":{"rendered":"<p>&#8211; Ce d\u00e9odorant spray Bravissima en son c\u0153ur un intense bouquet floral et \u00e9pic\u00e9, mis en lumi\u00e8re par la rose,<\/p>\n","protected":false},"featured_media":22553,"comment_status":"open","ping_status":"closed","template":"","meta":[],"product_cat":[20],"product_tag":[],"class_list":{"0":"post-16648","1":"product","2":"type-product","3":"status-publish","4":"has-post-thumbnail","6":"product_cat-accessories","8":"first","9":"instock","10":"shipping-taxable","11":"product-type-simple"},"jetpack_sharing_enabled":true,"_links":{"self":[{"href":"https:\/\/para-pharmacity.tn\/index.php?rest_route=\/wp\/v2\/product\/16648","targetHints":{"allow":["GET"]}}],"collection":[{"href":"https:\/\/para-pharmacity.tn\/index.php?rest_route=\/wp\/v2\/product"}],"about":[{"href":"https:\/\/para-pharmacity.tn\/index.php?rest_route=\/wp\/v2\/types\/product"}],"replies":[{"embeddable":true,"href":"https:\/\/para-pharmacity.tn\/index.php?rest_route=%2Fwp%2Fv2%2Fcomments&post=16648"}],"version-history":[{"count":2,"href":"https:\/\/para-pharmacity.tn\/index.php?rest_route=\/wp\/v2\/product\/16648\/revisions"}],"predecessor-version":[{"id":22555,"href":"https:\/\/para-pharmacity.tn\/index.php?rest_route=\/wp\/v2\/product\/16648\/revisions\/22555"}],"wp:featuredmedia":[{"embeddable":true,"href":"https:\/\/para-pharmacity.tn\/index.php?rest_route=\/wp\/v2\/media\/22553"}],"wp:attachment":[{"href":"https:\/\/para-pharmacity.tn\/index.php?rest_route=%2Fwp%2Fv2%2Fmedia&parent=16648"}],"wp:term":[{"taxonomy":"product_cat","embeddable":true,"href":"https:\/\/para-pharmacity.tn\/index.php?rest_route=%2Fwp%2Fv2%2Fproduct_cat&post=16648"},{"taxonomy":"product_tag","embeddable":true,"href":"https:\/\/para-pharmacity.tn\/index.php?rest_route=%2Fwp%2Fv2%2Fproduct_tag&post=16648"}],"curies":[{"name":"wp","href":"https:\/\/api.w.org\/{rel}","templated":true}]}}