{"id":16646,"date":"2024-07-10T22:58:20","date_gmt":"2024-07-10T22:58:20","guid":{"rendered":"https:\/\/para-pharmacity.tn\/?product=deo-creme-deodorante"},"modified":"2024-07-12T12:06:47","modified_gmt":"2024-07-12T12:06:47","slug":"deo-creme-deodorante","status":"publish","type":"product","link":"https:\/\/para-pharmacity.tn\/?product=deo-creme-deodorante","title":{"rendered":"DEO CREME DEODORANTE"},"content":{"rendered":"<p>D\u00e9o la cr\u00e8me d\u00e9odorante qui vous fait oublier le probl\u00e8me de la d\u00e9sodorisante pendant une semaine.<\/p>\n<p>Une seule application suffit : D\u00e9o reste actif m\u00eame en se lavant normalement, et vous lib\u00e9rera pendant plusieurs jours des cons\u00e9quences de la transpiration.<\/p>\n<p>La nouvelle formule am\u00e9liore l&rsquo;absorption de la cr\u00e8me en la rendant plus facile et plus confortable \u00e0 utiliser ; Les Prot\u00e9ines de Soie conf\u00e8rent au produit une plus grande d\u00e9licatesse, respectant et prenant soin de la peau.<\/p>\n<p>D\u00e9o ne ferme pas les pores et permet une transpiration normale.<\/p>\n<p>Cependant, il emp\u00eache la d\u00e9gradation de la sueur, \u00e9liminant ainsi les causes des mauvaises odeurs.<\/p>\n<p>Il permet donc l&rsquo;utilisation du parfum habituel.<\/p>\n<p>D\u00e9o ne contient pas d&rsquo;alcool, ne graisse pas et ne tache pas ; il n&rsquo;est pas irritant et peut \u00eatre appliqu\u00e9 imm\u00e9diatement apr\u00e8s l&rsquo;\u00e9pilation.<\/p>\n","protected":false},"excerpt":{"rendered":"<p><b><strong>PRINCIPALES CARACT\u00c9RISTIQUES<\/strong><\/b><\/p>\n<p>Cr\u00e8me d\u00e9odorante<\/p>\n<p>Protection efficace<\/p>\n<p>Contenance 30 ml<\/p>\n<p>Parfume agr\u00e9ablement<\/p>\n","protected":false},"featured_media":22549,"comment_status":"open","ping_status":"closed","template":"","meta":[],"product_cat":[20],"product_tag":[],"class_list":{"0":"post-16646","1":"product","2":"type-product","3":"status-publish","4":"has-post-thumbnail","6":"product_cat-accessories","8":"first","9":"instock","10":"shipping-taxable","11":"product-type-simple"},"jetpack_sharing_enabled":true,"_links":{"self":[{"href":"https:\/\/para-pharmacity.tn\/index.php?rest_route=\/wp\/v2\/product\/16646","targetHints":{"allow":["GET"]}}],"collection":[{"href":"https:\/\/para-pharmacity.tn\/index.php?rest_route=\/wp\/v2\/product"}],"about":[{"href":"https:\/\/para-pharmacity.tn\/index.php?rest_route=\/wp\/v2\/types\/product"}],"replies":[{"embeddable":true,"href":"https:\/\/para-pharmacity.tn\/index.php?rest_route=%2Fwp%2Fv2%2Fcomments&post=16646"}],"version-history":[{"count":2,"href":"https:\/\/para-pharmacity.tn\/index.php?rest_route=\/wp\/v2\/product\/16646\/revisions"}],"predecessor-version":[{"id":22550,"href":"https:\/\/para-pharmacity.tn\/index.php?rest_route=\/wp\/v2\/product\/16646\/revisions\/22550"}],"wp:featuredmedia":[{"embeddable":true,"href":"https:\/\/para-pharmacity.tn\/index.php?rest_route=\/wp\/v2\/media\/22549"}],"wp:attachment":[{"href":"https:\/\/para-pharmacity.tn\/index.php?rest_route=%2Fwp%2Fv2%2Fmedia&parent=16646"}],"wp:term":[{"taxonomy":"product_cat","embeddable":true,"href":"https:\/\/para-pharmacity.tn\/index.php?rest_route=%2Fwp%2Fv2%2Fproduct_cat&post=16646"},{"taxonomy":"product_tag","embeddable":true,"href":"https:\/\/para-pharmacity.tn\/index.php?rest_route=%2Fwp%2Fv2%2Fproduct_tag&post=16646"}],"curies":[{"name":"wp","href":"https:\/\/api.w.org\/{rel}","templated":true}]}}