{"id":16644,"date":"2024-07-10T22:58:19","date_gmt":"2024-07-10T22:58:19","guid":{"rendered":"https:\/\/para-pharmacity.tn\/?product=denivit-blancheur-sublime"},"modified":"2024-07-12T13:39:00","modified_gmt":"2024-07-12T13:39:00","slug":"denivit-blancheur-sublime","status":"publish","type":"product","link":"https:\/\/para-pharmacity.tn\/?product=denivit-blancheur-sublime","title":{"rendered":"DENIVIT BLANCHEUR SUBLIME"},"content":{"rendered":"<p>DENIVIT White and Brilliant a \u00e9t\u00e9 d\u00e9velopp\u00e9 en collaboration avec des dentistes pour\u00a0:<\/p>\n<p>1) Dents visiblement plus blanches et sourire illumin\u00e9 en une semaine\u00a0:<br \/>\nSon complexe anti-taches \u00e9limine instantan\u00e9ment la plaque dentaire et les taches de la surface des dents pour des dents jusqu\u2019\u00e0 2 nuances plus blanches.<\/p>\n<p>2) Protection durable contre les taches\u00a0:<br \/>\nSa formule exclusive vous offre jusqu\u2019\u00e0 12 heures de protection contre les taches caus\u00e9es par les aliments et les boissons ordinaires, pour un effet blanchissant durable.<\/p>\n<p>La formule de ce dentifrice a \u00e9t\u00e9 test\u00e9e cliniquement et ses performances de nettoyage \u00e9lev\u00e9es ont \u00e9t\u00e9 prouv\u00e9es. En utilisant DENIVIT White and Brilliant quotidiennement, vous r\u00e9duirez consid\u00e9rablement la pr\u00e9sence de taches et regagnerez ainsi la blancheur naturelle de vos dents.<\/p>\n<p>Avantages du produit<br \/>\n\u2022 \u00c9limine efficacement les taches \u00e0 la surface des dents<br \/>\n\u2022 Redonne \u00e0 vos dents leur blancheur naturelle pour un sourire radieux.<br \/>\n\u2022 Respecte l\u2019\u00e9mail de vos dents avec une formule douce et s\u00e9curitaire.<br \/>\n\u2022 Offre une protection optimale contre la plaque, les caries et les probl\u00e8mes de gencives.<br \/>\nComment utiliser<br \/>\nPour une efficacit\u00e9 optimale, brossez-vous les dents au moins deux fois par jour pendant 2 \u00e0 3 minutes.<br \/>\nChangez votre brosse \u00e0 dents tous les 3 mois.<br \/>\nConsultez r\u00e9guli\u00e8rement un dentiste. Apr\u00e8s utilisation, fermez votre tube de dentifrice DENIVIT avec le bouchon.<\/p>\n","protected":false},"excerpt":{"rendered":"<p>DENIVIT White and Brilliant a \u00e9t\u00e9 d\u00e9velopp\u00e9 en collaboration avec des dentistes pour\u00a0: 1) Dents visiblement plus blanches et sourire<\/p>\n","protected":false},"featured_media":22544,"comment_status":"open","ping_status":"closed","template":"","meta":[],"product_cat":[20],"product_tag":[],"class_list":{"0":"post-16644","1":"product","2":"type-product","3":"status-publish","4":"has-post-thumbnail","6":"product_cat-accessories","8":"first","9":"instock","10":"shipping-taxable","11":"product-type-simple"},"jetpack_sharing_enabled":true,"_links":{"self":[{"href":"https:\/\/para-pharmacity.tn\/index.php?rest_route=\/wp\/v2\/product\/16644","targetHints":{"allow":["GET"]}}],"collection":[{"href":"https:\/\/para-pharmacity.tn\/index.php?rest_route=\/wp\/v2\/product"}],"about":[{"href":"https:\/\/para-pharmacity.tn\/index.php?rest_route=\/wp\/v2\/types\/product"}],"replies":[{"embeddable":true,"href":"https:\/\/para-pharmacity.tn\/index.php?rest_route=%2Fwp%2Fv2%2Fcomments&post=16644"}],"version-history":[{"count":2,"href":"https:\/\/para-pharmacity.tn\/index.php?rest_route=\/wp\/v2\/product\/16644\/revisions"}],"predecessor-version":[{"id":22624,"href":"https:\/\/para-pharmacity.tn\/index.php?rest_route=\/wp\/v2\/product\/16644\/revisions\/22624"}],"wp:featuredmedia":[{"embeddable":true,"href":"https:\/\/para-pharmacity.tn\/index.php?rest_route=\/wp\/v2\/media\/22544"}],"wp:attachment":[{"href":"https:\/\/para-pharmacity.tn\/index.php?rest_route=%2Fwp%2Fv2%2Fmedia&parent=16644"}],"wp:term":[{"taxonomy":"product_cat","embeddable":true,"href":"https:\/\/para-pharmacity.tn\/index.php?rest_route=%2Fwp%2Fv2%2Fproduct_cat&post=16644"},{"taxonomy":"product_tag","embeddable":true,"href":"https:\/\/para-pharmacity.tn\/index.php?rest_route=%2Fwp%2Fv2%2Fproduct_tag&post=16644"}],"curies":[{"name":"wp","href":"https:\/\/api.w.org\/{rel}","templated":true}]}}