{"id":16643,"date":"2024-07-10T22:58:19","date_gmt":"2024-07-10T22:58:19","guid":{"rendered":"https:\/\/para-pharmacity.tn\/?product=denivit-anti-taches-fumeur"},"modified":"2024-07-12T11:52:26","modified_gmt":"2024-07-12T11:52:26","slug":"denivit-anti-taches-fumeur","status":"publish","type":"product","link":"https:\/\/para-pharmacity.tn\/?product=denivit-anti-taches-fumeur","title":{"rendered":"DENIVIT ANTI-TACHES FUMEUR"},"content":{"rendered":"<div class=\"card\">\n<div class=\"card-header ch-1\">Description<\/div>\n<div class=\"card-body\">\n<div class=\"content\">\n<div class=\"contentpart cts-md ctm-fluid\">\n<p><strong>Pr\u00e9sentation du fabricant<\/strong><\/p>\n<\/div>\n<div class=\"contentpart cts-md ctm-fluid\">\n<p>Dentifrice au fluor<br \/>\nUsage quotidien<br \/>\nDoux pour les dents<br \/>\nFra\u00eecheur intense<\/p>\n<\/div>\n<div class=\"contentpart cts-md ctm-fluid\">\n<p>\u2022 \u00c9limine plaque et taches li\u00e9es au tabac<br \/>\n\u2022 Jusqu\u2019\u00e0\u00a02\u00a0teintes plus blanches<\/p>\n<\/div>\n<div class=\"contentpart cts-md ctm-fluid\">\n<p>D\u00e9velopp\u00e9 avec des dentistes Efficacit\u00e9 anti-taches test\u00e9e cliniquement<\/p>\n<\/div>\n<div class=\"contentpart cts-md ctm-fluid\">\n<p><strong>Expert Anti-Taches<\/strong><br \/>\nDenivite est reconnu comme expert anti-taches. Ses dentifrices sont d\u00e9velopp\u00e9 pour\u00a0:<br \/>\n\u2022 \u00c9liminer efficacement les taches caus\u00e9es par le tabac, par certaines boissons et certains aliments.<br \/>\n\u2022 Redonner \u00e0 vos dents leur blancheur naturelle pour un sourire \u00e9clatant.<br \/>\n\u2022 Respecter l\u2019\u00e9mail gr\u00e2ce \u00e0 une formule douce et s\u00fbre.<br \/>\n\u2022 Apporter une protection optimale contre la plaque, les caries et les probl\u00e8mes de gencives.<\/p>\n<\/div>\n<div class=\"contentpart cts-md ctm-fluid\">\n<p>Denivit Anti-Taches Fuleur a \u00e9t\u00e9 d\u00e9velopp\u00e9 en collaboration avec des dentistes pour\u00a0:<br \/>\n<strong>1. Une efficacit\u00e9 contre les taches li\u00e9es au tabac<\/strong><br \/>\nSon complexe nettoyant sp\u00e9cialement d\u00e9velopp\u00e9 pour les taches li\u00e9es au tabac \u00e9limine les r\u00e9sidus \u00e0 la surface des dents. Ce dentifrice procure \u00e9galement une haleine intens\u00e9ment fra\u00eeche.<br \/>\n<strong>2. Des dents jusqu\u2019\u00e0\u00a02\u00a0teintes plus blanches apr\u00e8s\u00a01\u00a0semaine<\/strong><br \/>\nSes agents blancheur haute performance r\u00e9duisent visiblement les taches li\u00e9es au tabac et aident \u00e0 redonner \u00e0 vos dents leur blancheur naturelle, pour des dents jusqu\u2019\u00e0\u00a02\u00a0teintes plus blanches*.<br \/>\n<em>*Test in vitro<\/em><\/p>\n<\/div>\n<div class=\"contentpart cts-md ctm-fluid\">\n<p><strong>Doux pour les dents<\/strong><br \/>\nDentifrice \u00e0 usage quotidien. Son complexe anti-taches dissout les taches \u00e0 la surface des dents, tout en respectant l\u2019\u00e9mail de vos dents.<\/p>\n<\/div>\n<div class=\"contentpart cts-md ctm-fluid\">\n<p><strong>Efficacit\u00e9 anti-taches cliniquement test\u00e9e<\/strong><br \/>\nLa formule de ce dentifrice a \u00e9t\u00e9 test\u00e9e cliniquement et sa haute performance nettoyante a \u00e9t\u00e9 d\u00e9montr\u00e9e. En vous brossant les dents tous les jours avec Denivit Anti-Taches Fumeur, vous diminuerez significativement la pr\u00e9sence de taches.<\/p>\n<\/div>\n<div class=\"contentpart cts-md ctm-fluid\">\n<p><strong>Important<\/strong><br \/>\nContient du fluorure de sodium (1450\u00a0ppm F<sup>&#8211;<\/sup>). Pour adultes seulement.<\/p>\n<\/div>\n<\/div>\n<\/div>\n<\/div>\n<div class=\"card mt-2\">\n<div class=\"card-header ch-1\">Conseil d\u2019utilisation<\/div>\n<div class=\"card-body\">\n<div class=\"content\">\n<div class=\"contentpart cts-md ctm-fluid\">\n<p>\u2022 Pour une efficacit\u00e9 optimale, brossez-vous les dents au moins\u00a02\u00a0fois par jour pendant\u00a02\u00a0\u00e0\u00a03\u00a0minutes.<br \/>\n\u2022 Changez de brosse \u00e0 dents tous les\u00a03\u00a0mois.<br \/>\n\u2022 Utilisez du fil dentaire et consultez votre dentiste r\u00e9guli\u00e8rement.<br \/>\n\u2022 Apr\u00e8s utilisation, refermez votre tube de dentifrice Denivit \u00e0 l\u2019aide de son bouchon.<\/p>\n<\/div>\n<\/div>\n<\/div>\n<\/div>\n","protected":false},"excerpt":{"rendered":"<p>Description Pr\u00e9sentation du fabricant Dentifrice au fluor Usage quotidien Doux pour les dents Fra\u00eecheur intense \u2022 \u00c9limine plaque et taches<\/p>\n","protected":false},"featured_media":22541,"comment_status":"open","ping_status":"closed","template":"","meta":[],"product_cat":[20],"product_tag":[],"class_list":{"0":"post-16643","1":"product","2":"type-product","3":"status-publish","4":"has-post-thumbnail","6":"product_cat-accessories","8":"first","9":"instock","10":"shipping-taxable","11":"product-type-simple"},"jetpack_sharing_enabled":true,"_links":{"self":[{"href":"https:\/\/para-pharmacity.tn\/index.php?rest_route=\/wp\/v2\/product\/16643","targetHints":{"allow":["GET"]}}],"collection":[{"href":"https:\/\/para-pharmacity.tn\/index.php?rest_route=\/wp\/v2\/product"}],"about":[{"href":"https:\/\/para-pharmacity.tn\/index.php?rest_route=\/wp\/v2\/types\/product"}],"replies":[{"embeddable":true,"href":"https:\/\/para-pharmacity.tn\/index.php?rest_route=%2Fwp%2Fv2%2Fcomments&post=16643"}],"version-history":[{"count":2,"href":"https:\/\/para-pharmacity.tn\/index.php?rest_route=\/wp\/v2\/product\/16643\/revisions"}],"predecessor-version":[{"id":22543,"href":"https:\/\/para-pharmacity.tn\/index.php?rest_route=\/wp\/v2\/product\/16643\/revisions\/22543"}],"wp:featuredmedia":[{"embeddable":true,"href":"https:\/\/para-pharmacity.tn\/index.php?rest_route=\/wp\/v2\/media\/22541"}],"wp:attachment":[{"href":"https:\/\/para-pharmacity.tn\/index.php?rest_route=%2Fwp%2Fv2%2Fmedia&parent=16643"}],"wp:term":[{"taxonomy":"product_cat","embeddable":true,"href":"https:\/\/para-pharmacity.tn\/index.php?rest_route=%2Fwp%2Fv2%2Fproduct_cat&post=16643"},{"taxonomy":"product_tag","embeddable":true,"href":"https:\/\/para-pharmacity.tn\/index.php?rest_route=%2Fwp%2Fv2%2Fproduct_tag&post=16643"}],"curies":[{"name":"wp","href":"https:\/\/api.w.org\/{rel}","templated":true}]}}