{"id":16642,"date":"2024-07-10T22:58:19","date_gmt":"2024-07-10T22:58:19","guid":{"rendered":"https:\/\/para-pharmacity.tn\/?product=dekar-shamp-douche-125-ml"},"modified":"2024-07-12T11:50:30","modified_gmt":"2024-07-12T11:50:30","slug":"dekar-shamp-douche-125-ml","status":"publish","type":"product","link":"https:\/\/para-pharmacity.tn\/?product=dekar-shamp-douche-125-ml","title":{"rendered":"DEKAR SHAMP DOUCHE 125 ML"},"content":{"rendered":"<h2><strong>Description<\/strong><\/h2>\n<div id=\"tab-description\" class=\"woocommerce-Tabs-panel woocommerce-Tabs-panel--description panel entry-content wc-tab\">\n<p>Le produit permet d\u2019\u00e9liminer les poux et les lentes des cheveux et du corps.<\/p>\n<p>Il cr\u00e9e un environnement hostile aux parasites.<\/p>\n<h2><strong>Conseils d&rsquo;utilisation<\/strong><\/h2>\n<p>Utiliser le produit sur les cheveux, le corps et le syst\u00e8me pileuses.<\/p>\n<p>Masser d\u00e9licatement le cuir chevelu en deliuant le shampooing avec de l&rsquo;eau.<\/p>\n<p>Laisser r\u00e9agir 5 minutes puis rincer \u00e0 l&rsquo;eau ti\u00e8de.<\/p>\n<p>A utiliser une fois par jour pendant 5 jours cons\u00e9cutifs ou selon les indications de votre m\u00e9decin.<\/p>\n<\/div>\n","protected":false},"excerpt":{"rendered":"<p>Description Le produit permet d\u2019\u00e9liminer les poux et les lentes des cheveux et du corps. Il cr\u00e9e un environnement hostile<\/p>\n","protected":false},"featured_media":22539,"comment_status":"open","ping_status":"closed","template":"","meta":[],"product_cat":[20],"product_tag":[],"class_list":{"0":"post-16642","1":"product","2":"type-product","3":"status-publish","4":"has-post-thumbnail","6":"product_cat-accessories","8":"first","9":"instock","10":"shipping-taxable","11":"product-type-simple"},"jetpack_sharing_enabled":true,"_links":{"self":[{"href":"https:\/\/para-pharmacity.tn\/index.php?rest_route=\/wp\/v2\/product\/16642","targetHints":{"allow":["GET"]}}],"collection":[{"href":"https:\/\/para-pharmacity.tn\/index.php?rest_route=\/wp\/v2\/product"}],"about":[{"href":"https:\/\/para-pharmacity.tn\/index.php?rest_route=\/wp\/v2\/types\/product"}],"replies":[{"embeddable":true,"href":"https:\/\/para-pharmacity.tn\/index.php?rest_route=%2Fwp%2Fv2%2Fcomments&post=16642"}],"version-history":[{"count":1,"href":"https:\/\/para-pharmacity.tn\/index.php?rest_route=\/wp\/v2\/product\/16642\/revisions"}],"predecessor-version":[{"id":22540,"href":"https:\/\/para-pharmacity.tn\/index.php?rest_route=\/wp\/v2\/product\/16642\/revisions\/22540"}],"wp:featuredmedia":[{"embeddable":true,"href":"https:\/\/para-pharmacity.tn\/index.php?rest_route=\/wp\/v2\/media\/22539"}],"wp:attachment":[{"href":"https:\/\/para-pharmacity.tn\/index.php?rest_route=%2Fwp%2Fv2%2Fmedia&parent=16642"}],"wp:term":[{"taxonomy":"product_cat","embeddable":true,"href":"https:\/\/para-pharmacity.tn\/index.php?rest_route=%2Fwp%2Fv2%2Fproduct_cat&post=16642"},{"taxonomy":"product_tag","embeddable":true,"href":"https:\/\/para-pharmacity.tn\/index.php?rest_route=%2Fwp%2Fv2%2Fproduct_tag&post=16642"}],"curies":[{"name":"wp","href":"https:\/\/api.w.org\/{rel}","templated":true}]}}