{"id":16641,"date":"2024-07-10T22:58:19","date_gmt":"2024-07-10T22:58:19","guid":{"rendered":"https:\/\/para-pharmacity.tn\/?product=deambulateur-articulee"},"modified":"2024-07-12T11:46:14","modified_gmt":"2024-07-12T11:46:14","slug":"deambulateur-articulee","status":"publish","type":"product","link":"https:\/\/para-pharmacity.tn\/?product=deambulateur-articulee","title":{"rendered":"DEAMBULATEUR ARTICULEE"},"content":{"rendered":"<p>\u2022 Cadre de marche adulte pliant et articul\u00e9. Il accompagne la marche de l&rsquo;utilisateur gr\u00e2ce \u00e0 la torsion possible du cadre.<br \/>\n\u2022 Facile \u00e0 plier.<br \/>\n\u2022 Encombrement r\u00e9duit.<br \/>\n\u2022 Finition anodis\u00e9e.<br \/>\n\u2022 Robuste.<\/p>\n","protected":false},"excerpt":{"rendered":"<p>\u2022 Cadre de marche adulte pliant et articul\u00e9. Il accompagne la marche de l&rsquo;utilisateur gr\u00e2ce \u00e0 la torsion possible du<\/p>\n","protected":false},"featured_media":22537,"comment_status":"open","ping_status":"closed","template":"","meta":[],"product_cat":[20],"product_tag":[],"class_list":{"0":"post-16641","1":"product","2":"type-product","3":"status-publish","4":"has-post-thumbnail","6":"product_cat-accessories","8":"first","9":"instock","10":"shipping-taxable","11":"product-type-simple"},"jetpack_sharing_enabled":true,"_links":{"self":[{"href":"https:\/\/para-pharmacity.tn\/index.php?rest_route=\/wp\/v2\/product\/16641","targetHints":{"allow":["GET"]}}],"collection":[{"href":"https:\/\/para-pharmacity.tn\/index.php?rest_route=\/wp\/v2\/product"}],"about":[{"href":"https:\/\/para-pharmacity.tn\/index.php?rest_route=\/wp\/v2\/types\/product"}],"replies":[{"embeddable":true,"href":"https:\/\/para-pharmacity.tn\/index.php?rest_route=%2Fwp%2Fv2%2Fcomments&post=16641"}],"version-history":[{"count":1,"href":"https:\/\/para-pharmacity.tn\/index.php?rest_route=\/wp\/v2\/product\/16641\/revisions"}],"predecessor-version":[{"id":22538,"href":"https:\/\/para-pharmacity.tn\/index.php?rest_route=\/wp\/v2\/product\/16641\/revisions\/22538"}],"wp:featuredmedia":[{"embeddable":true,"href":"https:\/\/para-pharmacity.tn\/index.php?rest_route=\/wp\/v2\/media\/22537"}],"wp:attachment":[{"href":"https:\/\/para-pharmacity.tn\/index.php?rest_route=%2Fwp%2Fv2%2Fmedia&parent=16641"}],"wp:term":[{"taxonomy":"product_cat","embeddable":true,"href":"https:\/\/para-pharmacity.tn\/index.php?rest_route=%2Fwp%2Fv2%2Fproduct_cat&post=16641"},{"taxonomy":"product_tag","embeddable":true,"href":"https:\/\/para-pharmacity.tn\/index.php?rest_route=%2Fwp%2Fv2%2Fproduct_tag&post=16641"}],"curies":[{"name":"wp","href":"https:\/\/api.w.org\/{rel}","templated":true}]}}