{"id":16640,"date":"2024-07-10T22:58:18","date_gmt":"2024-07-10T22:58:18","guid":{"rendered":"https:\/\/para-pharmacity.tn\/?product=daylong-ultra-face"},"modified":"2024-07-12T11:44:26","modified_gmt":"2024-07-12T11:44:26","slug":"daylong-ultra-face","status":"publish","type":"product","link":"https:\/\/para-pharmacity.tn\/?product=daylong-ultra-face","title":{"rendered":"DAYLONG ULTRA FACE"},"content":{"rendered":"<p>Daylong ultra face SPF 25 est une cr\u00e8me de jour \u00e0 double action qui combine la protection solaire optimale SPF 25 et l&rsquo;action anti-\u00e2ge.<\/p>\n<p>Elle est destin\u00e9 pour tous les types de peau qui recherchent une protection solaire quotidienne afin de lutter contre le photovieillissement \u00e0\u00a0 savoirs les taches et les ridules&#8230;)<\/p>\n<ul>\n<li>Elle pr\u00e9sente une parfaite base de maquillage<\/li>\n<li>Elle pr\u00e9sente une action antioxydante gr\u00e2ce \u00e0 sa formule riche en vitamine A, C et E<\/li>\n<li>Elle est test\u00e9 sous contr\u00f4le dermatologique : elle est hypoallerg\u00e9nique, sans paraben et non com\u00e9dog\u00e8ne.<\/li>\n<li>Plaisir et confort d\u2019utilisation<\/li>\n<li>Texture non collante et ne pique pas les yeux.<\/li>\n<\/ul>\n","protected":false},"excerpt":{"rendered":"<p>Daylong ultra face SPF 25 est une cr\u00e8me de jour \u00e0 double action qui combine la protection solaire optimale SPF<\/p>\n","protected":false},"featured_media":22534,"comment_status":"open","ping_status":"closed","template":"","meta":[],"product_cat":[20],"product_tag":[],"class_list":{"0":"post-16640","1":"product","2":"type-product","3":"status-publish","4":"has-post-thumbnail","6":"product_cat-accessories","8":"first","9":"instock","10":"shipping-taxable","11":"product-type-simple"},"jetpack_sharing_enabled":true,"_links":{"self":[{"href":"https:\/\/para-pharmacity.tn\/index.php?rest_route=\/wp\/v2\/product\/16640","targetHints":{"allow":["GET"]}}],"collection":[{"href":"https:\/\/para-pharmacity.tn\/index.php?rest_route=\/wp\/v2\/product"}],"about":[{"href":"https:\/\/para-pharmacity.tn\/index.php?rest_route=\/wp\/v2\/types\/product"}],"replies":[{"embeddable":true,"href":"https:\/\/para-pharmacity.tn\/index.php?rest_route=%2Fwp%2Fv2%2Fcomments&post=16640"}],"version-history":[{"count":1,"href":"https:\/\/para-pharmacity.tn\/index.php?rest_route=\/wp\/v2\/product\/16640\/revisions"}],"predecessor-version":[{"id":22535,"href":"https:\/\/para-pharmacity.tn\/index.php?rest_route=\/wp\/v2\/product\/16640\/revisions\/22535"}],"wp:featuredmedia":[{"embeddable":true,"href":"https:\/\/para-pharmacity.tn\/index.php?rest_route=\/wp\/v2\/media\/22534"}],"wp:attachment":[{"href":"https:\/\/para-pharmacity.tn\/index.php?rest_route=%2Fwp%2Fv2%2Fmedia&parent=16640"}],"wp:term":[{"taxonomy":"product_cat","embeddable":true,"href":"https:\/\/para-pharmacity.tn\/index.php?rest_route=%2Fwp%2Fv2%2Fproduct_cat&post=16640"},{"taxonomy":"product_tag","embeddable":true,"href":"https:\/\/para-pharmacity.tn\/index.php?rest_route=%2Fwp%2Fv2%2Fproduct_tag&post=16640"}],"curies":[{"name":"wp","href":"https:\/\/api.w.org\/{rel}","templated":true}]}}